{"id":13214,"date":"2013-04-16T07:06:48","date_gmt":"2013-04-16T07:06:48","guid":{"rendered":"http:\/\/w2.baztan.eus\/inicio\/"},"modified":"2013-04-16T07:06:48","modified_gmt":"2013-04-16T07:06:48","slug":"inicio","status":"publish","type":"page","link":"https:\/\/www.baztan.eus\/es\/inicio\/","title":{"rendered":"Inicio"},"content":{"rendered":"<ul class=\"secciones_portada tres\">\n<li><img loading=\"lazy\" decoding=\"async\" src=\"\/wp-content\/uploads\/imgs\/noticias.png\" alt=\"Noticias\" width=\"80\" height=\"80\" \/><br \/>\n<h3><a title=\"Noticias\" href=\"\/es\/gaurkotasuna\/albisteak\/\">Noticias<\/a><\/h3>\n<p>Toda la actualidad de nuestro pueblo.<\/li>\n<li><img loading=\"lazy\" decoding=\"async\" src=\"\/wp-content\/uploads\/imgs\/agenda.png\" alt=\"Agenda\" width=\"80\" height=\"80\" \/><br \/>\n<h3><a title=\"Agenda\" href=\"\/es\/gaurkotasuna\/agenda-2\/\">Agenda<\/a><\/h3>\n<p>Los pr\u00f3ximos eventos que se organizar\u00e1n en Baztan.<\/li>\n<li><img loading=\"lazy\" decoding=\"async\" src=\"\/wp-content\/uploads\/imgs\/tab_anun.png\" alt=\"Tabl\u00f3n de Anuncios\" width=\"80\" height=\"80\" \/><br \/>\n<h3><a title=\"Tabl\u00f3n de Anuncios\" href=\"\/es\/gaurkotasuna\/taula\/\">Tabl\u00f3n<\/a><\/h3>\n<p>Convocatorias, concursos, cert\u00e1menes.<\/li>\n<\/ul>\n<ul class=\"secciones_portada tres\">\n<li><img loading=\"lazy\" decoding=\"async\" src=\"\/wp-content\/uploads\/imgs\/sede_elec.png\" alt=\" \" width=\"80\" height=\"80\" \/><br \/>\n<h3><a title=\"Abre la sede electr\u00f3nica del Ayuntamiento de Baztan en nueva ventana\" href=\"https:\/\/sedeelectronica.baztan.eus\/es\/\" target=\"_blank\" rel=\"noopener noreferrer\">Sede electr\u00f3nica<\/a><\/h3>\n<p>Tr\u00e1mites, registro electr\u00f3nico, anuncios oficiales.<\/li>\n<li><img loading=\"lazy\" decoding=\"async\" src=\"\/wp-content\/uploads\/imgs\/instancias.png\" alt=\"Instancias\" width=\"80\" height=\"80\" \/><br \/>\n<h3><a title=\"Instancias\" href=\"\/es\/ayuntamiento\/eskari-ereduak\/\">Instancias<\/a><\/h3>\n<p>Modelos de documentos.<\/li>\n<li><img decoding=\"async\" src=\"\/wp-content\/uploads\/imgs\/alcsa_resp.png\" alt=\" \" \/><br \/>\n<h3><a title=\"El alcalde responde\" href=\"\/es\/ayuntamiento\/alkate-andreak-erantzuten-du\/\">El alcalde responde<\/a><\/h3>\n<p>Realice cualquier pregunta o sugerencia a la alcaldesa.<\/li>\n<\/ul>\n<h2 class=\"destacamos\">Destacados<\/h2>\n","protected":false},"excerpt":{"rendered":"<p>Noticias Toda la actualidad de nuestro pueblo. Agenda Los pr\u00f3ximos eventos que se organizar\u00e1n en Baztan. Tabl\u00f3n Convocatorias, concursos, cert\u00e1menes. Sede electr\u00f3nica Tr\u00e1mites, registro electr\u00f3nico, anuncios oficiales. Instancias Modelos de documentos. El alcalde responde Realice cualquier pregunta o sugerencia a la alcaldesa. Destacados<\/p>\n","protected":false},"author":1,"featured_media":0,"parent":0,"menu_order":7,"comment_status":"closed","ping_status":"closed","template":"","meta":{"_exactmetrics_skip_tracking":false,"_exactmetrics_sitenote_active":false,"_exactmetrics_sitenote_note":"","_exactmetrics_sitenote_category":0,"footnotes":""},"class_list":["post-13214","page","type-page","status-publish","hentry"],"_links":{"self":[{"href":"https:\/\/www.baztan.eus\/es\/wp-json\/wp\/v2\/pages\/13214","targetHints":{"allow":["GET"]}}],"collection":[{"href":"https:\/\/www.baztan.eus\/es\/wp-json\/wp\/v2\/pages"}],"about":[{"href":"https:\/\/www.baztan.eus\/es\/wp-json\/wp\/v2\/types\/page"}],"author":[{"embeddable":true,"href":"https:\/\/www.baztan.eus\/es\/wp-json\/wp\/v2\/users\/1"}],"replies":[{"embeddable":true,"href":"https:\/\/www.baztan.eus\/es\/wp-json\/wp\/v2\/comments?post=13214"}],"version-history":[{"count":0,"href":"https:\/\/www.baztan.eus\/es\/wp-json\/wp\/v2\/pages\/13214\/revisions"}],"wp:attachment":[{"href":"https:\/\/www.baztan.eus\/es\/wp-json\/wp\/v2\/media?parent=13214"}],"curies":[{"name":"wp","href":"https:\/\/api.w.org\/{rel}","templated":true}]}}