{"id":13240,"date":"2013-04-17T13:43:29","date_gmt":"2013-04-17T11:43:29","guid":{"rendered":"http:\/\/w2.baztan.eus\/comisiones\/"},"modified":"2025-10-28T11:23:51","modified_gmt":"2025-10-28T11:23:51","slug":"comisiones","status":"publish","type":"page","link":"https:\/\/www.baztan.eus\/es\/ayuntamiento\/organizacion-municipal\/comisiones\/","title":{"rendered":"Comisiones"},"content":{"rendered":"<h4><\/h4>\n<p>&nbsp;<\/p>\n<hr \/>\n<h4 style=\"text-align: center;\">COMISI\u00d3N GENERAL<\/h4>\n<hr \/>\n<p><strong>Presidente:<\/strong> Fernando Anbustegi Go\u00f1i (Alkatea).<\/p>\n<p><strong>Vocales:<\/strong><\/p>\n<ul>\n<li>Mariano Iribarren<\/li>\n<li>Gorka Urtasun<\/li>\n<li>Joseba Moreno<\/li>\n<li>I\u00f1igo Iturralde<\/li>\n<li>Pello Sarratea<\/li>\n<li>Anastasio Nagore<\/li>\n<li>Lander Santamaria<\/li>\n<\/ul>\n<p>&nbsp;<\/p>\n<hr \/>\n<h4 style=\"text-align: center;\">COMISI\u00d3N DE EUSKERA<\/h4>\n<hr \/>\n<p><strong>Presidente:<\/strong> Fernando Anbustegi Go\u00f1i (Alkatea).<\/p>\n<p><strong>Vocales:<\/strong><\/p>\n<ul>\n<li>Lorea Lizarreta<\/li>\n<li>Gorka Urtasun<\/li>\n<li>Florentino Go\u00f1i<\/li>\n<li>I\u00f1igo Iturralde<\/li>\n<li>Andoni Irigoyen<\/li>\n<li>Anastasio Nagore<\/li>\n<li>Lander Santamaria<\/li>\n<\/ul>\n<p>&nbsp;<\/p>\n<hr \/>\n<h4 style=\"text-align: center;\">COMISI\u00d3N DE CUENTAS Y HACIENDA<\/h4>\n<hr \/>\n<p><strong>Presidente:<\/strong> Fernando Anbustegi Go\u00f1i (Alkatea)<\/p>\n<p><strong>Vocales:<\/strong><\/p>\n<ul>\n<li>Mariano Iribarren<\/li>\n<li>Gorka Urtasun<\/li>\n<li>Florentino Go\u00f1i<\/li>\n<li>Joseba Moreno<\/li>\n<li>Pello Sarratea<\/li>\n<li>Anastasio Nagore<\/li>\n<li>Lander Santamaria<\/li>\n<\/ul>\n<p>&nbsp;<\/p>\n<hr \/>\n<h4 style=\"text-align: center;\">COMISI\u00d3N DE URBANISMO<\/h4>\n<hr \/>\n<p><strong>Presidente:<\/strong> Fernando Anbustegi Go\u00f1i (Alkatea)<\/p>\n<p><strong>Vocales:<\/strong><\/p>\n<ul>\n<li>Mariano Iribarren<\/li>\n<li>Alaitz Arretxea<\/li>\n<li>Joseba Moreno<\/li>\n<li>I\u00f1igo Iturralde<\/li>\n<li>Andoni Irigoyen<\/li>\n<li>Anastasio Nagore<\/li>\n<li>Lander Santamaria<\/li>\n<\/ul>\n<p>&nbsp;<\/p>\n","protected":false},"excerpt":{"rendered":"<p>&nbsp; COMISI\u00d3N GENERAL Presidente: Fernando Anbustegi Go\u00f1i (Alkatea). Vocales: Mariano Iribarren Gorka Urtasun Joseba Moreno I\u00f1igo Iturralde Pello Sarratea Anastasio Nagore Lander Santamaria &nbsp; COMISI\u00d3N DE EUSKERA Presidente: Fernando Anbustegi Go\u00f1i (Alkatea). Vocales: Lorea Lizarreta Gorka Urtasun Florentino Go\u00f1i I\u00f1igo Iturralde Andoni Irigoyen Anastasio Nagore Lander Santamaria &nbsp; COMISI\u00d3N DE CUENTAS Y HACIENDA Presidente: Fernando [&hellip;]<\/p>\n","protected":false},"author":49,"featured_media":0,"parent":13236,"menu_order":4,"comment_status":"closed","ping_status":"closed","template":"","meta":{"_exactmetrics_skip_tracking":false,"_exactmetrics_sitenote_active":false,"_exactmetrics_sitenote_note":"","_exactmetrics_sitenote_category":0,"footnotes":""},"class_list":["post-13240","page","type-page","status-publish","hentry"],"_links":{"self":[{"href":"https:\/\/www.baztan.eus\/es\/wp-json\/wp\/v2\/pages\/13240","targetHints":{"allow":["GET"]}}],"collection":[{"href":"https:\/\/www.baztan.eus\/es\/wp-json\/wp\/v2\/pages"}],"about":[{"href":"https:\/\/www.baztan.eus\/es\/wp-json\/wp\/v2\/types\/page"}],"author":[{"embeddable":true,"href":"https:\/\/www.baztan.eus\/es\/wp-json\/wp\/v2\/users\/49"}],"replies":[{"embeddable":true,"href":"https:\/\/www.baztan.eus\/es\/wp-json\/wp\/v2\/comments?post=13240"}],"version-history":[{"count":8,"href":"https:\/\/www.baztan.eus\/es\/wp-json\/wp\/v2\/pages\/13240\/revisions"}],"predecessor-version":[{"id":25903,"href":"https:\/\/www.baztan.eus\/es\/wp-json\/wp\/v2\/pages\/13240\/revisions\/25903"}],"up":[{"embeddable":true,"href":"https:\/\/www.baztan.eus\/es\/wp-json\/wp\/v2\/pages\/13236"}],"wp:attachment":[{"href":"https:\/\/www.baztan.eus\/es\/wp-json\/wp\/v2\/media?parent=13240"}],"curies":[{"name":"wp","href":"https:\/\/api.w.org\/{rel}","templated":true}]}}