{"id":13242,"date":"2013-04-17T13:44:32","date_gmt":"2013-04-17T11:44:32","guid":{"rendered":"http:\/\/w2.baztan.eus\/participacion-en-instituciones\/"},"modified":"2025-10-28T11:30:27","modified_gmt":"2025-10-28T11:30:27","slug":"participacion-en-instituciones","status":"publish","type":"page","link":"https:\/\/www.baztan.eus\/es\/ayuntamiento\/organizacion-municipal\/participacion-en-instituciones\/","title":{"rendered":"Participaci\u00f3n en Instituciones"},"content":{"rendered":"<p>&nbsp;<\/p>\n<hr \/>\n<h4 style=\"text-align: center;\">REPRESENTANTES DE LA CORPORACI\u00d3N EN \u00d3RGANOS COLEGIADOS<\/h4>\n<hr \/>\n<p>&nbsp;<\/p>\n<ul>\n<li><strong>Residencia de mayores Francisco Joaqu\u00edn Iriarte:<\/strong> Fernando Anbustegi, Lorea Lizarreta, Florentino Go\u00f1i, Pello Sarratea.<\/li>\n<\/ul>\n<p>&nbsp;<\/p>\n<ul>\n<li><strong>Comisi\u00f3n gestora de la ayuda nominativa de la residencia de mayores Francisco Joaqu\u00edn Iriarte:<\/strong> Fernando Anbustegi, Mariano Iribarren.<\/li>\n<\/ul>\n<p>&nbsp;<\/p>\n<ul>\n<li><strong>Centro de Salud de Elizondo:<\/strong> Fernando Anbustegi, Florentino Go\u00f1i, Andoni Irigoyen.<\/li>\n<\/ul>\n<p>&nbsp;<\/p>\n<ul>\n<li><strong>Baztan Ikastola:<\/strong> Fernando Anbustegi, Elisa Almandoz, I\u00f1igo Iturralde, Pello Sarratea.<\/li>\n<\/ul>\n<p>&nbsp;<\/p>\n<ul>\n<li><strong>Otras escuelas (Escuelas P\u00fablicas, Escuela P\u00fablica de Elizondo e IES Lekaroz):<\/strong> Fernando Anbustegi, Elisa Almandoz, Gorka Urtasun, I\u00f1igo Iturralde.<\/li>\n<\/ul>\n<p>&nbsp;<\/p>\n<ul>\n<li><strong>Sociedad de caza y pesca:<\/strong> Mariano Iribarren, Joseba Moreno.<\/li>\n<\/ul>\n<p>&nbsp;<\/p>\n<ul>\n<li><strong>Mancomunidad de Quinto Real:<\/strong> Fernando Anbustegi, Joseba Moreno.<\/li>\n<\/ul>\n<p>&nbsp;<\/p>\n<ul>\n<li><strong>Mancomunidad de Erregerena:<\/strong> Fernando Anbustegi, Joseba Moreno.<\/li>\n<\/ul>\n<p>&nbsp;<\/p>\n<ul>\n<li><strong>Cederna Garalur:<\/strong> Fernando Anbustegi, Lorea Lizarreta.<\/li>\n<\/ul>\n<p>&nbsp;<\/p>\n<ul>\n<li><strong>ANIMSA:<\/strong> Fernando Anbustegi, Mariano Iribarren.<\/li>\n<\/ul>\n<p>&nbsp;<\/p>\n<ul>\n<li><strong>FNMC:<\/strong> Fernando Anbustegi, Mariano Iribarren.<\/li>\n<\/ul>\n<p>&nbsp;<\/p>\n<ul>\n<li><strong>UEMA:<\/strong> Fernando Anbustegi, Lorea Lizarreta, Alaitz Arretxea, I\u00f1igo Iturralde.<\/li>\n<\/ul>\n<p>&nbsp;<\/p>\n<ul>\n<li><strong>Museo Santxotena:<\/strong> Fernando Anbustegi, Gorka Urtasun, Joseba Moreno.<\/li>\n<\/ul>\n<p>&nbsp;<\/p>\n<ul>\n<li><strong>Uraren bailarak:<\/strong> Fernando Anbustegi, Joseba Moreno.<\/li>\n<\/ul>\n<p>&nbsp;<\/p>\n<ul>\n<li><strong>Remonte:<\/strong> Gorka Urtasun.<\/li>\n<\/ul>\n<p>&nbsp;<\/p>\n<ul>\n<li><strong>Bertiz:<\/strong> Gorka Urtasun.<\/li>\n<\/ul>\n<p>&nbsp;<\/p>\n<ul>\n<li><strong>Mancomunidad de Basuras:<\/strong> Mariano Iribarren.<\/li>\n<\/ul>\n<p>&nbsp;<\/p>\n<ul>\n<li><strong>Euskal Fondoa:<\/strong> Fernando Anbustegi.<\/li>\n<\/ul>\n<p>&nbsp;<\/p>\n<ul>\n<li><strong>Giltxaurdi SLU:<\/strong> presidente: Fernando Anbustegi; vicepresidente: I\u00f1igo Iturralde; secretario: Gorka Urtasun; vocales: Andoni Irigoyen, Anastasio Nagore.<\/li>\n<\/ul>\n<p>&nbsp;<\/p>\n<ul>\n<li><strong>Zaintza Lanak Baztan SL:<\/strong> Fernando Anbustegi, Lorea Lizarreta, Florentino Go\u00f1i, Pello Sarratea, Anastasio Nagore.<\/li>\n<\/ul>\n<p>&nbsp;<\/p>\n<ul>\n<li><strong>Lixura Baztan, SL:<\/strong> Fernando Anbustegi, Mariano Iribarren, I\u00f1igo Iturralde, Joseba Moreno, Andoni Irigoyen.<\/li>\n<\/ul>\n<p>&nbsp;<\/p>\n<ul>\n<li><strong>Comisi\u00f3n mixta de la ponencia de valoraci\u00f3n:<\/strong> Fernando Anbustegi, Mariano Iribarren, Florentino Go\u00f1i.<\/li>\n<\/ul>\n<p>&nbsp;<\/p>\n<p style=\"text-align: center;\"><strong>Los partidos que no tengan representaci\u00f3n en los \u00f3rganos colegiados podr\u00e1n estar presentes como oyentes.<\/strong><\/p>\n","protected":false},"excerpt":{"rendered":"<p>&nbsp; REPRESENTANTES DE LA CORPORACI\u00d3N EN \u00d3RGANOS COLEGIADOS &nbsp; Residencia de mayores Francisco Joaqu\u00edn Iriarte: Fernando Anbustegi, Lorea Lizarreta, Florentino Go\u00f1i, Pello Sarratea. &nbsp; Comisi\u00f3n gestora de la ayuda nominativa de la residencia de mayores Francisco Joaqu\u00edn Iriarte: Fernando Anbustegi, Mariano Iribarren. &nbsp; Centro de Salud de Elizondo: Fernando Anbustegi, Florentino Go\u00f1i, Andoni Irigoyen. &nbsp; [&hellip;]<\/p>\n","protected":false},"author":49,"featured_media":0,"parent":13236,"menu_order":5,"comment_status":"closed","ping_status":"closed","template":"","meta":{"_exactmetrics_skip_tracking":false,"_exactmetrics_sitenote_active":false,"_exactmetrics_sitenote_note":"","_exactmetrics_sitenote_category":0,"footnotes":""},"class_list":["post-13242","page","type-page","status-publish","hentry"],"_links":{"self":[{"href":"https:\/\/www.baztan.eus\/es\/wp-json\/wp\/v2\/pages\/13242","targetHints":{"allow":["GET"]}}],"collection":[{"href":"https:\/\/www.baztan.eus\/es\/wp-json\/wp\/v2\/pages"}],"about":[{"href":"https:\/\/www.baztan.eus\/es\/wp-json\/wp\/v2\/types\/page"}],"author":[{"embeddable":true,"href":"https:\/\/www.baztan.eus\/es\/wp-json\/wp\/v2\/users\/49"}],"replies":[{"embeddable":true,"href":"https:\/\/www.baztan.eus\/es\/wp-json\/wp\/v2\/comments?post=13242"}],"version-history":[{"count":6,"href":"https:\/\/www.baztan.eus\/es\/wp-json\/wp\/v2\/pages\/13242\/revisions"}],"predecessor-version":[{"id":25906,"href":"https:\/\/www.baztan.eus\/es\/wp-json\/wp\/v2\/pages\/13242\/revisions\/25906"}],"up":[{"embeddable":true,"href":"https:\/\/www.baztan.eus\/es\/wp-json\/wp\/v2\/pages\/13236"}],"wp:attachment":[{"href":"https:\/\/www.baztan.eus\/es\/wp-json\/wp\/v2\/media?parent=13242"}],"curies":[{"name":"wp","href":"https:\/\/api.w.org\/{rel}","templated":true}]}}