{"id":13280,"date":"2013-04-17T14:05:03","date_gmt":"2013-04-17T12:05:03","guid":{"rendered":"http:\/\/w2.baztan.eus\/paisajes\/"},"modified":"2013-04-17T14:05:03","modified_gmt":"2013-04-17T12:05:03","slug":"paisajes","status":"publish","type":"page","link":"https:\/\/www.baztan.eus\/es\/lugar-y-gentes\/geografia\/paisajes\/","title":{"rendered":"Paisajes"},"content":{"rendered":"<p><img loading=\"lazy\" decoding=\"async\" class=\"dcha alignright\" src=\"\/wp-content\/uploads\/2013\/04\/DSC_5265.jpg\" alt=\"Vista del Valle desde un bosque\" width=\"170\" height=\"119\" \/>El Valle de Baztan presenta un paisaje excepcional donde suaves monta\u00f1as perfilan su horizonte. Un regalo para la vista en el que helechales, pastos y bosques de hayas y robles colorean a su antojo este precioso lienzo sea cual sea la \u00e9poca del a\u00f1o. Ubicado en la denominada Navarra h\u00fameda, senderos, regatas y monta\u00f1as serpentean entre las t\u00edpicas bordas y caser\u00edos del paisaje baztan\u00e9s, mostr\u00e1ndonos como miles de a\u00f1os de interacci\u00f3n entre el ser humano y la naturaleza pueden conformar una unidad singular plena de armon\u00eda.<\/p>\n<p>Quince pueblos o Lugares se reparten en un \u00fanico municipio, el m\u00e1s extenso de Navarra. Una variedad de lugares, casas solariegas y palacios que son uno cuando se habla del Baztan. No existen deslindes, hitos ni mojones. Todos sus habitantes tienen aprovechamiento com\u00fan en las hierbas, pastos, aguas y cortes de le\u00f1a. Todos llevan el mismo escudo, y todos ellos, adem\u00e1s, son hidalgos de origen, es decir, nobles por el mero hecho de haber nacido en una tierra que en si misma tiene calidad de nobleza.<\/p>\n<p>Este paisaje intimista resguarda el patrimonio cultural de quienes han sabido conservar vivas sus readiciones y que, coloquialmente, se expresan a diario en la lengua milenaria Navarra, el euskera. Un paisaje, en resumen, donde los factores naturales y humanos se han fundido con tal intensidad que ni los avatares de la historia ni las adversas econom\u00edas de siglos han podido sustraer personalidad a esta tierra tan id\u00edlica como sugerente, tan misteriosa como hospitalaria. As\u00ed es el Valle de Baztan, apasionante y en igual medida, inolvidable.<\/p>\n<p><img loading=\"lazy\" decoding=\"async\" src=\"\/wp-content\/uploads\/2013\/04\/DSC_6662.jpg\" alt=\"Paisaje nevado del Valle\" width=\"170\" height=\"119\" \/>\u00a0\u00a0\u00a0\u00a0 \u00a0<img loading=\"lazy\" decoding=\"async\" src=\"\/wp-content\/uploads\/2013\/04\/DSC_5454.jpg\" alt=\"R\u00edo\" width=\"170\" height=\"120\" \/><\/p>\n","protected":false},"excerpt":{"rendered":"<p>El Valle de Baztan presenta un paisaje excepcional donde suaves monta\u00f1as perfilan su horizonte. Un regalo para la vista en el que helechales, pastos y bosques de hayas y robles colorean a su antojo este precioso lienzo sea cual sea la \u00e9poca del a\u00f1o. Ubicado en la denominada Navarra h\u00fameda, senderos, regatas y monta\u00f1as serpentean [&hellip;]<\/p>\n","protected":false},"author":87,"featured_media":0,"parent":13276,"menu_order":4,"comment_status":"closed","ping_status":"closed","template":"","meta":{"_exactmetrics_skip_tracking":false,"_exactmetrics_sitenote_active":false,"_exactmetrics_sitenote_note":"","_exactmetrics_sitenote_category":0,"footnotes":""},"class_list":["post-13280","page","type-page","status-publish","hentry"],"_links":{"self":[{"href":"https:\/\/www.baztan.eus\/es\/wp-json\/wp\/v2\/pages\/13280","targetHints":{"allow":["GET"]}}],"collection":[{"href":"https:\/\/www.baztan.eus\/es\/wp-json\/wp\/v2\/pages"}],"about":[{"href":"https:\/\/www.baztan.eus\/es\/wp-json\/wp\/v2\/types\/page"}],"author":[{"embeddable":true,"href":"https:\/\/www.baztan.eus\/es\/wp-json\/wp\/v2\/users\/87"}],"replies":[{"embeddable":true,"href":"https:\/\/www.baztan.eus\/es\/wp-json\/wp\/v2\/comments?post=13280"}],"version-history":[{"count":0,"href":"https:\/\/www.baztan.eus\/es\/wp-json\/wp\/v2\/pages\/13280\/revisions"}],"up":[{"embeddable":true,"href":"https:\/\/www.baztan.eus\/es\/wp-json\/wp\/v2\/pages\/13276"}],"wp:attachment":[{"href":"https:\/\/www.baztan.eus\/es\/wp-json\/wp\/v2\/media?parent=13280"}],"curies":[{"name":"wp","href":"https:\/\/api.w.org\/{rel}","templated":true}]}}