{"id":13290,"date":"2013-04-17T14:14:24","date_gmt":"2013-04-17T12:14:24","guid":{"rendered":"http:\/\/w2.baztan.eus\/amaiur\/"},"modified":"2013-04-17T14:14:24","modified_gmt":"2013-04-17T12:14:24","slug":"amaiur","status":"publish","type":"page","link":"https:\/\/www.baztan.eus\/es\/lugar-y-gentes\/geografia\/historia\/lugares\/amaiur\/","title":{"rendered":"Amaiur"},"content":{"rendered":"<p><strong><img loading=\"lazy\" decoding=\"async\" class=\"alignright\" src=\"\/wp-content\/uploads\/2013\/04\/Amaiur.jpg\" alt=\"Amaiurren bista panoramikoa\" width=\"180\" height=\"126\" \/>Altitud:<\/strong>\u00a0281 metros.<\/p>\n<p><strong>Poblaci\u00f3n en\u00a02005:<\/strong>\u00a0253 habitantes.<\/p>\n<p>Se encuentra a 58\u00a0<abbr title=\"kil\u00f3metros\">km<\/abbr>\u00a0de Pamplona. Llegamos por la N-121-B y cuando comenzamos a subir el puerto de Otsondo, un desv\u00edo a la derecha nos lleva a Amaiur.<\/p>\n<p><strong>Destaca de Amaiur:<\/strong><\/p>\n<p>La Villa de Amaiur se separ\u00f3 del Valle el a\u00f1o 1665 al que se anexion\u00f3 nuevamente tres siglos m\u00e1s tarde, en concreto, el a\u00f1o 1969.<\/p>\n<p>La entrada a la localidad est\u00e1 flanqueada por un arco de entrada que cumple las funciones de Portal, contribuyendo a definir los l\u00edmites del espacio urbano. Antes de este arco encontramos un crucero de finales del siglo XVII.<\/p>\n<p>Amaiur es un ejemplo t\u00edpico de\u00a0<strong>pueblo calle<\/strong>, de no m\u00e1s de medio kil\u00f3metro de longitud. La falta de alineaci\u00f3n y uniformidad de sus fachadas evita la monoton\u00eda y permite la obtenci\u00f3n de magn\u00edficas perspectivas. Su caser\u00edo ofrece gran variedad y riqueza arquitect\u00f3nica, ya que aparecen la mayor\u00eda de las categor\u00edas tipolog\u00edas del valle.<\/p>\n<p>Por otro lado tenemos que resaltar el empaque de la arquitectura palaciega que podemos observarla en las siguientes casas y palacios:<\/p>\n<ul>\n<li><strong>Palacio\u00a0<strong>Arretxea<\/strong>\u00a0<\/strong>(n\u00famero 45). Principal en el siglo XVI.<\/li>\n<li><strong>Palacio Borda<\/strong>. Obtuvo la categor\u00eda de cabo de armer\u00eda en 1728.<\/li>\n<li><strong>Casa Arriada<\/strong>. Donde se celebraban los batzarres en el siglo XVI.<\/li>\n<\/ul>\n<p>Pero sin lugar a duda el lugar m\u00e1s emblem\u00e1tico de Amaiur es el monolito que evoca el \u00faltimo intento de la dinast\u00eda navarra por recuperar su territorio. Su antiguo castillo, asediado encarnizadamente por el ej\u00e9rcito y la artiller\u00eda del Duque de N\u00e1jera y del Conde de Ler\u00edn, beaumonteses, fue defendido con obstinado hero\u00edsmo por la guarnici\u00f3n agramontesa a cargo del Alcaide Jaime Velaz de Medrano hasta que fue totalmente destruido en 1522.<\/p>\n<p>El emblema de la villa, a diferencia de la del resto del valle que es un ajedrezado, es la campana que se asocia al ajedrezado. Se dice que la misma simboliza el centinela del rey navarro ante la frontera francesa de Lapurdi. Se dice tambi\u00e9n que se trata de un recuerdo de la campana que serv\u00eda de aviso a la fuerza residente en el castillo para ponerlos al corriente de acontecimientos populares y civiles de la villa.<\/p>\n<p>La Iglesia de la localidad,\u00a0<strong>Iglesia de la Asunci\u00f3n<\/strong>, de origen medieval, ha sido reconstru\u00eda varias veces en los siglos XVI y XVIII. La iglesia posee un precioso \u00f3rgano rom\u00e1ntico \u00abCavaille-Coll\u00bb.<\/p>\n<p>La\u00a0<strong>fiestas patronales<\/strong>\u00a0se celebran en honor a su Patrona, la Asunci\u00f3n de Nuestra Se\u00f1ora, el 15 de agosto.<\/p>\n","protected":false},"excerpt":{"rendered":"<p>Altitud:\u00a0281 metros. Poblaci\u00f3n en\u00a02005:\u00a0253 habitantes. Se encuentra a 58\u00a0km\u00a0de Pamplona. Llegamos por la N-121-B y cuando comenzamos a subir el puerto de Otsondo, un desv\u00edo a la derecha nos lleva a Amaiur. Destaca de Amaiur: La Villa de Amaiur se separ\u00f3 del Valle el a\u00f1o 1665 al que se anexion\u00f3 nuevamente tres siglos m\u00e1s tarde, [&hellip;]<\/p>\n","protected":false},"author":87,"featured_media":0,"parent":13288,"menu_order":4,"comment_status":"closed","ping_status":"closed","template":"","meta":{"_exactmetrics_skip_tracking":false,"_exactmetrics_sitenote_active":false,"_exactmetrics_sitenote_note":"","_exactmetrics_sitenote_category":0,"footnotes":""},"class_list":["post-13290","page","type-page","status-publish","hentry"],"_links":{"self":[{"href":"https:\/\/www.baztan.eus\/es\/wp-json\/wp\/v2\/pages\/13290","targetHints":{"allow":["GET"]}}],"collection":[{"href":"https:\/\/www.baztan.eus\/es\/wp-json\/wp\/v2\/pages"}],"about":[{"href":"https:\/\/www.baztan.eus\/es\/wp-json\/wp\/v2\/types\/page"}],"author":[{"embeddable":true,"href":"https:\/\/www.baztan.eus\/es\/wp-json\/wp\/v2\/users\/87"}],"replies":[{"embeddable":true,"href":"https:\/\/www.baztan.eus\/es\/wp-json\/wp\/v2\/comments?post=13290"}],"version-history":[{"count":0,"href":"https:\/\/www.baztan.eus\/es\/wp-json\/wp\/v2\/pages\/13290\/revisions"}],"up":[{"embeddable":true,"href":"https:\/\/www.baztan.eus\/es\/wp-json\/wp\/v2\/pages\/13288"}],"wp:attachment":[{"href":"https:\/\/www.baztan.eus\/es\/wp-json\/wp\/v2\/media?parent=13290"}],"curies":[{"name":"wp","href":"https:\/\/api.w.org\/{rel}","templated":true}]}}