{"id":13294,"date":"2013-04-17T14:14:43","date_gmt":"2013-04-17T12:14:43","guid":{"rendered":"http:\/\/w2.baztan.eus\/arraioz\/"},"modified":"2013-04-17T14:14:43","modified_gmt":"2013-04-17T12:14:43","slug":"arraioz","status":"publish","type":"page","link":"https:\/\/www.baztan.eus\/es\/lugar-y-gentes\/geografia\/historia\/lugares\/arraioz\/","title":{"rendered":"Arraioz"},"content":{"rendered":"<p><img loading=\"lazy\" decoding=\"async\" class=\"alignright\" src=\"\/wp-content\/uploads\/2013\/04\/Arraioz.jpg\" alt=\"Arraiozen bista panoramikoa\" width=\"170\" height=\"129\" \/><\/p>\n<p><strong>Altitud:<\/strong>\u00a0233 metros.<\/p>\n<p><strong>Poblaci\u00f3n en\u00a02005:<\/strong>\u00a0229 habitantes.<\/p>\n<p>Se encuentra a 45\u00a0<abbr title=\"kil\u00f3metros\">Km<\/abbr>\u00a0de Pamplona y se llega a Arraioz a trav\u00e9s de la N-121-B, que atraviesa el pueblo. Arraioz tiene un barrio, Mardea.<\/p>\n<p><strong>Destaca en Arraioz:<\/strong><\/p>\n<p>Desde el exterior de la localidad, los palacios de Jauregizahar (se puede observar desde la propia carretera que atraviesa el pueblo, a la izquierda), Jauregia de Vicu\u00f1a (junto a la iglesia) y Zubiria (al lado del r\u00edo):<\/p>\n<ul>\n<li><strong>Palacio de Jauregizahar.<\/strong>\u00a0Palacio cabo de armer\u00eda de n\u00f3mina antigua. Mantiene el aspecto original de torre armera medieval. En esta construcci\u00f3n, sobre dos cuerpos de piedra, en los que abren vanos geminados y rectangulares, se alza una interesante estructura de madera vista que se conserva en buen estado. Culmina el edificio un palomar cuadrangular.<\/li>\n<li><strong>Palacio de Zubiria.<\/strong>\u00a0Palacio cabo de armer\u00eda de n\u00f3mina antigua. Mantiene el aspecto original de torre armera medieval.<\/li>\n<li><strong>Palacio Jauregia de Vicu\u00f1a.<\/strong>\u00a0Palacio cabo de armer\u00eda. Es el m\u00e1s antiguo de la localidad.<\/li>\n<\/ul>\n<p>En Arraioz, junto a la iglesia, nos encontramos la plaza de guante o\u00a0<strong>laxoa<\/strong>\u00a0m\u00e1s bonita de las que se conservan. En ella podremos admirar la modalidad de pelota vasca m\u00e1s antigua que perdura en la actualidad.<\/p>\n<p>La iglesia del Lugar est\u00e1 dedicada a Nuestra Se\u00f1ora de la Asunci\u00f3n. Es una construcci\u00f3n barroca con retablos neocl\u00e1sicos en su interior y losas sepulcrales en el atrio porticado. En su jard\u00edn se pueden contemplar unos elementos muy singulares, las\u00a0<strong>estelas discoideas<\/strong>.<\/p>\n<p>En Arraioz, en el mes de mayo, se celebra la ceremonia denominada \u00ab<strong>Erreginak eta saratsak<\/strong>\u00ab. Consiste en la reuni\u00f3n de cinco o seis ni\u00f1as que eligen la reina para ese a\u00f1o. Adornan a \u00e9sta con una corona de flores, llevando las acompa\u00f1antes una banda de seda en el pecho. Una de ellas toca la pandereta y las dem\u00e1s cantan coplas de cuestaci\u00f3n delante de las casas principales. Esta tradici\u00f3n sigue el esquema de una presentaci\u00f3n ritual, su sentido inici\u00e1tico queda reforzado con la menci\u00f3n de ciertos \u00e1rboles y la aparente identificaci\u00f3n de las muchachas con ellos. El \u00e1rbol est\u00e1 unido en su simbolog\u00eda a la fertilidad de la tierra y tambi\u00e9n, por extensi\u00f3n, de la mujer.<\/p>\n<p>Las\u00a0<strong>fiestas patronales<\/strong>\u00a0se celebran el primer domingo de septiembre.<\/p>\n","protected":false},"excerpt":{"rendered":"<p>Altitud:\u00a0233 metros. Poblaci\u00f3n en\u00a02005:\u00a0229 habitantes. Se encuentra a 45\u00a0Km\u00a0de Pamplona y se llega a Arraioz a trav\u00e9s de la N-121-B, que atraviesa el pueblo. Arraioz tiene un barrio, Mardea. Destaca en Arraioz: Desde el exterior de la localidad, los palacios de Jauregizahar (se puede observar desde la propia carretera que atraviesa el pueblo, a la [&hellip;]<\/p>\n","protected":false},"author":87,"featured_media":0,"parent":13288,"menu_order":7,"comment_status":"closed","ping_status":"closed","template":"","meta":{"_exactmetrics_skip_tracking":false,"_exactmetrics_sitenote_active":false,"_exactmetrics_sitenote_note":"","_exactmetrics_sitenote_category":0,"footnotes":""},"class_list":["post-13294","page","type-page","status-publish","hentry"],"_links":{"self":[{"href":"https:\/\/www.baztan.eus\/es\/wp-json\/wp\/v2\/pages\/13294","targetHints":{"allow":["GET"]}}],"collection":[{"href":"https:\/\/www.baztan.eus\/es\/wp-json\/wp\/v2\/pages"}],"about":[{"href":"https:\/\/www.baztan.eus\/es\/wp-json\/wp\/v2\/types\/page"}],"author":[{"embeddable":true,"href":"https:\/\/www.baztan.eus\/es\/wp-json\/wp\/v2\/users\/87"}],"replies":[{"embeddable":true,"href":"https:\/\/www.baztan.eus\/es\/wp-json\/wp\/v2\/comments?post=13294"}],"version-history":[{"count":0,"href":"https:\/\/www.baztan.eus\/es\/wp-json\/wp\/v2\/pages\/13294\/revisions"}],"up":[{"embeddable":true,"href":"https:\/\/www.baztan.eus\/es\/wp-json\/wp\/v2\/pages\/13288"}],"wp:attachment":[{"href":"https:\/\/www.baztan.eus\/es\/wp-json\/wp\/v2\/media?parent=13294"}],"curies":[{"name":"wp","href":"https:\/\/api.w.org\/{rel}","templated":true}]}}