{"id":13302,"date":"2013-04-17T14:15:12","date_gmt":"2013-04-17T12:15:12","guid":{"rendered":"http:\/\/w2.baztan.eus\/elbete\/"},"modified":"2013-04-17T14:15:12","modified_gmt":"2013-04-17T12:15:12","slug":"elbete","status":"publish","type":"page","link":"https:\/\/www.baztan.eus\/es\/lugar-y-gentes\/geografia\/historia\/lugares\/elbete\/","title":{"rendered":"Elbete"},"content":{"rendered":"<p><img loading=\"lazy\" decoding=\"async\" class=\"alignright\" src=\"\/wp-content\/uploads\/2013\/04\/Elbete.jpg\" alt=\"Elbete\" width=\"180\" height=\"123\" \/><strong>Altitud:<\/strong>\u00a0200 metros.<\/p>\n<p><strong>Poblaci\u00f3n en\u00a02005:<\/strong>\u00a0234 habitantes.<\/p>\n<p>Se encuentra a 50\u00a0<abbr title=\"kil\u00f3metros\">km<\/abbr>\u00a0de Pamplona, pegado a Elizondo, y la N-121-B atraviesa el pueblo.<\/p>\n<p><strong>Destacamos de Elbete:<\/strong><\/p>\n<p>Resaltar el empaque de la arquitectura palaciega que podemos observarla en las siguientes casas y palacios:<\/p>\n<ul>\n<li><strong>Palacio de Jarola<\/strong>. Palacio cabo de armer\u00eda. Se comenz\u00f3 a construir en el siglo XVII. Se trata de un magn\u00edfico edificio de estilo barroco con fachada de siller\u00eda. Es uno de los solares m\u00e1s nobles de Baztan.<\/li>\n<li><strong>Palacio de Askoa<\/strong>. Palacio cabo de armer\u00eda. Su elegante portada est\u00e1 adornada con columnas cl\u00e1sicas y balc\u00f3n blasonado. En el t\u00e9rmino, junto al puente, se reun\u00eda la Junta General del Valle en\u00a0Batzarre\u00a0para tratar de las cuestiones que afectaban al Valle.<\/li>\n<\/ul>\n<p>Es rese\u00f1able la\u00a0<strong>Iglesia de Santa Cruz<\/strong>\u00a0cuyo retablo de la capilla mayor es obra de Juan de Gazteluzar, disc\u00edpulo del afamado Anchieta. El Arc\u00e1ngel San Miguel que se encuentra en su interior es una de las mejores iconograf\u00edas de la escultura romanista.<\/p>\n<p>Detr\u00e1s de la iglesia se encuentra un lavadero, que dejo de utilizarse recientemente, y alguna estelas discoideas que quedan en los alrededores de la misma.<\/p>\n<p>Las\u00a0<strong>fiestas patronales<\/strong>\u00a0se celebran en honor a su Patrona, Santa Cruz, el 14 de septiembre.<\/p>\n","protected":false},"excerpt":{"rendered":"<p>Altitud:\u00a0200 metros. Poblaci\u00f3n en\u00a02005:\u00a0234 habitantes. Se encuentra a 50\u00a0km\u00a0de Pamplona, pegado a Elizondo, y la N-121-B atraviesa el pueblo. Destacamos de Elbete: Resaltar el empaque de la arquitectura palaciega que podemos observarla en las siguientes casas y palacios: Palacio de Jarola. Palacio cabo de armer\u00eda. Se comenz\u00f3 a construir en el siglo XVII. Se trata [&hellip;]<\/p>\n","protected":false},"author":87,"featured_media":0,"parent":13288,"menu_order":15,"comment_status":"closed","ping_status":"closed","template":"","meta":{"_exactmetrics_skip_tracking":false,"_exactmetrics_sitenote_active":false,"_exactmetrics_sitenote_note":"","_exactmetrics_sitenote_category":0,"footnotes":""},"class_list":["post-13302","page","type-page","status-publish","hentry"],"_links":{"self":[{"href":"https:\/\/www.baztan.eus\/es\/wp-json\/wp\/v2\/pages\/13302","targetHints":{"allow":["GET"]}}],"collection":[{"href":"https:\/\/www.baztan.eus\/es\/wp-json\/wp\/v2\/pages"}],"about":[{"href":"https:\/\/www.baztan.eus\/es\/wp-json\/wp\/v2\/types\/page"}],"author":[{"embeddable":true,"href":"https:\/\/www.baztan.eus\/es\/wp-json\/wp\/v2\/users\/87"}],"replies":[{"embeddable":true,"href":"https:\/\/www.baztan.eus\/es\/wp-json\/wp\/v2\/comments?post=13302"}],"version-history":[{"count":0,"href":"https:\/\/www.baztan.eus\/es\/wp-json\/wp\/v2\/pages\/13302\/revisions"}],"up":[{"embeddable":true,"href":"https:\/\/www.baztan.eus\/es\/wp-json\/wp\/v2\/pages\/13288"}],"wp:attachment":[{"href":"https:\/\/www.baztan.eus\/es\/wp-json\/wp\/v2\/media?parent=13302"}],"curies":[{"name":"wp","href":"https:\/\/api.w.org\/{rel}","templated":true}]}}