{"id":13304,"date":"2013-04-17T14:15:25","date_gmt":"2013-04-17T12:15:25","guid":{"rendered":"http:\/\/w2.baztan.eus\/elizondo\/"},"modified":"2013-04-17T14:15:25","modified_gmt":"2013-04-17T12:15:25","slug":"elizondo","status":"publish","type":"page","link":"https:\/\/www.baztan.eus\/es\/lugar-y-gentes\/geografia\/historia\/lugares\/elizondo\/","title":{"rendered":"Elizondo"},"content":{"rendered":"<p><img loading=\"lazy\" decoding=\"async\" class=\"alignright\" src=\"\/wp-content\/uploads\/2013\/04\/elizondo_nevado.jpg\" alt=\"Vista de Elizondo nevado\" width=\"180\" height=\"122\" \/><strong>Altitud:<\/strong>\u00a0200 metros.<\/p>\n<p><strong>Poblaci\u00f3n en\u00a02005:<\/strong>\u00a03.335 habitantes.<\/p>\n<p>Se encuentra a 50\u00a0<abbr title=\"kil\u00f3metros\">km<\/abbr>\u00a0de Pamplona, y se accede a \u00e9l por la N-121-B. En Elizondo se encuentra el Ayuntamiento del Valle, sede administrativa del municipio y tambi\u00e9n la mayor parte de comercios del Valle. Cuenta con cinco barrios;\u00a0Antzanborda,Beartzun, Berro, Quinto Real y\u00a0Etxaide.<\/p>\n<p><strong>Destaca de Elizondo:<\/strong><\/p>\n<p>Elizondo es la localidad donde se concentra la mayor\u00eda de establecimientos de servicios del valle. Al margen de esta nota de car\u00e1cter pr\u00e1ctico, nuestra visita se adentrar\u00e1 en la parte m\u00e1s antigua del pueblo entre las calles Jaime Urrutia y Braulio Iriarte. En este paseo encontraremos establecimientos de car\u00e1cter t\u00edpico, as\u00ed como la posibilidad de adquirir productos artesanos.<\/p>\n<p>Podremos observar las siguientes casas y palacios:<\/p>\n<ul>\n<li><strong>Paularena<\/strong>\u00a0(Casa Santiago, n\u00famero 13). Ejemplo de arquitectura decimon\u00f3nica.<\/li>\n<li><strong>Casa Consistorial<\/strong>\u00a0(Calle Jaime Urrutia, n\u00famero 12). Ejemplo de arquitectura decimon\u00f3nica y bello edificio de fachada de siller\u00eda.<\/li>\n<li><strong>Casa noble Arizkunenea<\/strong>\u00a0(Calle Jaime Urrutia, n\u00famero 14). Construida en 1730, de estilo barroco que recuerda a los palacetes franceses de la \u00e9poca.<\/li>\n<li><strong>Palacio de Arozarena<\/strong>\u00a0(Calle Jaime Urrutia, n\u00famero 17). Palacio cabo de armer\u00eda. Noble edificio barroco del siglo XVII.<\/li>\n<li><strong>Casa Poskonea<\/strong>\u00a0(Calle Jaime Urrutia, n\u00famero 43). Edificio de importante entidad arquitect\u00f3nica.<\/li>\n<li><strong>Casa Istekonea<\/strong>\u00a0(frente al n\u00famero 46 de la Calle Jaime Urrutia). Edificio de importante entidad arquitect\u00f3nica en el que destaca su escudo que ocupa un lugar destacado en la fachada.<\/li>\n<li><strong>Casa Apezenea<\/strong>\u00a0(Calle Jaime Urrutia, n\u00famero 51). Cuya fachada luce un escudo de la segunda mitad del siglo XVIII.<\/li>\n<li><strong>Casa Puriosenea<\/strong>\u00a0(Calle Braulio Iriarte, n\u00famero 36). Edificio de finales del siglo XV o comienzos del XVI con elementos de g\u00f3tico final.<\/li>\n<li><strong>Palacio Datue.<\/strong>\u00a0Palacio cabo de armer\u00eda. Construido en sobrio estilo barroco entre los siglos XVII-XVIII.<\/li>\n<\/ul>\n<p>En su plaza, localizada frente a la Casa Consistorial, el d\u00eda del Patr\u00f3n (D\u00eda 25 de julio, Santiago Apostol), tras la Misa Mayor, podemos ver bailar las mutildantzas.<\/p>\n<p>Elizondo presenta bellos rincones con un encanto especial en los que podremos apreciar la singularidad de esta localidad. A trav\u00e9s de ellos conseguiremos distintas perspectivas que nos har\u00e1n creer que estamos ante uno de los m\u00e1s bellos lugares que hayamos podido visitar:<\/p>\n<ul>\n<li><strong>Trasera de la Casa Arizkunenea.<\/strong>\u00a0Desde este rinc\u00f3n se puede admirar uno de los m\u00e1s bellos pasajes del r\u00edo Baztan, lugar ideal para obtener unas instant\u00e1neas de las traseras de la calle Jaime Urrutia reflejadas en el r\u00edo.<\/li>\n<li><strong>Plaza de la Coral de Elizondo<\/strong>\u00a0(entre el Ayuntamiento y la Casa Arizkunenea). Encabezada por una fuente que alberga una obra del escultor Xabier\u00a0Santxotena.<\/li>\n<li><strong>Los arcos de la calle Jaime Urrutia<\/strong>. Unos bonitos soportales inmortalizados por el pintor Javier Ciga en su cuadro \u00abEl Mercado de Elizondo\u00bb.<\/li>\n<li><strong>\u00daltimo tramo de la calle Jaime Urrutia<\/strong>, desde el que podremos admirar los bellos edificios de la calle Braulio Iriarte.<\/li>\n<li><strong>Puente\u00a0Antxitonea.<\/strong>\u00a0Desde \u00e9l podremos fotografiar uno de los rincones con m\u00e1s encanto del pueblo.<\/li>\n<\/ul>\n<p>En Elizondo todav\u00eda hoy es posible admirar edificios y establecimientos que conservan todo el recuerdo de nuestra ni\u00f1ez, valgan como ejemplos:<\/p>\n<ul>\n<li><strong>Trinquete\u00a0<strong>Antxitonea<\/strong>\u00a0<\/strong>(recientemente remodelado). Bella instalaci\u00f3n deportiva en el que puede ver campeonatos de pelota en un entorno especial.<\/li>\n<li>Establecimientos comerciales con encanto.<\/li>\n<\/ul>\n<p>Se celebran dos importantes\u00a0<strong>Ferias de ganado<\/strong>, una en primavera y otra en octubre. En ellas podremos contemplar bellos ejemplares de ganado aut\u00f3ctono, como son vacas de raza pirenaica, pottokas (peque\u00f1os caballos),\u00a0<abbr title=\"etc\u00e9tera\">etc<\/abbr>. A la vez que se celebra la feria de ganado se concentran gran cantidad de vendedores ambulantes que colocan sus puestos de venta a lo largo de las calles de Elizondo.<\/p>\n<p>Junto a la plaza del mercado se encuentra la plaza de largo. En ella podremos admirar la modalidad de pelota vasca m\u00e1s antigua que perdura en la actualidad: Laxoa o guante, siendo Baztan y Malderreka las \u00fanicas zonas donde se conserva.<\/p>\n<p>Las\u00a0<strong>fiestas patronales<\/strong>\u00a0se celebran en honor a su Patr\u00f3n, Santiago Apostol, el d\u00eda 25 de julio.<\/p>\n","protected":false},"excerpt":{"rendered":"<p>Altitud:\u00a0200 metros. Poblaci\u00f3n en\u00a02005:\u00a03.335 habitantes. Se encuentra a 50\u00a0km\u00a0de Pamplona, y se accede a \u00e9l por la N-121-B. En Elizondo se encuentra el Ayuntamiento del Valle, sede administrativa del municipio y tambi\u00e9n la mayor parte de comercios del Valle. Cuenta con cinco barrios;\u00a0Antzanborda,Beartzun, Berro, Quinto Real y\u00a0Etxaide. Destaca de Elizondo: Elizondo es la localidad donde [&hellip;]<\/p>\n","protected":false},"author":87,"featured_media":0,"parent":13288,"menu_order":16,"comment_status":"closed","ping_status":"closed","template":"","meta":{"_exactmetrics_skip_tracking":false,"_exactmetrics_sitenote_active":false,"_exactmetrics_sitenote_note":"","_exactmetrics_sitenote_category":0,"footnotes":""},"class_list":["post-13304","page","type-page","status-publish","hentry"],"_links":{"self":[{"href":"https:\/\/www.baztan.eus\/es\/wp-json\/wp\/v2\/pages\/13304","targetHints":{"allow":["GET"]}}],"collection":[{"href":"https:\/\/www.baztan.eus\/es\/wp-json\/wp\/v2\/pages"}],"about":[{"href":"https:\/\/www.baztan.eus\/es\/wp-json\/wp\/v2\/types\/page"}],"author":[{"embeddable":true,"href":"https:\/\/www.baztan.eus\/es\/wp-json\/wp\/v2\/users\/87"}],"replies":[{"embeddable":true,"href":"https:\/\/www.baztan.eus\/es\/wp-json\/wp\/v2\/comments?post=13304"}],"version-history":[{"count":0,"href":"https:\/\/www.baztan.eus\/es\/wp-json\/wp\/v2\/pages\/13304\/revisions"}],"up":[{"embeddable":true,"href":"https:\/\/www.baztan.eus\/es\/wp-json\/wp\/v2\/pages\/13288"}],"wp:attachment":[{"href":"https:\/\/www.baztan.eus\/es\/wp-json\/wp\/v2\/media?parent=13304"}],"curies":[{"name":"wp","href":"https:\/\/api.w.org\/{rel}","templated":true}]}}