{"id":13306,"date":"2013-04-17T14:15:29","date_gmt":"2013-04-17T12:15:29","guid":{"rendered":"http:\/\/w2.baztan.eus\/erratzu\/"},"modified":"2013-04-17T14:15:29","modified_gmt":"2013-04-17T12:15:29","slug":"erratzu","status":"publish","type":"page","link":"https:\/\/www.baztan.eus\/es\/lugar-y-gentes\/geografia\/historia\/lugares\/erratzu\/","title":{"rendered":"Erratzu"},"content":{"rendered":"<p><img loading=\"lazy\" decoding=\"async\" class=\"alignright\" src=\"\/wp-content\/uploads\/2013\/04\/Erratzu.jpg\" alt=\"Erratzuren bista panoramikoa\" width=\"170\" height=\"113\" \/><strong><strong>Altitud:<\/strong>\u00a0<\/strong>300 metros.<\/p>\n<p><strong>Poblaci\u00f3n en\u00a02005:<\/strong>\u00a0489 habitantes.<\/p>\n<p>Erratzu se encuentra a 58\u00a0<abbr title=\"kil\u00f3metros\">km<\/abbr>\u00a0de Pamplona y para llegar a \u00e9l hay que seguir la N-121-B, hasta que un desv\u00edo, nos indique la NA-2600 a la derecha. Erratzu cuenta con dos barrios, Gorostapolo\u00a0e I\u00f1arbil.<\/p>\n<p><strong>Destaca de Erratzu:<\/strong><\/p>\n<p>Por otro lado, tenemos que resaltar el empaque de la arquitectura palaciega que podemos observarla en las siguientes casas y palacios:<\/p>\n<ul>\n<li><strong>Casa Palacio\u00a0<strong>Etxebeltzea<\/strong>\u00a0<\/strong>(n\u00famero 46). Palacio cabo de armer\u00eda.<\/li>\n<li><strong>Palacio\u00a0Apeztegia<\/strong>. Palacio cabo de armer\u00eda.<\/li>\n<li><strong>Palacio de I\u00f1arbil<\/strong>. Palacio cabo de armer\u00eda, de estilo barroco con dos torres.<\/li>\n<li><strong>Casa natal de los Gast\u00f3n de Iriarte<\/strong>. Se trata de un palacio reedificado en el siglo XVIII en el mismo estilo que el que nos encontramos Irurita. Presenta dos torres. Es la Antigua Aduana.<\/li>\n<\/ul>\n<p>En Erratzu nos encontramos con el ejemplo m\u00e1s representativo de la artesan\u00eda en madera de manos de\u00a0<strong>Santiago Oteiza<\/strong>\u00a0(casa n\u00famero 72). En este taller podemos apreciar la belleza del trabajo en la madera, especialmente el realizado en los \u00abkaikus\u00bb (recipientes de madera utilizados para la elaboraci\u00f3n del queso y la cuajada), cuya plasticidad y suavidad de formas nos llamar\u00e1 la atenci\u00f3n.<\/p>\n<p>No podemos dejar de mencionar el paisaje sonoro de la\u00a0<strong>cascada de Xorroxin<\/strong>, nacedero del R\u00edo Baztan, que una vez abandona el territorio municipal de Baztan adopta el nombre de R\u00edo Bidasoa. Accederemos a ella a trav\u00e9s del barrio de Gorostapolo. Podremos contemplar un bello espect\u00e1culo de la naturaleza, conservado en toda su integridad. Ligado a esta cascada se cuentan numerosas leyendas sobre las<strong>lamias<\/strong>.<\/p>\n<p>En el barrio de I\u00f1arbil nos encontramos con\u00a0<strong>Infernuko Zubia<\/strong>\u00a0(puente del infierno), ligado a una leyenda seg\u00fan la cual fue el propio diablo el que se tir\u00f3 de \u00e9l cuando comprob\u00f3 de que nunca ser\u00eda capaz de entender el euskera.<\/p>\n<p>En Erratzu podremos disfrutar de preciosas vistas de la vertiente monta\u00f1osa, para ello deberemos ascender al\u00a0<strong>collado de\u00a0<strong>Izpegi<\/strong>\u00a0<\/strong>a trav\u00e9s de una serpenteante carretera local.<\/p>\n<p>La iglesia, del siglo XVIII y dedicada a\u00a0<strong>San Pedro<\/strong>, tuvo que ser reconstruida y reamueblada despu\u00e9s de la tromba de agua de 1913 que arras\u00f3 la villa y parti\u00f3 la iglesia en dos mitades. Tiene un peque\u00f1o claustro de arquitectura popular. Destacamos la forma octogonal del campanario barroco y la forma tambi\u00e9n octogonal del \u00e1bside de la misma. Ambas estructuras ser\u00edan, al parecer, conservaci\u00f3n de la forma originaria de otras anteriores, tal vez de inspiraci\u00f3n templaria.<\/p>\n<p>Las\u00a0<strong>fiestas patronales<\/strong>\u00a0se celebran en honor a su Patr\u00f3n, San Pedro, el veintinueve de junio.<\/p>\n","protected":false},"excerpt":{"rendered":"<p>Altitud:\u00a0300 metros. Poblaci\u00f3n en\u00a02005:\u00a0489 habitantes. Erratzu se encuentra a 58\u00a0km\u00a0de Pamplona y para llegar a \u00e9l hay que seguir la N-121-B, hasta que un desv\u00edo, nos indique la NA-2600 a la derecha. Erratzu cuenta con dos barrios, Gorostapolo\u00a0e I\u00f1arbil. Destaca de Erratzu: Por otro lado, tenemos que resaltar el empaque de la arquitectura palaciega que [&hellip;]<\/p>\n","protected":false},"author":87,"featured_media":0,"parent":13288,"menu_order":18,"comment_status":"closed","ping_status":"closed","template":"","meta":{"_exactmetrics_skip_tracking":false,"_exactmetrics_sitenote_active":false,"_exactmetrics_sitenote_note":"","_exactmetrics_sitenote_category":0,"footnotes":""},"class_list":["post-13306","page","type-page","status-publish","hentry"],"_links":{"self":[{"href":"https:\/\/www.baztan.eus\/es\/wp-json\/wp\/v2\/pages\/13306","targetHints":{"allow":["GET"]}}],"collection":[{"href":"https:\/\/www.baztan.eus\/es\/wp-json\/wp\/v2\/pages"}],"about":[{"href":"https:\/\/www.baztan.eus\/es\/wp-json\/wp\/v2\/types\/page"}],"author":[{"embeddable":true,"href":"https:\/\/www.baztan.eus\/es\/wp-json\/wp\/v2\/users\/87"}],"replies":[{"embeddable":true,"href":"https:\/\/www.baztan.eus\/es\/wp-json\/wp\/v2\/comments?post=13306"}],"version-history":[{"count":0,"href":"https:\/\/www.baztan.eus\/es\/wp-json\/wp\/v2\/pages\/13306\/revisions"}],"up":[{"embeddable":true,"href":"https:\/\/www.baztan.eus\/es\/wp-json\/wp\/v2\/pages\/13288"}],"wp:attachment":[{"href":"https:\/\/www.baztan.eus\/es\/wp-json\/wp\/v2\/media?parent=13306"}],"curies":[{"name":"wp","href":"https:\/\/api.w.org\/{rel}","templated":true}]}}