{"id":13308,"date":"2013-04-17T14:15:57","date_gmt":"2013-04-17T12:15:57","guid":{"rendered":"http:\/\/w2.baztan.eus\/gartzain\/"},"modified":"2013-04-17T14:15:57","modified_gmt":"2013-04-17T12:15:57","slug":"gartzain","status":"publish","type":"page","link":"https:\/\/www.baztan.eus\/es\/lugar-y-gentes\/geografia\/historia\/lugares\/gartzain\/","title":{"rendered":"Gartzain"},"content":{"rendered":"<p><img loading=\"lazy\" decoding=\"async\" class=\"alignright\" src=\"\/wp-content\/uploads\/2013\/04\/Gartzain.jpg\" alt=\"Gartzainen bista panoramikoa\" width=\"170\" height=\"128\" \/><\/p>\n<div>\n<p><strong>Altitud:<\/strong>\u00a0235 metros.<\/p>\n<p><strong>Poblaci\u00f3n en\u00a02005:<\/strong>\u00a0221 habitantes.<\/p>\n<p>Se encuentra a 46\u00a0<abbr title=\"kil\u00f3metros\">km<\/abbr>\u00a0de Pamplona, por la N-121-B, y pasando Irurita, un kil\u00f3metro antes de Elizondo, hay que tomar un desv\u00edo a la derecha que indique\u00a0Gartzain.Gartzain\u00a0cuenta con tres barrios,\u00a0Aitzano,\u00a0Ariztegi\u00a0yEtxerri.<\/p>\n<p><strong>Destaca en\u00a0Gartzain:<\/strong><\/p>\n<p>Dentro de la casa tradicional de\u00a0Gartzain\u00a0no es f\u00e1cil distinguir aquellas que tienen car\u00e1cter noble de las que tienen un claro aspecto rural. As\u00ed nos encontramos con el<strong>Palacio de Iturbide<\/strong>\u00a0(n\u00famero 10, palacio cabo de armer\u00eda, siendo uno de los primeros solares nobles de Baztan), que tiene un aspecto similar al caser\u00edo. Situado en el barrio de\u00a0Aitzano, es cuna de conquistadores entre los que destacan Don Miguel de Iturbide y Don Agust\u00edn de Iturbide.<\/p>\n<p>En los edificios religiosos es rese\u00f1able la Iglesia de San Mart\u00edn de\u00a0Tours, una de las m\u00e1s antiguas del valle. El coro alto, realizado en madera de casta\u00f1o, contiene un relieve con una escena de San Mart\u00edn y el pobre.<\/p>\n<p>Las\u00a0<strong>fiestas patronales<\/strong>\u00a0se celebran el doce de octubre, festividad del Pilar.<\/p>\n<\/div>\n","protected":false},"excerpt":{"rendered":"<p>Altitud:\u00a0235 metros. Poblaci\u00f3n en\u00a02005:\u00a0221 habitantes. Se encuentra a 46\u00a0km\u00a0de Pamplona, por la N-121-B, y pasando Irurita, un kil\u00f3metro antes de Elizondo, hay que tomar un desv\u00edo a la derecha que indique\u00a0Gartzain.Gartzain\u00a0cuenta con tres barrios,\u00a0Aitzano,\u00a0Ariztegi\u00a0yEtxerri. Destaca en\u00a0Gartzain: Dentro de la casa tradicional de\u00a0Gartzain\u00a0no es f\u00e1cil distinguir aquellas que tienen car\u00e1cter noble de las que tienen un [&hellip;]<\/p>\n","protected":false},"author":87,"featured_media":0,"parent":13288,"menu_order":19,"comment_status":"closed","ping_status":"closed","template":"","meta":{"_exactmetrics_skip_tracking":false,"_exactmetrics_sitenote_active":false,"_exactmetrics_sitenote_note":"","_exactmetrics_sitenote_category":0,"footnotes":""},"class_list":["post-13308","page","type-page","status-publish","hentry"],"_links":{"self":[{"href":"https:\/\/www.baztan.eus\/es\/wp-json\/wp\/v2\/pages\/13308","targetHints":{"allow":["GET"]}}],"collection":[{"href":"https:\/\/www.baztan.eus\/es\/wp-json\/wp\/v2\/pages"}],"about":[{"href":"https:\/\/www.baztan.eus\/es\/wp-json\/wp\/v2\/types\/page"}],"author":[{"embeddable":true,"href":"https:\/\/www.baztan.eus\/es\/wp-json\/wp\/v2\/users\/87"}],"replies":[{"embeddable":true,"href":"https:\/\/www.baztan.eus\/es\/wp-json\/wp\/v2\/comments?post=13308"}],"version-history":[{"count":0,"href":"https:\/\/www.baztan.eus\/es\/wp-json\/wp\/v2\/pages\/13308\/revisions"}],"up":[{"embeddable":true,"href":"https:\/\/www.baztan.eus\/es\/wp-json\/wp\/v2\/pages\/13288"}],"wp:attachment":[{"href":"https:\/\/www.baztan.eus\/es\/wp-json\/wp\/v2\/media?parent=13308"}],"curies":[{"name":"wp","href":"https:\/\/api.w.org\/{rel}","templated":true}]}}