{"id":13310,"date":"2013-04-17T14:16:20","date_gmt":"2013-04-17T12:16:20","guid":{"rendered":"http:\/\/w2.baztan.eus\/irurita\/"},"modified":"2013-04-17T14:16:20","modified_gmt":"2013-04-17T12:16:20","slug":"irurita","status":"publish","type":"page","link":"https:\/\/www.baztan.eus\/es\/lugar-y-gentes\/geografia\/historia\/lugares\/irurita\/","title":{"rendered":"Irurita"},"content":{"rendered":"<p><img loading=\"lazy\" decoding=\"async\" class=\"alignright\" src=\"\/wp-content\/uploads\/2013\/04\/Irurita.jpg\" alt=\"Vista panor\u00e1mica de Irurita\" width=\"180\" height=\"123\" \/><strong>Altitud:<\/strong>\u00a0214 metros.<\/p>\n<p><strong>Poblaci\u00f3n en\u00a02005:<\/strong>\u00a0842 habitantes.<\/p>\n<p>Irurita est\u00e1 a 46\u00a0<abbr title=\"kil\u00f3metros\">km<\/abbr>\u00a0de Pamplona, y la N-121-B atraviesa el pueblo.<\/p>\n<p><strong>Lo mas destacado de Irurita es:<\/strong><\/p>\n<p>La plaza de Irurita, con su campo de Laxoa rodeado de bellas casas, forma un conjunto urbano bien conservado. Destaca la arquitectura que presenta su plaza. Rodeada de interesantes ejemplos de arquitectura popular y palaciega, ofrece muestras de estilo g\u00f3tico y barroco, en el Palacio del Marqu\u00e9s de Casa Torre, y el Gast\u00f3n de Iriarte. Un poco mas alejado del n\u00facleo urbano se encuentra el Palacio Dorrea, donde destaca su escalera lateral:<\/p>\n<ul>\n<li><strong>Palacio Dorrea o Jauregizahar<\/strong>\u00a0(Un poco alejado del n\u00facleo urbano, tomamos la calle que se encuentra a la izquierda de la plaza). Es uno de los doce palacios m\u00e1s antiguos del Reino de Navarra. Sus due\u00f1os se titulaban \u00abSe\u00f1ores de Baztan. Es llamativa su escalera lateral. Ha sido recientemente adquirido por el Ayuntamiento del Noble Valle y Universidad de Baztan (2001).<\/li>\n<li><strong>Casa Torreada de los Gast\u00f3n de Iriarte<\/strong>\u00a0(En la misma plaza). De estilo barroco. Lo identificamos por presentar dos torres, y en su fachada un \u00e1guila y dos escudos blasonados.<\/li>\n<li><strong>Palacio del Marqu\u00e9s de Casa Torre<\/strong>\u00a0(Tomando direcci\u00f3n a Elizondo, la \u00faltima casa en la orilla derecha de la carretera dentro del propio n\u00facleo urbano). De estilo g\u00f3tico. Se trata de una antigua torre medieval reconstruida a la que se a\u00f1adi\u00f3 en el siglo XVIII una construcci\u00f3n m\u00e1s c\u00f3moda.<\/li>\n<\/ul>\n<p>En Irurita todav\u00eda hoy es posible encontrarnos con elementos que nos recuerdan oficios de anta\u00f1o, ejemplo de ello es una peque\u00f1a\u00a0<strong>ferrer\u00eda<\/strong>. Se trata de un peque\u00f1o edificio de planta baja que presenta un porche cubierto que se utilizaba hasta hace poco para herrar el ganado y que es el \u00fanico ejemplo que se conserva en el valle.<\/p>\n<p>Las\u00a0<strong>fiestas patronales<\/strong>\u00a0se celebran en La Ascensi\u00f3n (mes de mayo).<\/p>\n","protected":false},"excerpt":{"rendered":"<p>Altitud:\u00a0214 metros. Poblaci\u00f3n en\u00a02005:\u00a0842 habitantes. Irurita est\u00e1 a 46\u00a0km\u00a0de Pamplona, y la N-121-B atraviesa el pueblo. Lo mas destacado de Irurita es: La plaza de Irurita, con su campo de Laxoa rodeado de bellas casas, forma un conjunto urbano bien conservado. Destaca la arquitectura que presenta su plaza. Rodeada de interesantes ejemplos de arquitectura popular [&hellip;]<\/p>\n","protected":false},"author":87,"featured_media":0,"parent":13288,"menu_order":20,"comment_status":"closed","ping_status":"closed","template":"","meta":{"_exactmetrics_skip_tracking":false,"_exactmetrics_sitenote_active":false,"_exactmetrics_sitenote_note":"","_exactmetrics_sitenote_category":0,"footnotes":""},"class_list":["post-13310","page","type-page","status-publish","hentry"],"_links":{"self":[{"href":"https:\/\/www.baztan.eus\/es\/wp-json\/wp\/v2\/pages\/13310","targetHints":{"allow":["GET"]}}],"collection":[{"href":"https:\/\/www.baztan.eus\/es\/wp-json\/wp\/v2\/pages"}],"about":[{"href":"https:\/\/www.baztan.eus\/es\/wp-json\/wp\/v2\/types\/page"}],"author":[{"embeddable":true,"href":"https:\/\/www.baztan.eus\/es\/wp-json\/wp\/v2\/users\/87"}],"replies":[{"embeddable":true,"href":"https:\/\/www.baztan.eus\/es\/wp-json\/wp\/v2\/comments?post=13310"}],"version-history":[{"count":0,"href":"https:\/\/www.baztan.eus\/es\/wp-json\/wp\/v2\/pages\/13310\/revisions"}],"up":[{"embeddable":true,"href":"https:\/\/www.baztan.eus\/es\/wp-json\/wp\/v2\/pages\/13288"}],"wp:attachment":[{"href":"https:\/\/www.baztan.eus\/es\/wp-json\/wp\/v2\/media?parent=13310"}],"curies":[{"name":"wp","href":"https:\/\/api.w.org\/{rel}","templated":true}]}}