{"id":13318,"date":"2013-04-17T14:18:47","date_gmt":"2013-04-17T12:18:47","guid":{"rendered":"http:\/\/w2.baztan.eus\/como-llegar\/"},"modified":"2021-05-06T09:03:42","modified_gmt":"2021-05-06T09:03:42","slug":"como-llegar","status":"publish","type":"page","link":"https:\/\/www.baztan.eus\/es\/turismo\/como-llegar\/","title":{"rendered":"C\u00f3mo llegar"},"content":{"rendered":"<h3><strong>DISTANCIA A DIFERENTES POBLACIONES<\/strong><\/h3>\n<p>Distancia a:<\/p>\n<ul>\n<li>Pamplona: 50\u00a0<abbr title=\"kil\u00f3metros\">km<\/abbr>.<\/li>\n<li>San Sebasti\u00e1n: 65 km.<\/li>\n<li>Vitoria-Gasteiz: 148 km.<\/li>\n<li>Bilbao: 165 km.<\/li>\n<li>Bayona: 50 km.<\/li>\n<li>San Juan de Luz: 57 km.<\/li>\n<li>Biarritz: 50 km.<\/li>\n<li>Hondarribia: 48 Km.<\/li>\n<li>Logro\u00f1o: 148 km.<\/li>\n<li>San Jean de Pied du Port: 31 km.<\/li>\n<\/ul>\n<h3><strong>V\u00cdAS DE COMUNICACI\u00d3N<\/strong><\/h3>\n<p>Si se viene de Pamplona, ha de seguirse la N-121-A. Cruzando los t\u00faneles y el puerto de Belate, descendemos hasta Oronoz &#8211; Mugaire, donde a mano derecha se abre un desv\u00edo se\u00f1alizado como N-121-B, que cruza todo el Valle de Baztan hasta cruzar el Puerto de\u00a0Otsondo\u00a0y llegar a la frontera francesa en\u00a0Dantxarinea.<\/p>\n<p>Para llegar por Guip\u00fazcoa, en Behobia (cerca de la frontera francesa de Ir\u00fan), nos indica N-121-A direcci\u00f3n Iru\u00f1a-Pamplona, tanto en la carretera nacional, como en la autopista A-8 (salida 1). Seguiremos esta carretera hasta la salir del t\u00fanel de\u00a0Oieregi, donde a la derecha encontraremos la salida hacia la N-121-B que nos lleva al Valle de Baztan.<\/p>\n<h3><a title=\"La Baztanesa ordutegia horarios\" href=\"http:\/\/labaztanesa.com\/e_index.html#\" target=\"_blank\" rel=\"noopener noreferrer\"><strong>HORARIO DE AUTOBUSES \u00abLA BAZTANESA\u00bb<\/strong><\/a><\/h3>\n<table border=\"1\" summary=\"Descripci\u00f3n del horario de invierno de autobuses La Baztanesa\">\n<caption>\u00a0<\/caption>\n<tbody>\n<tr>\n<th id=\"550\">Salida<\/th>\n<th id=\"551\">Origen<\/th>\n<th id=\"552\">Horario de invierno<\/th>\n<\/tr>\n<tr>\n<td headers=\"550\">Iru\u00f1ea<\/td>\n<td headers=\"551\">Elizondo<\/td>\n<td headers=\"552\">\n<ul>\n<li>08:00 (de lunes a s\u00e1bado)<\/li>\n<li>09:00\u00a0(domingo y festivos)<\/li>\n<li>13:15\u00a0(de lunes a s\u00e1bado)<\/li>\n<li>15:30 (de lunes a s\u00e1bado)<\/li>\n<li>19:30 (diario)<\/li>\n<\/ul>\n<\/td>\n<\/tr>\n<tr>\n<td headers=\"550\">Elizondo<\/td>\n<td headers=\"551\">Iru\u00f1ea<\/td>\n<td headers=\"552\">\n<ul>\n<li>06:30 (de lunes a s\u00e1bado)<\/li>\n<li>07:30 (diario)<\/li>\n<li>13:45 (de lunes a s\u00e1bado)<\/li>\n<li>17:45 (diario)<\/li>\n<\/ul>\n<\/td>\n<\/tr>\n<tr>\n<td headers=\"550\">Donostia<\/td>\n<td headers=\"551\">Elizondo<\/td>\n<td headers=\"552\">\n<ul>\n<li>16:30 (diario)<\/li>\n<li>19:30 (diario)<\/li>\n<\/ul>\n<\/td>\n<\/tr>\n<tr>\n<td headers=\"550\">Elizondo<\/td>\n<td headers=\"551\">Donostia<\/td>\n<td headers=\"552\">\n<ul>\n<li>08:30 (de lunes a s\u00e1bado)<\/li>\n<li>09:30 (domingos y festivos)<\/li>\n<li>13:45 (de lunes a s\u00e1bado)<\/li>\n<li>17:45 (domingos y festivos)<\/li>\n<\/ul>\n<\/td>\n<\/tr>\n<tr>\n<td headers=\"550\">Iru\u00f1ea<\/td>\n<td headers=\"551\">Donostia<\/td>\n<td headers=\"552\">Iru\u00f1ea &#8211; Mugairi &#8211; Doneztebe &#8211; Irun &#8211; Donostia:<\/p>\n<ul>\n<li>08:00\u00a0(de lunes a s\u00e1bado)<\/li>\n<li>09:00 (domingos y festivos)<\/li>\n<li>13:15\u00a0(de lunes a s\u00e1bado)<\/li>\n<\/ul>\n<\/td>\n<\/tr>\n<tr>\n<td headers=\"550\">Donostia<\/td>\n<td headers=\"551\">Iru\u00f1ea<\/td>\n<td headers=\"552\">Donostia &#8211; Irun &#8211; Doneztebe &#8211; Mugairi &#8211; Iru\u00f1ea:<\/p>\n<ul>\n<li>16:30 (diario)<\/li>\n<\/ul>\n<\/td>\n<\/tr>\n<\/tbody>\n<\/table>\n<table border=\"1\" summary=\"Descripci\u00f3n del horario de verano de los autobuses La Baztanesa\">\n<caption>\u00a0<\/caption>\n<tbody>\n<tr>\n<th id=\"740\">Salida<\/th>\n<th id=\"741\">Origen<\/th>\n<th id=\"742\">Horario de verano<\/th>\n<\/tr>\n<tr>\n<td headers=\"740\">Iru\u00f1ea<\/td>\n<td headers=\"741\">Elizondo<\/td>\n<td headers=\"742\">\n<ul>\n<li>08:00 (de lunes a s\u00e1bado)<\/li>\n<li>09:00 (domingos y festivos)<\/li>\n<li>13:15\u00a0(de lunes a s\u00e1bado)<\/li>\n<li>19:30\u00a0(de lunes a s\u00e1bado)<\/li>\n<li>20:45 (diario)<\/li>\n<\/ul>\n<\/td>\n<\/tr>\n<tr>\n<td headers=\"740\">Elizondo<\/td>\n<td headers=\"741\">Iru\u00f1ea<\/td>\n<td headers=\"742\">\n<ul>\n<li>06:30\u00a0(de lunes a s\u00e1bado)<\/li>\n<li>07:30 (diario)<\/li>\n<li>13:45\u00a0(de lunes a s\u00e1bado)<\/li>\n<li>19:30\u00a0(diario)<\/li>\n<\/ul>\n<\/td>\n<\/tr>\n<tr>\n<td headers=\"740\">Donostia<\/td>\n<td headers=\"741\">Elizondo<\/td>\n<td headers=\"742\">\n<ul>\n<li>17:45\u00a0(diario)<\/li>\n<li>19:30\u00a0(diario)<\/li>\n<\/ul>\n<\/td>\n<\/tr>\n<tr>\n<td headers=\"740\">Elizondo<\/td>\n<td headers=\"741\">Donostia<\/td>\n<td headers=\"742\">\n<ul>\n<li>08:30 (de lunes a s\u00e1bado)<\/li>\n<li>09:30 (domingos y festivos)<\/li>\n<li>13:45\u00a0(de lunes a s\u00e1bado)<\/li>\n<li>17:45 (domingos y festivos)<\/li>\n<\/ul>\n<\/td>\n<\/tr>\n<tr>\n<td headers=\"740\">Iru\u00f1ea<\/td>\n<td headers=\"741\">Donostia<\/td>\n<td headers=\"742\">Iru\u00f1ea &#8211; Mugairi &#8211; Doneztebe &#8211; Irun &#8211; Hondarribi-Donostia<\/p>\n<ul>\n<li>08:00\u00a0(de lunes a s\u00e1bado)<\/li>\n<li>09:00 (domingos y festivos)<\/li>\n<li>13:15\u00a0(de lunes a s\u00e1bado)<\/li>\n<\/ul>\n<\/td>\n<\/tr>\n<tr>\n<td headers=\"740\">Hondarribi<\/td>\n<td headers=\"741\">Iru\u00f1ea<\/td>\n<td headers=\"742\">Hondarribi &#8211; Irun &#8211; Doneztebe &#8211; Mugairi &#8211; Iru\u00f1ea:<\/p>\n<ul>\n<li>18:30(diario)<\/li>\n<\/ul>\n<\/td>\n<\/tr>\n<\/tbody>\n<\/table>\n<h3><strong>HORARIOS DE AUTOBUSES\u00a0<a title=\"La Burundesa ordutegia\" href=\"http:\/\/www.autobuseslaunion.com\/PDF\/Pamplona-Lesaka-Donosti.pdf\" class=\"mtli_attachment mtli_pdf\" target=\"_blank\" rel=\"noopener noreferrer\">\u00abLA BURUNDESA\u00bb\u00a0<\/a><\/strong><\/h3>\n<table border=\"1\" summary=\"Descripci\u00f3n del horario de verano de los autobuses La Baztanesa\">\n<caption>\u00a0<\/caption>\n<tbody>\n<tr>\n<th id=\"740\">Salida<\/th>\n<th id=\"741\">Origen<\/th>\n<th id=\"742\">Horario<\/th>\n<\/tr>\n<tr>\n<td headers=\"740\">Iru\u00f1ea<\/td>\n<td headers=\"741\">Oronoz Mugaire<\/td>\n<td headers=\"742\">\n<ul>\n<li>18:00 (de lunes a viernes)<\/li>\n<li>16:30 (s\u00e1bados)<\/li>\n<li>18:00\u00a0(domingos y festivos)<\/li>\n<\/ul>\n<\/td>\n<\/tr>\n<tr>\n<td headers=\"740\">Irun<\/td>\n<td headers=\"741\">Oronoz Mugaire<\/td>\n<td headers=\"742\">\n<ul>\n<li>08:00 (de lunes a s\u00e1bados)<\/li>\n<li>09:00 (domingos y festivos)<\/li>\n<\/ul>\n<\/td>\n<\/tr>\n<tr>\n<td headers=\"740\">Donostia<\/td>\n<td headers=\"741\">Oronoz Mugaire<\/td>\n<td headers=\"742\">\n<ul>\n<li>08:30 (domingos y festivos)<\/li>\n<\/ul>\n<\/td>\n<\/tr>\n<tr>\n<td headers=\"740\">Oronoz Mugaire<\/td>\n<td headers=\"741\">Iru\u00f1ea<\/td>\n<td headers=\"742\">\n<ul>\n<li>09:05\u00a0(de lunes a s\u00e1bados)<\/li>\n<li>10:05\u00a0(domingos y festivos)<\/li>\n<\/ul>\n<\/td>\n<\/tr>\n<\/tbody>\n<\/table>\n<p>&nbsp;<\/p>\n","protected":false},"excerpt":{"rendered":"<p>DISTANCIA A DIFERENTES POBLACIONES Distancia a: Pamplona: 50\u00a0km. San Sebasti\u00e1n: 65 km. Vitoria-Gasteiz: 148 km. Bilbao: 165 km. Bayona: 50 km. San Juan de Luz: 57 km. Biarritz: 50 km. Hondarribia: 48 Km. Logro\u00f1o: 148 km. San Jean de Pied du Port: 31 km. V\u00cdAS DE COMUNICACI\u00d3N Si se viene de Pamplona, ha de seguirse [&hellip;]<\/p>\n","protected":false},"author":1,"featured_media":0,"parent":13222,"menu_order":3,"comment_status":"closed","ping_status":"closed","template":"templates\/como-llegar.php","meta":{"_exactmetrics_skip_tracking":false,"_exactmetrics_sitenote_active":false,"_exactmetrics_sitenote_note":"","_exactmetrics_sitenote_category":0,"footnotes":""},"class_list":["post-13318","page","type-page","status-publish","hentry"],"_links":{"self":[{"href":"https:\/\/www.baztan.eus\/es\/wp-json\/wp\/v2\/pages\/13318","targetHints":{"allow":["GET"]}}],"collection":[{"href":"https:\/\/www.baztan.eus\/es\/wp-json\/wp\/v2\/pages"}],"about":[{"href":"https:\/\/www.baztan.eus\/es\/wp-json\/wp\/v2\/types\/page"}],"author":[{"embeddable":true,"href":"https:\/\/www.baztan.eus\/es\/wp-json\/wp\/v2\/users\/1"}],"replies":[{"embeddable":true,"href":"https:\/\/www.baztan.eus\/es\/wp-json\/wp\/v2\/comments?post=13318"}],"version-history":[{"count":2,"href":"https:\/\/www.baztan.eus\/es\/wp-json\/wp\/v2\/pages\/13318\/revisions"}],"predecessor-version":[{"id":15011,"href":"https:\/\/www.baztan.eus\/es\/wp-json\/wp\/v2\/pages\/13318\/revisions\/15011"}],"up":[{"embeddable":true,"href":"https:\/\/www.baztan.eus\/es\/wp-json\/wp\/v2\/pages\/13222"}],"wp:attachment":[{"href":"https:\/\/www.baztan.eus\/es\/wp-json\/wp\/v2\/media?parent=13318"}],"curies":[{"name":"wp","href":"https:\/\/api.w.org\/{rel}","templated":true}]}}