{"id":13340,"date":"2013-04-17T14:33:05","date_gmt":"2013-04-17T12:33:05","guid":{"rendered":"http:\/\/w2.baztan.eus\/agencia-de-desarrollo-de-cederna-garalur\/"},"modified":"2013-04-17T14:33:05","modified_gmt":"2013-04-17T12:33:05","slug":"agencia-de-desarrollo-de-cederna-garalur","status":"publish","type":"page","link":"https:\/\/www.baztan.eus\/es\/actividades-economicas\/agencia-de-desarrollo-de-cederna-garalur\/","title":{"rendered":"Agencia de desarrollo de Cederna-Garalur"},"content":{"rendered":"<p><strong>Agente de desarrollo:<\/strong> Marian Zestau.<\/p>\n<p><strong>Previa petici\u00f3n:<\/strong><\/p>\n<ul>\n<li>Tel\u00e9fono: 948 580 561\/ 606 408 613.<\/li>\n<li>Correo electr\u00f3nico:\u00a0<a href=\"mailto:baztan@cederna.es\">baztan@cederna.es<\/a><\/li>\n<\/ul>\n<p><strong>D\u00edas de atenci\u00f3n:<\/strong><\/p>\n<ul>\n<li>Martes y Mi\u00e9rcoles: Ayuntamiento de Baztan.<\/li>\n<li>Jueves: Ayuntamiento de\u00a0Urdazubi-Zugarramurdi.<\/li>\n<\/ul>\n<h3>SERVICIOS QUE PRESTA<\/h3>\n<p><strong>1.- Apoyo a promotores y actividades empresariales.*<\/strong><\/p>\n<ul>\n<li>Apoyo para la definici\u00f3n y an\u00e1lisis de viabilidad del proyecto empresarial.<\/li>\n<li>Informaci\u00f3n y asesoramiento sobre normativas y gestiones a realizar para el inicio, la modernizaci\u00f3n y\/o ampliaci\u00f3n de la actividad.<\/li>\n<li>Informaci\u00f3n, apoyo y asesoramiento en tr\u00e1mites administrativos.<\/li>\n<li>Informaci\u00f3n y seguimiento de ayudas y subvenciones para la financiaci\u00f3n del proyecto, procedentes tanto del Gobierno de Navarra como de la Administraci\u00f3n Central y la Uni\u00f3n Europea.<\/li>\n<\/ul>\n<p>* Todos estos servicios son p\u00fablicos y se prestan de modo gratuito.<\/p>\n<p><strong>2.- Apoyo a acciones para el desarrollo de las comarcas.<\/strong><\/p>\n<ul>\n<li>Asesoramiento y participaci\u00f3n en proyectos promovidos por Entidades Locales en todas sus fases. En cada caso, se elabora un plan de trabajo espec\u00edfico que incluye los servicios a prestar por parte de la Agencia de Desarrollo.<\/li>\n<li>Detecci\u00f3n de propuestas sobre planes o actuaciones que afectan a las comarcas.<\/li>\n<li>Dinamizaci\u00f3n y puesta en marcha de proyectos de inter\u00e9s para la zona.<\/li>\n<li>Dinamizaci\u00f3n de la poblaci\u00f3n para crear y poner en funcionamiento Comisiones de Trabajo en la zona.<\/li>\n<li>Colaboraci\u00f3n con el Consorcio Tur\u00edstico de Bert\u00edz en el proyecto tur\u00edstico de la zona.<\/li>\n<\/ul>\n<p><strong>3.- Formaci\u00f3n.<\/strong><\/p>\n<ul>\n<li>Informaci\u00f3n y organizaci\u00f3n de cursos y actividades de formaci\u00f3n para desempleados, profesionales y emprendedores.<\/li>\n<\/ul>\n<p><strong>4.- Promoci\u00f3n.<\/strong><\/p>\n<ul>\n<li>Dinamizaci\u00f3n y puesta en marcha de proyectos de desarrollo a nivel comarcal.<\/li>\n<li>Acciones de promoci\u00f3n de la Asociaci\u00f3n CEDERNA-GARALUR y de la Agencia de Desarrollo Comarcal.<\/li>\n<\/ul>\n","protected":false},"excerpt":{"rendered":"<p>Agente de desarrollo: Marian Zestau. Previa petici\u00f3n: Tel\u00e9fono: 948 580 561\/ 606 408 613. Correo electr\u00f3nico:\u00a0baztan@cederna.es D\u00edas de atenci\u00f3n: Martes y Mi\u00e9rcoles: Ayuntamiento de Baztan. Jueves: Ayuntamiento de\u00a0Urdazubi-Zugarramurdi. SERVICIOS QUE PRESTA 1.- Apoyo a promotores y actividades empresariales.* Apoyo para la definici\u00f3n y an\u00e1lisis de viabilidad del proyecto empresarial. Informaci\u00f3n y asesoramiento sobre normativas y [&hellip;]<\/p>\n","protected":false},"author":19054,"featured_media":0,"parent":13224,"menu_order":4,"comment_status":"closed","ping_status":"closed","template":"","meta":{"_exactmetrics_skip_tracking":false,"_exactmetrics_sitenote_active":false,"_exactmetrics_sitenote_note":"","_exactmetrics_sitenote_category":0,"footnotes":""},"class_list":["post-13340","page","type-page","status-publish","hentry"],"_links":{"self":[{"href":"https:\/\/www.baztan.eus\/es\/wp-json\/wp\/v2\/pages\/13340","targetHints":{"allow":["GET"]}}],"collection":[{"href":"https:\/\/www.baztan.eus\/es\/wp-json\/wp\/v2\/pages"}],"about":[{"href":"https:\/\/www.baztan.eus\/es\/wp-json\/wp\/v2\/types\/page"}],"author":[{"embeddable":true,"href":"https:\/\/www.baztan.eus\/es\/wp-json\/wp\/v2\/users\/19054"}],"replies":[{"embeddable":true,"href":"https:\/\/www.baztan.eus\/es\/wp-json\/wp\/v2\/comments?post=13340"}],"version-history":[{"count":0,"href":"https:\/\/www.baztan.eus\/es\/wp-json\/wp\/v2\/pages\/13340\/revisions"}],"up":[{"embeddable":true,"href":"https:\/\/www.baztan.eus\/es\/wp-json\/wp\/v2\/pages\/13224"}],"wp:attachment":[{"href":"https:\/\/www.baztan.eus\/es\/wp-json\/wp\/v2\/media?parent=13340"}],"curies":[{"name":"wp","href":"https:\/\/api.w.org\/{rel}","templated":true}]}}