{"id":13348,"date":"2013-04-17T14:36:06","date_gmt":"2013-04-17T12:36:06","guid":{"rendered":"http:\/\/w2.baztan.eus\/poligono-industrial\/"},"modified":"2013-04-17T14:36:06","modified_gmt":"2013-04-17T12:36:06","slug":"poligono-industrial","status":"publish","type":"page","link":"https:\/\/www.baztan.eus\/es\/actividades-economicas\/poligono-industrial\/","title":{"rendered":"Pol\u00edgono Industrial"},"content":{"rendered":"<h3>POL\u00cdGONO ORDOKI<\/h3>\n<p>Actividad industrial y comercial:<\/p>\n<ul>\n<li>Amaiur\u00a0<acronym title=\"Sociedad Agr\u00edcola en Transformaci\u00f3n\">S.A.T.<\/acronym><\/li>\n<li>Licores Baztan.<\/li>\n<li>Cooperativa Baztandarra.<\/li>\n<li>Berro-Bide\u00a0<acronym title=\"Sociedad Limitada\">S.L.<\/acronym><\/li>\n<li>Kostarzua S.L.<\/li>\n<li>Betiko.<\/li>\n<li>Pescados Bidegain.<\/li>\n<li>Azkarate Ikuztegia.<\/li>\n<\/ul>\n<h3>POL\u00cdGONO ZALDUBIA<\/h3>\n<p>Actividad industrial y comercial:<\/p>\n<ul>\n<li>Aroz-Berri\u00a0<acronym title=\"Sociedad An\u00f3nima\">S.A.<\/acronym><\/li>\n<li>Baztan Motor.<\/li>\n<li>Carpinter\u00eda Baztan.<\/li>\n<li>Composites Baztan S.L.<\/li>\n<li>Gamarga S.L.<\/li>\n<li>Maderas Legate (Gomen).<\/li>\n<li>Hur-Berri S.L.<\/li>\n<li>Carpinter\u00eda Lizaso\u00e1in S.L.<\/li>\n<li>Talleres Onena.<\/li>\n<li>Instalaciones Saskaitz S.L.<\/li>\n<li>Carpinter\u00eda\u00a0Telletxea.<\/li>\n<li>Teymo.<\/li>\n<li>Suministros Yanci.<\/li>\n<li>Muebles Zaldubi.<\/li>\n<\/ul>\n","protected":false},"excerpt":{"rendered":"<p>POL\u00cdGONO ORDOKI Actividad industrial y comercial: Amaiur\u00a0S.A.T. Licores Baztan. Cooperativa Baztandarra. Berro-Bide\u00a0S.L. Kostarzua S.L. Betiko. Pescados Bidegain. Azkarate Ikuztegia. POL\u00cdGONO ZALDUBIA Actividad industrial y comercial: Aroz-Berri\u00a0S.A. Baztan Motor. Carpinter\u00eda Baztan. Composites Baztan S.L. Gamarga S.L. Maderas Legate (Gomen). Hur-Berri S.L. Carpinter\u00eda Lizaso\u00e1in S.L. Talleres Onena. Instalaciones Saskaitz S.L. Carpinter\u00eda\u00a0Telletxea. Teymo. Suministros Yanci. Muebles Zaldubi.<\/p>\n","protected":false},"author":87,"featured_media":0,"parent":13224,"menu_order":11,"comment_status":"closed","ping_status":"closed","template":"","meta":{"_exactmetrics_skip_tracking":false,"_exactmetrics_sitenote_active":false,"_exactmetrics_sitenote_note":"","_exactmetrics_sitenote_category":0,"footnotes":""},"class_list":["post-13348","page","type-page","status-publish","hentry"],"_links":{"self":[{"href":"https:\/\/www.baztan.eus\/es\/wp-json\/wp\/v2\/pages\/13348","targetHints":{"allow":["GET"]}}],"collection":[{"href":"https:\/\/www.baztan.eus\/es\/wp-json\/wp\/v2\/pages"}],"about":[{"href":"https:\/\/www.baztan.eus\/es\/wp-json\/wp\/v2\/types\/page"}],"author":[{"embeddable":true,"href":"https:\/\/www.baztan.eus\/es\/wp-json\/wp\/v2\/users\/87"}],"replies":[{"embeddable":true,"href":"https:\/\/www.baztan.eus\/es\/wp-json\/wp\/v2\/comments?post=13348"}],"version-history":[{"count":0,"href":"https:\/\/www.baztan.eus\/es\/wp-json\/wp\/v2\/pages\/13348\/revisions"}],"up":[{"embeddable":true,"href":"https:\/\/www.baztan.eus\/es\/wp-json\/wp\/v2\/pages\/13224"}],"wp:attachment":[{"href":"https:\/\/www.baztan.eus\/es\/wp-json\/wp\/v2\/media?parent=13348"}],"curies":[{"name":"wp","href":"https:\/\/api.w.org\/{rel}","templated":true}]}}