{"id":13398,"date":"2014-01-13T11:23:05","date_gmt":"2014-01-13T10:23:05","guid":{"rendered":"http:\/\/w2.baztan.eus\/el-alcalde-responde\/"},"modified":"2021-11-23T09:55:53","modified_gmt":"2021-11-23T09:55:53","slug":"el-alcalde-responde","status":"publish","type":"page","link":"https:\/\/www.baztan.eus\/es\/ayuntamiento\/el-alcalde-responde\/","title":{"rendered":"El alcalde responde"},"content":{"rendered":"<p><strong><a style=\"background: #716d27; padding: .5em; color: white;\" href=\"\/es\/ayuntamiento\/alkate-andreak-erantzuten-du\/alkate-andreak-erantzundako-galderak\/\">Preguntas contestadas por el Alcalde &gt;&gt;<\/a><\/strong><\/p>\n<p>Si desea plantear al Alcalde alguna cuesti\u00f3n concreta, cumplimente este formulario. Su pregunta y la respuesta a la misma ser\u00e1n publicadas en esta p\u00e1gina.<\/p>\n\n<div class=\"wpcf7 no-js\" id=\"wpcf7-f1004-o1\" lang=\"en-US\" dir=\"ltr\" data-wpcf7-id=\"1004\">\n<div class=\"screen-reader-response\"><p role=\"status\" aria-live=\"polite\" aria-atomic=\"true\"><\/p> <ul><\/ul><\/div>\n<form action=\"\/es\/wp-json\/wp\/v2\/pages\/13398#wpcf7-f1004-o1\" method=\"post\" class=\"wpcf7-form init\" aria-label=\"Contact form\" novalidate=\"novalidate\" data-status=\"init\">\n<fieldset class=\"hidden-fields-container\"><input type=\"hidden\" name=\"_wpcf7\" value=\"1004\" \/><input type=\"hidden\" name=\"_wpcf7_version\" value=\"6.1.4\" \/><input type=\"hidden\" name=\"_wpcf7_locale\" value=\"en_US\" \/><input type=\"hidden\" name=\"_wpcf7_unit_tag\" value=\"wpcf7-f1004-o1\" \/><input type=\"hidden\" name=\"_wpcf7_container_post\" value=\"0\" \/><input type=\"hidden\" name=\"_wpcf7_posted_data_hash\" value=\"\" \/><input type=\"hidden\" name=\"_wpcf7_recaptcha_response\" value=\"\" \/>\n<\/fieldset>\n<p>Nombre (*) <span class=\"wpcf7-form-control-wrap\" data-name=\"nombre\"><input size=\"40\" maxlength=\"400\" class=\"wpcf7-form-control wpcf7-text wpcf7-validates-as-required\" aria-required=\"true\" aria-invalid=\"false\" value=\"\" type=\"text\" name=\"nombre\" \/><\/span>\n<\/p>\n<p>Apellidos (*) <span class=\"wpcf7-form-control-wrap\" data-name=\"apellidos\"><input size=\"40\" maxlength=\"400\" class=\"wpcf7-form-control wpcf7-text wpcf7-validates-as-required\" aria-required=\"true\" aria-invalid=\"false\" value=\"\" type=\"text\" name=\"apellidos\" \/><\/span>\n<\/p>\n<p>Email (*) <span class=\"wpcf7-form-control-wrap\" data-name=\"correo\"><input size=\"40\" maxlength=\"400\" class=\"wpcf7-form-control wpcf7-email wpcf7-validates-as-required wpcf7-text wpcf7-validates-as-email\" aria-required=\"true\" aria-invalid=\"false\" value=\"\" type=\"email\" name=\"correo\" \/><\/span>\n<\/p>\n<p>Asunto <span class=\"wpcf7-form-control-wrap\" data-name=\"asunto\"><input size=\"40\" maxlength=\"400\" class=\"wpcf7-form-control wpcf7-text\" aria-invalid=\"false\" value=\"\" type=\"text\" name=\"asunto\" \/><\/span>\n<\/p>\n<p>Mensaje <span class=\"wpcf7-form-control-wrap\" data-name=\"mensaje\"><textarea cols=\"40\" rows=\"10\" maxlength=\"2000\" class=\"wpcf7-form-control wpcf7-textarea\" aria-invalid=\"false\" name=\"mensaje\"><\/textarea><\/span>\n<\/p>\n<p>Escriba: <strong>Warning:<\/strong> The <a href=\"https:\/\/wordpress.org\/plugins\/really-simple-captcha\/\">Really Simple CAPTCHA<\/a> plugin is not active.<span class=\"wpcf7-form-control-wrap\" data-name=\"captcha-270\"><input size=\"40\" class=\"wpcf7-form-control wpcf7-captchar\" autocomplete=\"off\" aria-invalid=\"false\" value=\"\" type=\"text\" name=\"captcha-270\" \/><\/span>\n<\/p>\n<p><input class=\"wpcf7-form-control wpcf7-submit has-spinner\" type=\"submit\" value=\"Enviar\" \/>\n<\/p>\n<p><em>(*) Campos marcados obligatorios<\/em>\n<\/p><div class=\"wpcf7-response-output\" aria-hidden=\"true\"><\/div>\n<\/form>\n<\/div>\n\n<p>El Ayuntamiento se reserva la facultad de publicar los mensajes recibidos, teniendo en cuenta que no incurran en faltas de respeto u acciones similares, as\u00ed como de resumirlos y extractarlos.<\/p>\n","protected":false},"excerpt":{"rendered":"<p>Preguntas contestadas por el Alcalde &gt;&gt; Si desea plantear al Alcalde alguna cuesti\u00f3n concreta, cumplimente este formulario. Su pregunta y la respuesta a la misma ser\u00e1n publicadas en esta p\u00e1gina. El Ayuntamiento se reserva la facultad de publicar los mensajes recibidos, teniendo en cuenta que no incurran en faltas de respeto u acciones similares, as\u00ed [&hellip;]<\/p>\n","protected":false},"author":1,"featured_media":0,"parent":13218,"menu_order":3,"comment_status":"closed","ping_status":"closed","template":"participacion-ciudadana\/formulario-alcalde.php","meta":{"_exactmetrics_skip_tracking":false,"_exactmetrics_sitenote_active":false,"_exactmetrics_sitenote_note":"","_exactmetrics_sitenote_category":0,"footnotes":""},"class_list":["post-13398","page","type-page","status-publish","hentry"],"_links":{"self":[{"href":"https:\/\/www.baztan.eus\/es\/wp-json\/wp\/v2\/pages\/13398","targetHints":{"allow":["GET"]}}],"collection":[{"href":"https:\/\/www.baztan.eus\/es\/wp-json\/wp\/v2\/pages"}],"about":[{"href":"https:\/\/www.baztan.eus\/es\/wp-json\/wp\/v2\/types\/page"}],"author":[{"embeddable":true,"href":"https:\/\/www.baztan.eus\/es\/wp-json\/wp\/v2\/users\/1"}],"replies":[{"embeddable":true,"href":"https:\/\/www.baztan.eus\/es\/wp-json\/wp\/v2\/comments?post=13398"}],"version-history":[{"count":1,"href":"https:\/\/www.baztan.eus\/es\/wp-json\/wp\/v2\/pages\/13398\/revisions"}],"predecessor-version":[{"id":15002,"href":"https:\/\/www.baztan.eus\/es\/wp-json\/wp\/v2\/pages\/13398\/revisions\/15002"}],"up":[{"embeddable":true,"href":"https:\/\/www.baztan.eus\/es\/wp-json\/wp\/v2\/pages\/13218"}],"wp:attachment":[{"href":"https:\/\/www.baztan.eus\/es\/wp-json\/wp\/v2\/media?parent=13398"}],"curies":[{"name":"wp","href":"https:\/\/api.w.org\/{rel}","templated":true}]}}