{"id":13448,"date":"2014-06-02T11:57:17","date_gmt":"2014-06-02T09:57:17","guid":{"rendered":"http:\/\/w2.baztan.eus\/museos\/"},"modified":"2014-06-02T11:57:17","modified_gmt":"2014-06-02T09:57:17","slug":"museos","status":"publish","type":"page","link":"https:\/\/www.baztan.eus\/es\/servicios\/servicio-de-cultura\/museos\/","title":{"rendered":"Museos"},"content":{"rendered":"<h1>PARQUE ESCULT\u00d3RICO SANTXOTENA<\/h1>\n<p><a href=\"http:\/\/www.baztan.eus\/wp-content\/uploads\/2014\/06\/Santxotena-parke-museoa.1j.pg_.jpg\">\u00a0<img loading=\"lazy\" decoding=\"async\" class=\"alignnone size-medium wp-image-11761\" src=\"http:\/\/www.baztan.eus\/wp-content\/uploads\/2020\/08\/Parque-Santxotena-300x225.jpg\" alt=\"\" width=\"300\" height=\"225\" srcset=\"https:\/\/www.baztan.eus\/wp-content\/uploads\/2020\/08\/Parque-Santxotena-300x225.jpg 300w, https:\/\/www.baztan.eus\/wp-content\/uploads\/2020\/08\/Parque-Santxotena-768x576.jpg 768w, https:\/\/www.baztan.eus\/wp-content\/uploads\/2020\/08\/Parque-Santxotena-1024x768.jpg 1024w\" sizes=\"auto, (max-width: 300px) 100vw, 300px\" \/><\/a><\/p>\n<p>En contacto directo con la naturaleza y en pleno valle de Baztan, el artista <strong>Xabier Santxotena<\/strong> nos invita a conocer su museo al aire libre. En este espacio, la mitolog\u00eda vasca cobra protagonismo a trav\u00e9s de la madera. Santxotena talla los m\u00e1s diversos personajes que se entremezclan con un paisaje donde el verde despliega todos sus matices.<\/p>\n<p>El museo Santxotena se encuentra en Bozate, Arizkun, al norte de Navarra en el <strong>valle del Baztan<\/strong>. Se trata de un museo de arte contempor\u00e1neo donde la madera es protagonista, escultura al aire libre que acoge los trabajos de investigaci\u00f3n etnogr\u00e1fico-cultural del artista local Xabier Santxotena. Sobre una superficie de 31.000 metros cuadrados junto a la carretera NA-2600 que conduce a Francia por el collado de Izpegi, se proyecta un parque en el que la naturaleza no s\u00f3lo es el marco que acoge sus obras, sino que ambas se fusionan. Este autor organicista toma de la naturaleza la <strong>madera<\/strong> para convertirla en arte a trav\u00e9s de sus esculturas.<\/p>\n<div class=\"collapse-group\">\n<div class=\"show-print collapse in\">Un circuito peatonal adaptado para personas con discapacidad f\u00edsica o con problemas de movilidad le guiar\u00e1 por las ocho bordas, construcciones que reproducen los <strong>ancestrales refugios pastoriles t\u00edpicos del Pirineo<\/strong>, y que albergan las esculturas\u00a0 en madera de Santxotena. Su tem\u00e1tica se relaciona principalmente con la mitolog\u00eda vasca.<\/div>\n<div>(Textos extraidos de\u00a0 https:\/\/www.turismo.navarra.es)<\/div>\n<\/div>\n<div class=\"show-print collapse in\"><\/div>\n<div class=\"collapse-group\">\n<div class=\"show-print collapse in\">Tel\u00e9fonos:\u00a0 948453191 \/ 605717857<\/div>\n<div class=\"show-print collapse in\">e. posta: tlfragua@santxotean.org<\/div>\n<div class=\"show-print collapse in\">web:www.santxotena.org<\/div>\n<\/div>\n<h4>Horario de verano<\/h4>\n<p>Del 15 de julio al 30 de agosto<\/p>\n<p>De martes a s\u00e1bados<\/p>\n<p>11:00-14:00\/16:30-19:30<\/p>\n<p>Domingos<\/p>\n<p>11:00-14:00<\/p>\n<p><strong>Horario de invierno<\/strong><\/p>\n<p>S\u00e1bados 11:00-14:00\/ 16:30-19:30<\/p>\n<p>Domingos 11:00-14:00<\/p>\n<p>Fuera de este horario visitas para grupos reservando previamente.<\/p>\n<p><strong>\u00a0<\/strong><\/p>\n<h1>AMAIUR ARKEOLOGIA ZENTROA\/CENTRO DE ARQUEOLOG\u00cdA\u00a0 DEL CASTILLO DE AMAIUR<\/h1>\n<p><img loading=\"lazy\" decoding=\"async\" class=\"alignnone size-medium wp-image-11759\" src=\"http:\/\/www.baztan.eus\/wp-content\/uploads\/2020\/08\/ZNTROA0-300x236.jpeg\" alt=\"\" width=\"300\" height=\"236\" srcset=\"https:\/\/www.baztan.eus\/wp-content\/uploads\/2020\/08\/ZNTROA0-300x236.jpeg 300w, https:\/\/www.baztan.eus\/wp-content\/uploads\/2020\/08\/ZNTROA0-768x603.jpeg 768w, https:\/\/www.baztan.eus\/wp-content\/uploads\/2020\/08\/ZNTROA0-1024x804.jpeg 1024w, https:\/\/www.baztan.eus\/wp-content\/uploads\/2020\/08\/ZNTROA0.jpeg 1365w\" sizes=\"auto, (max-width: 300px) 100vw, 300px\" \/><\/p>\n<p>Etxeberriko borda<\/p>\n<p>Calle Mayor, 36<\/p>\n<p>Amaiur<\/p>\n<div class=\"row\">\n<div class=\"col-md-12 col-xs-12\">\n<p>Los materiales que se muestran en estas instalaciones son restos arqueol\u00f3gicos recuperados por la Sociedad de Ciencias Aranzadi en las campa\u00f1as de excavaci\u00f3n realizadas en el castillo de Amaiur. Estos indicios demuestran c\u00f3mo era la vida cotidiana de los habitantes del castillo y ayudan a entender mejor el contexto de entonces. <strong>Durante todo el mes de agosto estar\u00e1 abierto todos los d\u00edas, de 11:00 a 14:00 horas y de 16:00 a 19:30 horas.<\/strong><\/p>\n<p>En los restos medievales hay, sobre todo, residuos relacionados con los utensilios cotidianos, con la comida, como cer\u00e1micas para preparar alimentos, utensilios de cocina de hierro, restos de alimentos, y materiales y herramientas para construir, reparar y mantener el propio castillo.<\/p>\n<p>En los paneles se pueden ver infograf\u00edas sobre el castillo, documentaci\u00f3n recuperada de los archivos,\u00a0 organizada cronol\u00f3gicamente.<\/p>\n<p>La pieza m\u00e1s grande expuesta es la puerta del castillo de Amaiur. No el original, ya que la puerta original del castillo de Amaiur est\u00e1 en Jauregizar, en Arraioz. La que se expone en el museo es una copia de la puerta blindada del castillo, realizada conjuntamente por Jokin Larunbe y la Escuela Taller de Aranguren.<\/p>\n<p>Tampoco faltan los proyectiles o el armamento de protecci\u00f3n y quiz\u00e1 el material arqueol\u00f3gico m\u00e1s espectacular obtenido en las excavaciones, la espada de Amaiur, que muestra una especie de espol\u00f3n de la segunda mitad del siglo XV.<\/p>\n<\/div>\n<\/div>\n<p>(Textos extra\u00eddos de la web Erran.eus)<\/p>\n<h1>Baztango Museoa<\/h1>\n<h2>\u00a0CERRADO<\/h2>\n<p><a href=\"http:\/\/www.baztan.eus\/wp-content\/uploads\/2014\/06\/Museo-Oteiza.jpg\"><img loading=\"lazy\" decoding=\"async\" class=\"alignnone size-medium wp-image-1709\" src=\"http:\/\/www.baztan.eus\/wp-content\/uploads\/2014\/06\/Museo-Oteiza-224x300.jpg\" alt=\"Museo Oteiza\" width=\"224\" height=\"300\" srcset=\"https:\/\/www.baztan.eus\/wp-content\/uploads\/2014\/06\/Museo-Oteiza-224x300.jpg 224w, https:\/\/www.baztan.eus\/wp-content\/uploads\/2014\/06\/Museo-Oteiza-768x1024.jpg 768w, https:\/\/www.baztan.eus\/wp-content\/uploads\/2014\/06\/Museo-Oteiza.jpg 1704w\" sizes=\"auto, (max-width: 224px) 100vw, 224px\" \/><\/a><\/p>\n<h3>Museo Etnogr\u00e1fico Baztan Jorge Oteiza\/ Colecci\u00f3n Javier Ciga<\/h3>\n<p>Calle Braulio Iriarte, 37<\/p>\n<p>31700 Elizondo<\/p>\n<p>T: 948 581 517<\/p>\n<p>&nbsp;<\/p>\n","protected":false},"excerpt":{"rendered":"<p>PARQUE ESCULT\u00d3RICO SANTXOTENA \u00a0 En contacto directo con la naturaleza y en pleno valle de Baztan, el artista Xabier Santxotena nos invita a conocer su museo al aire libre. En este espacio, la mitolog\u00eda vasca cobra protagonismo a trav\u00e9s de la madera. Santxotena talla los m\u00e1s diversos personajes que se entremezclan con un paisaje donde [&hellip;]<\/p>\n","protected":false},"author":133,"featured_media":0,"parent":13416,"menu_order":11,"comment_status":"closed","ping_status":"closed","template":"","meta":{"_exactmetrics_skip_tracking":false,"_exactmetrics_sitenote_active":false,"_exactmetrics_sitenote_note":"","_exactmetrics_sitenote_category":0,"footnotes":""},"class_list":["post-13448","page","type-page","status-publish","hentry"],"_links":{"self":[{"href":"https:\/\/www.baztan.eus\/es\/wp-json\/wp\/v2\/pages\/13448","targetHints":{"allow":["GET"]}}],"collection":[{"href":"https:\/\/www.baztan.eus\/es\/wp-json\/wp\/v2\/pages"}],"about":[{"href":"https:\/\/www.baztan.eus\/es\/wp-json\/wp\/v2\/types\/page"}],"author":[{"embeddable":true,"href":"https:\/\/www.baztan.eus\/es\/wp-json\/wp\/v2\/users\/133"}],"replies":[{"embeddable":true,"href":"https:\/\/www.baztan.eus\/es\/wp-json\/wp\/v2\/comments?post=13448"}],"version-history":[{"count":0,"href":"https:\/\/www.baztan.eus\/es\/wp-json\/wp\/v2\/pages\/13448\/revisions"}],"up":[{"embeddable":true,"href":"https:\/\/www.baztan.eus\/es\/wp-json\/wp\/v2\/pages\/13416"}],"wp:attachment":[{"href":"https:\/\/www.baztan.eus\/es\/wp-json\/wp\/v2\/media?parent=13448"}],"curies":[{"name":"wp","href":"https:\/\/api.w.org\/{rel}","templated":true}]}}