{"id":13468,"date":"2014-09-05T11:43:30","date_gmt":"2014-09-05T09:43:30","guid":{"rendered":"http:\/\/w2.baztan.eus\/presentacion-datos-de-contacto\/"},"modified":"2025-10-21T13:05:07","modified_gmt":"2025-10-21T13:05:07","slug":"presentacion-datos-de-contacto","status":"publish","type":"page","link":"https:\/\/www.baztan.eus\/es\/servicios\/escuela-de-musica\/presentacion-datos-de-contacto\/","title":{"rendered":"Presentaci\u00f3n- Datos de contacto"},"content":{"rendered":"<p align=\"center\"><b>HISTORIA DE LA ESCUELA<\/b><\/p>\n<p>La Escuela de M\u00fasica de Baztan inici\u00f3 su andadura en el curso 1987-1988. En la actualidad cuenta con m\u00e1s de 150 alumnos y 11 profesores. Es de titularidad municipal y se encuentra ubicada dentro de las dependencias del colegio p\u00fablico de Elizondo.<\/p>\n<p align=\"center\"><b>DATOS DE CONTACTO<\/b><\/p>\n<p>Nombre : Escuela de M\u00fasica de Baztan<\/p>\n<p>Direcci\u00f3n: C\/ Erabeta s\/n, 31700 Elizondo<\/p>\n<p>Tel.: 671 20 20 18<\/p>\n<p>Email: <a href=\"mailto:musikaeskola@baztangoudala.eu\">musikaeskola@baztan.eus<\/a><\/p>\n<p>Horario de atenci\u00f3n al p\u00fablico: martes de 15:00 a 18:00 horas, de septiembre a junio.<\/p>\n","protected":false},"excerpt":{"rendered":"<p>HISTORIA DE LA ESCUELA La Escuela de M\u00fasica de Baztan inici\u00f3 su andadura en el curso 1987-1988. En la actualidad cuenta con m\u00e1s de 150 alumnos y 11 profesores. Es de titularidad municipal y se encuentra ubicada dentro de las dependencias del colegio p\u00fablico de Elizondo. DATOS DE CONTACTO Nombre : Escuela de M\u00fasica de [&hellip;]<\/p>\n","protected":false},"author":49,"featured_media":0,"parent":13424,"menu_order":3,"comment_status":"closed","ping_status":"closed","template":"","meta":{"_exactmetrics_skip_tracking":false,"_exactmetrics_sitenote_active":false,"_exactmetrics_sitenote_note":"","_exactmetrics_sitenote_category":0,"footnotes":""},"class_list":["post-13468","page","type-page","status-publish","hentry"],"_links":{"self":[{"href":"https:\/\/www.baztan.eus\/es\/wp-json\/wp\/v2\/pages\/13468","targetHints":{"allow":["GET"]}}],"collection":[{"href":"https:\/\/www.baztan.eus\/es\/wp-json\/wp\/v2\/pages"}],"about":[{"href":"https:\/\/www.baztan.eus\/es\/wp-json\/wp\/v2\/types\/page"}],"author":[{"embeddable":true,"href":"https:\/\/www.baztan.eus\/es\/wp-json\/wp\/v2\/users\/49"}],"replies":[{"embeddable":true,"href":"https:\/\/www.baztan.eus\/es\/wp-json\/wp\/v2\/comments?post=13468"}],"version-history":[{"count":2,"href":"https:\/\/www.baztan.eus\/es\/wp-json\/wp\/v2\/pages\/13468\/revisions"}],"predecessor-version":[{"id":25894,"href":"https:\/\/www.baztan.eus\/es\/wp-json\/wp\/v2\/pages\/13468\/revisions\/25894"}],"up":[{"embeddable":true,"href":"https:\/\/www.baztan.eus\/es\/wp-json\/wp\/v2\/pages\/13424"}],"wp:attachment":[{"href":"https:\/\/www.baztan.eus\/es\/wp-json\/wp\/v2\/media?parent=13468"}],"curies":[{"name":"wp","href":"https:\/\/api.w.org\/{rel}","templated":true}]}}