{"id":13476,"date":"2014-09-05T12:20:24","date_gmt":"2014-09-05T10:20:24","guid":{"rendered":"http:\/\/w2.baztan.eus\/matricula\/"},"modified":"2014-09-05T12:20:24","modified_gmt":"2014-09-05T10:20:24","slug":"matricula","status":"publish","type":"page","link":"https:\/\/www.baztan.eus\/es\/servicios\/escuela-de-musica\/informacion-practica\/matricula\/","title":{"rendered":"Matr\u00edcula"},"content":{"rendered":"<p align=\"center\"><b>NORMATIVA DE MATRICULACI\u00d3N<\/b><\/p>\n<p>ALUMNOS NUEVOS<\/p>\n<ol>\n<li>Los alumnos que deseen ingresar en la Escuela de M\u00fasica habr\u00e1n de cumplimentar la ficha de inscripci\u00f3n antes del 20 de junio y entregarla en la Escuela de m\u00fasica. Del 1 al 10 de septiembre se abrir\u00e1 de nuevo el plazo de matr\u00edcula.<\/li>\n<\/ol>\n<p>Junto a la inscripci\u00f3n:<\/p>\n<ul>\n<li>Copia del Libro de familia.<\/li>\n<li>Copia del T\u00edtulo de Familia numerosa, si as\u00ed fuera.<\/li>\n<li>Una fotograf\u00eda.<\/li>\n<li>N\u00ba de cuenta bancaria.<\/li>\n<\/ul>\n<p>ALUMNOS\/AS OFICIALES<\/p>\n<p>1. Para el pr\u00f3ximo curso, todos los alumnos oficiales de la Escuela de m\u00fasica que deseen continuar quedar\u00e1n autom\u00e1ticamente matriculados sin que tengan que formalizar la matr\u00edcula rellenando el impreso como otros a\u00f1os. S\u00f3lo aquel que vaya a darse de baja o a modificar alguna asignatura con respecto al curso anterior (inscripci\u00f3n o cambio de instrumento, armon\u00eda, etc.), deber\u00e1 rellenar el impreso que se le proporcionar\u00e1 en la Escuela de M\u00fasica y deber\u00e1 entregarlo entre el 15 y 20 de junio. De no hacerlo entre estas fechas, se entiende que queda matriculado para el curso que viene.<\/p>\n<p>PARA TODO EL ALUMNADO<\/p>\n<ol>\n<li>En la cuota de septiembre se cobrar\u00e1n 6 \u20ac en concepto de material.<\/li>\n<li>Para que la matr\u00edcula sea definitiva ser\u00e1 necesario que todas las tasas correspondientes al curso anterior est\u00e9n abonadas. Si no fuera as\u00ed no se reservar\u00e1 plaza.<\/li>\n<li>Al formalizar la matr\u00edcula el o la alumna (o el\/la tutora en su caso) se compromete a aceptar las normas de funcionamiento de la escuela.<\/li>\n<li>La matriculaci\u00f3n conlleva la garant\u00eda de plaza en la Escuela de M\u00fasica para todo el curso. As\u00ed pues, el o la alumna (o el\/la tutora en su caso) habr\u00e1 de cumplir con las obligaciones derivadas de ello (la asistencia a clases y actividades, el abono completo de las tasas\u2026).<\/li>\n<li>Si se solicita la baja voluntaria el o la alumna (o el\/la tutora en su caso) habr\u00e1 de comunic\u00e1rselo a la Direcci\u00f3n del centro y abonar todas las tasas que se deban hasta ese momento, incluida la del mes correspondiente a la fecha de solicitud de la baja.<\/li>\n<li>La matriculaci\u00f3n conlleva la aceptaci\u00f3n de esta normativa.<\/li>\n<li>Una vez matriculado, en caso de baja se cobrar\u00e1 el trimestre completo.<\/li>\n<\/ol>\n","protected":false},"excerpt":{"rendered":"<p>NORMATIVA DE MATRICULACI\u00d3N ALUMNOS NUEVOS Los alumnos que deseen ingresar en la Escuela de M\u00fasica habr\u00e1n de cumplimentar la ficha de inscripci\u00f3n antes del 20 de junio y entregarla en la Escuela de m\u00fasica. Del 1 al 10 de septiembre se abrir\u00e1 de nuevo el plazo de matr\u00edcula. Junto a la inscripci\u00f3n: Copia del Libro [&hellip;]<\/p>\n","protected":false},"author":9322,"featured_media":0,"parent":13474,"menu_order":4,"comment_status":"closed","ping_status":"closed","template":"","meta":{"_exactmetrics_skip_tracking":false,"_exactmetrics_sitenote_active":false,"_exactmetrics_sitenote_note":"","_exactmetrics_sitenote_category":0,"footnotes":""},"class_list":["post-13476","page","type-page","status-publish","hentry"],"_links":{"self":[{"href":"https:\/\/www.baztan.eus\/es\/wp-json\/wp\/v2\/pages\/13476","targetHints":{"allow":["GET"]}}],"collection":[{"href":"https:\/\/www.baztan.eus\/es\/wp-json\/wp\/v2\/pages"}],"about":[{"href":"https:\/\/www.baztan.eus\/es\/wp-json\/wp\/v2\/types\/page"}],"author":[{"embeddable":true,"href":"https:\/\/www.baztan.eus\/es\/wp-json\/wp\/v2\/users\/9322"}],"replies":[{"embeddable":true,"href":"https:\/\/www.baztan.eus\/es\/wp-json\/wp\/v2\/comments?post=13476"}],"version-history":[{"count":0,"href":"https:\/\/www.baztan.eus\/es\/wp-json\/wp\/v2\/pages\/13476\/revisions"}],"up":[{"embeddable":true,"href":"https:\/\/www.baztan.eus\/es\/wp-json\/wp\/v2\/pages\/13474"}],"wp:attachment":[{"href":"https:\/\/www.baztan.eus\/es\/wp-json\/wp\/v2\/media?parent=13476"}],"curies":[{"name":"wp","href":"https:\/\/api.w.org\/{rel}","templated":true}]}}