{"id":13542,"date":"2016-03-11T10:43:48","date_gmt":"2016-03-11T09:43:48","guid":{"rendered":"http:\/\/w2.baztan.eus\/2-1\/"},"modified":"2016-03-11T10:43:48","modified_gmt":"2016-03-11T09:43:48","slug":"2-1","status":"publish","type":"page","link":"https:\/\/www.baztan.eus\/es\/servicios\/oinarrizko-gizarte-zerbitzuak-servicios-sociales-base\/2-1\/","title":{"rendered":"2.1."},"content":{"rendered":"<p><!--StartFragment--><a href=\"http:\/\/www.baztan.eus\/wp-content\/uploads\/2016\/03\/guardasola_web.jpg\"><img loading=\"lazy\" decoding=\"async\" class=\"alignleft  wp-image-3302\" src=\"http:\/\/www.baztan.eus\/wp-content\/uploads\/2016\/03\/guardasola_web.jpg\" alt=\"guardasola_web\" width=\"610\" height=\"100\" \/><\/a><!--EndFragment--><\/p>\n<table width=\"716\">\n<tbody>\n<tr>\n<td style=\"width: 250px\"><!--StartFragment--><\/p>\n<h5><span style=\"color: #33cccc\"><strong>\u2688<\/strong><\/span>\u00a0 HARRERA ETA ORIENTABIDE SOZIALEKO PROGRAMA<\/h5>\n<p><!--EndFragment--><\/td>\n<td style=\"width: 250px\">\n<p><!--StartFragment--><\/p>\n<p><!--StartFragment--><\/p>\n<h5><span style=\"color: #33cccc\"><strong>\u2688<\/strong><\/span>\u00a0 PROGRAMA ATENCI\u00d3N Y ORIENTACI\u00d3N SOCIAL<\/h5>\n<p><!--EndFragment--><\/td>\n<\/tr>\n<tr>\n<td style=\"width: 250px\">\n<p>Banakakoaren\/familiaren arreta:<!--StartFragment-->pertsonen behar sozialak antzematea, haien gabeziak, gaitasunak, ahalmenak eta lehentasunak kontuan hartuta, behar horiei hasierako erantzuna eman eta oinarrizko gizarte zerbitzuko bertze programa batzuetara edo bertze gizarte zerbitzu espezializatuetara igortzeko.<!--EndFragment--><\/p>\n<p><!--StartFragment-->Arreta komunitarioa: elkarteak eta herritar guztiak jendarteratzearen alde egiten duten bertzelako laguntza sozialerako bideak bultzatu eta sustatzea, eta populazio osoari edo\/eta giza talde zehatzeei zuzendutako jarrera sozial positiboen alde egitea.<!--EndFragment--><\/p>\n<p><!--StartFragment-->Astelehenetik ortziralera goizez bai hitzorduarekin bai hitzordu gabe jendearen eskaerak jasoko dituen gizarte langilea dago.<!--EndFragment--><\/p>\n<p><!--StartFragment-->Ortzegunetan harrera Urdazubi eta Zugarramurdin egiten da.<!--EndFragment--><\/p>\n<p><!--StartFragment-->Hitzordua hartzeko 948 58 00 06ra deitu beharra dago.<!--EndFragment--><\/p>\n<p><!--StartFragment-->Bulegoa Baztango Udaleko beheko solairuan dago.<!--EndFragment--><\/td>\n<td style=\"width: 250px\">\n<p>Atenci\u00f3n individual\/familiar: \u00b7 Detectar las necesidades sociales de las personas teniendo en cuenta sus carencias, capacidades, potencialidades y prioridades para dar una primera respuesta a esas necesidades, derivar a otros programas del Servicio Social de Base o a otros servicios sociales especializados.<\/p>\n<p>Atenci\u00f3n comunitaria: Apoyar y fomentar el asociacionismo y otras formas de apoyo social que favorezcan la integraci\u00f3n social de toda la ciudadan\u00eda y promocionar actitudes sociales positivas dirigidas a toda la poblaci\u00f3n y\/o colectivos concretos.<\/p>\n<p>Hay una trabajadora social que atender\u00e1 las solicitudes de la gente de lunes a viernes por la ma\u00f1ana con o sin cita. Los jueves se atiende en Urdazubi y Zugarramurdi.<\/p>\n<p>Para pedir cita hay que llamar al 948 58 00 06.<\/p>\n<p>La oficina est\u00e1 en el piso bajo del Ayuntamiento de Baztan.<\/td>\n<\/tr>\n<\/tbody>\n<\/table>\n<p><!--StartFragment--><\/p>\n<p><!--EndFragment--><\/p>\n","protected":false},"excerpt":{"rendered":"<p>\u2688\u00a0 HARRERA ETA ORIENTABIDE SOZIALEKO PROGRAMA \u2688\u00a0 PROGRAMA ATENCI\u00d3N Y ORIENTACI\u00d3N SOCIAL Banakakoaren\/familiaren arreta:pertsonen behar sozialak antzematea, haien gabeziak, gaitasunak, ahalmenak eta lehentasunak kontuan hartuta, behar horiei hasierako erantzuna eman eta oinarrizko gizarte zerbitzuko bertze programa batzuetara edo bertze gizarte zerbitzu espezializatuetara igortzeko. Arreta komunitarioa: elkarteak eta herritar guztiak jendarteratzearen alde egiten duten bertzelako laguntza [&hellip;]<\/p>\n","protected":false},"author":9311,"featured_media":0,"parent":13422,"menu_order":0,"comment_status":"closed","ping_status":"closed","template":"","meta":{"_exactmetrics_skip_tracking":false,"_exactmetrics_sitenote_active":false,"_exactmetrics_sitenote_note":"","_exactmetrics_sitenote_category":0,"footnotes":""},"class_list":["post-13542","page","type-page","status-publish","hentry"],"_links":{"self":[{"href":"https:\/\/www.baztan.eus\/es\/wp-json\/wp\/v2\/pages\/13542","targetHints":{"allow":["GET"]}}],"collection":[{"href":"https:\/\/www.baztan.eus\/es\/wp-json\/wp\/v2\/pages"}],"about":[{"href":"https:\/\/www.baztan.eus\/es\/wp-json\/wp\/v2\/types\/page"}],"author":[{"embeddable":true,"href":"https:\/\/www.baztan.eus\/es\/wp-json\/wp\/v2\/users\/9311"}],"replies":[{"embeddable":true,"href":"https:\/\/www.baztan.eus\/es\/wp-json\/wp\/v2\/comments?post=13542"}],"version-history":[{"count":0,"href":"https:\/\/www.baztan.eus\/es\/wp-json\/wp\/v2\/pages\/13542\/revisions"}],"up":[{"embeddable":true,"href":"https:\/\/www.baztan.eus\/es\/wp-json\/wp\/v2\/pages\/13422"}],"wp:attachment":[{"href":"https:\/\/www.baztan.eus\/es\/wp-json\/wp\/v2\/media?parent=13542"}],"curies":[{"name":"wp","href":"https:\/\/api.w.org\/{rel}","templated":true}]}}