{"id":13550,"date":"2016-03-14T11:48:50","date_gmt":"2016-03-14T10:48:50","guid":{"rendered":"http:\/\/w2.baztan.eus\/2-2\/"},"modified":"2016-03-14T11:48:50","modified_gmt":"2016-03-14T10:48:50","slug":"2-2","status":"publish","type":"page","link":"https:\/\/www.baztan.eus\/es\/servicios\/oinarrizko-gizarte-zerbitzuak-servicios-sociales-base\/2-2\/","title":{"rendered":"2.2."},"content":{"rendered":"<p><!--StartFragment--><a href=\"http:\/\/www.baztan.eus\/wp-content\/uploads\/2016\/03\/guardasola_web.jpg\"><img loading=\"lazy\" decoding=\"async\" class=\"alignleft  wp-image-3302\" src=\"http:\/\/www.baztan.eus\/wp-content\/uploads\/2016\/03\/guardasola_web.jpg\" alt=\"guardasola_web\" width=\"610\" height=\"100\" \/><\/a><!--EndFragment--><\/p>\n<table width=\"716\">\n<tbody>\n<tr>\n<td style=\"width: 250px\"><!--StartFragment--><\/p>\n<h5><span style=\"color: #33cccc\"><strong>\u2688 <\/strong><\/span>AUTONOMIA PERTSONALA SUSTATU ETA MENPEKOTASUNA DUTEN PERTSONEI LAGUNTZEKO PROGRAMA<\/h5>\n<\/td>\n<td style=\"width: 250px\">\n<h5><span style=\"color: #33cccc\"><strong>\u2688 <\/strong><\/span>PROGRAMA DE PROMOCI\u00d3N DE LA AUTONOM\u00cdA PERSONAL Y ATENCI\u00d3N A LAS PERSONAS EN SITUACI\u00d3N DE DEPENDENCIA<\/h5>\n<p><!--EndFragment--><\/p>\n<p><!--EndFragment--><\/td>\n<\/tr>\n<tr>\n<td style=\"width: 250px\">\n<p><!--StartFragment-->Programa honen bitartez adinekoen eta\/edo menpekotasun egoeran dauden beharrei erantzuna eman nahi zaie, prebentzio edo laguntza jardueren bitartez. Bi helburu nagusi ditu: Batetik, menpekotasun egoerak prebenitzea eta beren kabuz bizitzeko zailtasunak dituzten pertsonak edo horrelako egoeran egoteko arriskuan daudenak atenditzea, eta bertzetik, erabiltzaileen bizi-kalitea eta autonomia pertsonala hobetzea, laguntza-, prebentzio-, hezkuntza- eta erreabilitazio-arloetatik, pertsonaren beharren arabera betiere.<\/p>\n<p><a href=\"http:\/\/www.baztan.eus\/wp-content\/uploads\/2016\/03\/foiletoa.pdf\" class=\"mtli_attachment mtli_pdf\">Etxez-etxeko zerbitzua <span style=\"color: #33cccc\">&gt;&gt;<\/span><\/a><\/p>\n<p><!--StartFragment--> <!--StartFragment--><a href=\"https:\/\/www.navarra.es\/home_eu\/Actualidad\/BON\/Boletines\/2015\/21\/Anuncio-11\/\">Ezintasun txartelen tramitazioa<!--EndFragment--> <span style=\"color: #33cccc\">&gt;&gt;<\/span><\/a><\/p>\n<p><!--EndFragment--><!--EndFragment--><!--EndFragment-->Zonaldean zerbitzua eskaintzen duten elkarteak:<\/p>\n<p><span style=\"color: #800080\"><span style=\"color: #800080\"><strong>o\u00a0\u00a0\u00a0\u00a0 <\/strong><\/span><\/span>Xauli<\/p>\n<p><span style=\"color: #800080\"><span style=\"color: #800080\"><strong>o\u00a0\u00a0\u00a0\u00a0 <\/strong><span style=\"color: #808080\">Afina<\/span><\/span><\/span><\/p>\n<p><span style=\"color: #800080\"><span style=\"color: #800080\"><span style=\"color: #800080\"><strong>o\u00a0\u00a0\u00a0\u00a0 <\/strong><\/span><\/span><\/span>Anasaps-Dizdira<\/p>\n<p><span style=\"color: #800080\"><span style=\"color: #800080\"><span style=\"color: #800080\"><strong>o\u00a0\u00a0\u00a0\u00a0 <\/strong><span style=\"color: #808080\">Anfas<\/span><\/span><\/span><\/span><\/p>\n<p><span style=\"color: #800080\"><span style=\"color: #800080\"><span style=\"color: #800080\"><strong>o\u00a0\u00a0\u00a0\u00a0 <\/strong><\/span><\/span><\/span>Acodifna<\/p>\n<p style=\"padding-left: 30px\"><span style=\"text-decoration: underline\"><strong>Legedia<\/strong><\/span><\/p>\n<p style=\"padding-left: 30px\">39\/2006 Legea, abenduaren 14koa, Autonomia Pertsonala Sustatzeari eta mendetasun-egoeran dauden pertsonak zaintzeari buruzkoa.<\/p>\n<p><span style=\"color: #000000\"><span style=\"color: #000000\"><span style=\"color: #000000\"><span style=\"color: #000000\"><span style=\"color: #000000\"><span style=\"color: #000000\"><span style=\"color: #000000\">\u00a0<\/span><\/span><\/span><\/span><\/span><\/span><\/span><strong><span style=\"color: #99cc00\">o<\/span><\/strong>\u00a0\u00a0\u00a0<a href=\"https:\/\/sites.google.com\/site\/euskallegezalea\/392006legea,autonomiapertsonalasustatzea\"><span style=\"color: #808080\"><span style=\"color: #000000\"><span style=\"color: #000000\"><span style=\"color: #000000\"><span style=\"color: #000000\"><span style=\"color: #000000\"><span style=\"color: #000000\">https:\/\/sites.google.com\/site\/euskallegezalea\/392006legea,autonomiapertsonalasustatzea<\/span><\/span><\/span><\/span><\/span><\/span><\/span> <span style=\"color: #99cc00\"><span style=\"color: #99cc00\">&gt;&gt;<\/span><\/span><\/a><\/p>\n<p><!--EndFragment--><!--EndFragment--><\/td>\n<td style=\"width: 250px\">\n<p>A trav\u00e9s de este programa se pretende dar respuesta a las necesidades de las personas mayores y\/o dependientes. Tiene dos objetivos principales: por un lado, prevenir situaciones de dependencia y atender a las personas con problemas de autovalimiento o en riesgo de padecerlos, y por otro, mejorar la calidad de vida y la autonom\u00eda personal de las personas usuarias, desde los \u00e1mbitos asistencial, preventivo, educador y rehabilitador seg\u00fan las necesidades de la persona.<\/p>\n<p><!--StartFragment--><!--StartFragment--><a href=\"http:\/\/www.baztan.eus\/wp-content\/uploads\/2016\/03\/foiletoa.pdf\" class=\"mtli_attachment mtli_pdf\">Servicio de Atenci\u00f3n a Domicilio (SAD)<!--EndFragment--> <span style=\"color: #33cccc\">&gt;&gt;<\/span><\/a><\/p>\n<p><!--StartFragment--><a href=\"https:\/\/www.navarra.es\/home_es\/Actualidad\/BON\/Boletines\/2015\/21\/Anuncio-11\/\">Tramitaci\u00f3n de tarjetas de discapacidad\u00a0<span style=\"color: #33cccc\">&gt;&gt;<\/span><\/a><\/p>\n<p>Asociaciones que ofrecen sus servicios en la zona:<\/p>\n<p><!--StartFragment--><span style=\"color: #800080\"><span style=\"color: #800080\"><strong>o\u00a0\u00a0\u00a0\u00a0 <\/strong><span style=\"color: #808080\">Xauli<strong><br \/>\n<\/strong><\/span><\/span><\/span><\/p>\n<p><!--StartFragment--><span style=\"color: #800080\"><span style=\"color: #800080\"><strong>o\u00a0\u00a0\u00a0\u00a0 <\/strong><span style=\"color: #808080\">Afina<\/span><\/span><\/span><\/p>\n<p><span style=\"color: #800080\"><span style=\"color: #800080\"><span style=\"color: #800080\"><strong>o\u00a0\u00a0\u00a0\u00a0 <\/strong><\/span><\/span><\/span>Anasaps-Dizdira<\/p>\n<p><span style=\"color: #800080\"><span style=\"color: #800080\"><span style=\"color: #800080\"><strong>o\u00a0\u00a0\u00a0\u00a0 <\/strong><span style=\"color: #808080\">Anfas<\/span><\/span><\/span><\/span><\/p>\n<p><!--EndFragment--><!--StartFragment--><span style=\"color: #800080\"><span style=\"color: #800080\"><span style=\"color: #800080\"><strong>o\u00a0\u00a0\u00a0\u00a0 <\/strong><\/span><\/span><\/span>Acodifna<!--EndFragment--><\/p>\n<p style=\"padding-left: 30px\"><span style=\"text-decoration: underline\"><strong>Legislaci\u00f3n<\/strong><\/span><\/p>\n<p style=\"padding-left: 30px\">Ley 39\/2006, de 14 de diciembre, de Promoci\u00f3n de la Autonom\u00eda Personal y Atenci\u00f3n a las personas en situaci\u00f3n de dependencia.<\/p>\n<p><!--StartFragment--><span style=\"color: #000000\"><span style=\"color: #000000\"><span style=\"color: #000000\"><span style=\"color: #000000\"><span style=\"color: #000000\"><span style=\"color: #000000\"><span style=\"color: #000000\">\u00a0<\/span><\/span><\/span><\/span><\/span><\/span><\/span><strong><span style=\"color: #99cc00\">o<\/span><\/strong>\u00a0\u00a0\u00a0<!--StartFragment--><a href=\"https:\/\/www.boe.es\/buscar\/doc.php?id=BOE-A-2006-21990\">https:\/\/www.boe.es\/buscar\/doc.php?id=BOE-A-2006-21990<!--EndFragment--> <span style=\"color: #99cc00\"><span style=\"color: #99cc00\">&gt;&gt;<\/span><\/span><\/a><\/td>\n<\/tr>\n<\/tbody>\n<\/table>\n<p><!--StartFragment--><\/p>\n<p><!--EndFragment--><\/p>\n","protected":false},"excerpt":{"rendered":"<p>\u2688 AUTONOMIA PERTSONALA SUSTATU ETA MENPEKOTASUNA DUTEN PERTSONEI LAGUNTZEKO PROGRAMA \u2688 PROGRAMA DE PROMOCI\u00d3N DE LA AUTONOM\u00cdA PERSONAL Y ATENCI\u00d3N A LAS PERSONAS EN SITUACI\u00d3N DE DEPENDENCIA Programa honen bitartez adinekoen eta\/edo menpekotasun egoeran dauden beharrei erantzuna eman nahi zaie, prebentzio edo laguntza jardueren bitartez. Bi helburu nagusi ditu: Batetik, menpekotasun egoerak prebenitzea eta beren [&hellip;]<\/p>\n","protected":false},"author":9311,"featured_media":0,"parent":13422,"menu_order":0,"comment_status":"closed","ping_status":"closed","template":"","meta":{"_exactmetrics_skip_tracking":false,"_exactmetrics_sitenote_active":false,"_exactmetrics_sitenote_note":"","_exactmetrics_sitenote_category":0,"footnotes":""},"class_list":["post-13550","page","type-page","status-publish","hentry"],"_links":{"self":[{"href":"https:\/\/www.baztan.eus\/es\/wp-json\/wp\/v2\/pages\/13550","targetHints":{"allow":["GET"]}}],"collection":[{"href":"https:\/\/www.baztan.eus\/es\/wp-json\/wp\/v2\/pages"}],"about":[{"href":"https:\/\/www.baztan.eus\/es\/wp-json\/wp\/v2\/types\/page"}],"author":[{"embeddable":true,"href":"https:\/\/www.baztan.eus\/es\/wp-json\/wp\/v2\/users\/9311"}],"replies":[{"embeddable":true,"href":"https:\/\/www.baztan.eus\/es\/wp-json\/wp\/v2\/comments?post=13550"}],"version-history":[{"count":0,"href":"https:\/\/www.baztan.eus\/es\/wp-json\/wp\/v2\/pages\/13550\/revisions"}],"up":[{"embeddable":true,"href":"https:\/\/www.baztan.eus\/es\/wp-json\/wp\/v2\/pages\/13422"}],"wp:attachment":[{"href":"https:\/\/www.baztan.eus\/es\/wp-json\/wp\/v2\/media?parent=13550"}],"curies":[{"name":"wp","href":"https:\/\/api.w.org\/{rel}","templated":true}]}}