{"id":13554,"date":"2016-03-22T09:23:14","date_gmt":"2016-03-22T08:23:14","guid":{"rendered":"http:\/\/w2.baztan.eus\/pan-cereales-arroz-pasta-y-patatas\/"},"modified":"2016-03-22T09:23:14","modified_gmt":"2016-03-22T08:23:14","slug":"pan-cereales-arroz-pasta-y-patatas","status":"publish","type":"page","link":"https:\/\/www.baztan.eus\/es\/13352-2\/productos-de-baztan\/pan-cereales-arroz-pasta-y-patatas\/","title":{"rendered":"Pan, cereales, arroz, pasta y patatas"},"content":{"rendered":"<p style=\"text-align: justify\">Nos proveen de una fuente importante de energ\u00eda y deben constituir la base de nuestra alimentaci\u00f3n.<\/p>\n<table style=\"height: 165px\" width=\"729\">\n<thead>\n<tr>\n<td style=\"text-align: left\"><strong>Frecuencia recomendada<br \/>\n<\/strong><\/td>\n<td style=\"text-align: left\"><strong>Peso de cada raci\u00f3n (en crudo y neto)<\/strong><\/td>\n<td style=\"text-align: left\"><strong>Medidas caseras<br \/>\n<\/strong><\/td>\n<\/tr>\n<\/thead>\n<tbody>\n<tr style=\"height: 10px\">\n<td>\n<p style=\"text-align: justify\"><a href=\"http:\/\/www.baztan.eus\/wp-content\/uploads\/2016\/03\/irina_2.jpg\"><img loading=\"lazy\" decoding=\"async\" class=\"alignleft wp-image-3592 size-full\" src=\"http:\/\/www.baztan.eus\/wp-content\/uploads\/2016\/03\/irina_2.jpg\" alt=\"irina_2\" width=\"446\" height=\"98\" srcset=\"https:\/\/www.baztan.eus\/wp-content\/uploads\/2016\/03\/irina_2.jpg 446w, https:\/\/www.baztan.eus\/wp-content\/uploads\/2016\/03\/irina_2-300x65.jpg 300w\" sizes=\"auto, (max-width: 446px) 100vw, 446px\" \/><\/a><\/p>\n<p style=\"text-align: left\">4-6 raciones\/d\u00eda. Seg\u00fan grado de actividad f\u00edsica.<\/p>\n<\/td>\n<td>\n<p>40-60 g pan<\/p>\n<p>60-80 g pasta, arroz<\/p>\n<p>150-200 g patata<\/td>\n<td>\n<p>3-4 rebanadas de pan o panecillo<\/p>\n<p>1 plato normal<\/p>\n<p>1 patata grande \u00f3 2 peque\u00f1as<\/td>\n<\/tr>\n<\/tbody>\n<\/table>\n<p>Fuente: SENC y semFYC<\/p>\n<h5><span style=\"color: #808000\"><strong>Disponibles en Baztan:<\/strong><\/span><\/h5>\n<p><span style=\"color: #333399\"><strong>Casta\u00f1a<\/strong><\/span><\/p>\n<p style=\"padding-left: 30px\"><span style=\"color: #808000\"><strong>Temporada<\/strong><\/span>: <span style=\"color: #000000\">Septiembre-octubre<\/span><\/p>\n<p style=\"padding-left: 30px\"><strong><span style=\"color: #808000\">Recetas:<\/span><\/strong><\/p>\n<p style=\"padding-left: 30px\"><a href=\"http:\/\/www.baztan.eus\/wp-content\/uploads\/2020\/10\/gaztaina.pdf\" class=\"mtli_attachment mtli_pdf\">Crema de casta\u00f1as<\/a><a href=\"https:\/\/www.youtube.com\/watch?v=y1raIrMSMjE\" target=\"_blank\" rel=\"noopener noreferrer\"><img loading=\"lazy\" decoding=\"async\" class=\"alignnone size-full wp-image-3559\" src=\"http:\/\/www.baztan.eus\/wp-content\/uploads\/2016\/03\/logo_1x-e1468319862478.png\" alt=\"\" width=\"36\" height=\"15\" \/><\/a><\/p>\n<p style=\"padding-left: 30px\"><a href=\"http:\/\/www.baztan.eus\/wp-content\/uploads\/2019\/11\/gaztaina.pdf\" class=\"mtli_attachment mtli_pdf\" target=\"_blank\" rel=\"noopener noreferrer\"><span style=\"color: #000000\"><span style=\"color: #0000ff\">Hamburguesa de casta\u00f1as y setas<\/span><\/span>\u00a0<\/a><a href=\"https:\/\/www.youtube.com\/watch?v=-cZ6kvFABzI\" target=\"_blank\" rel=\"noopener noreferrer\"><img loading=\"lazy\" decoding=\"async\" class=\"alignnone wp-image-3559 size-full\" src=\"http:\/\/www.baztan.eus\/wp-content\/uploads\/2016\/03\/logo_1x-e1468319862478.png\" alt=\"\" width=\"36\" height=\"15\" \/><\/a><\/p>\n<p><span style=\"color: #333399\"><strong>Pan<\/strong><\/span><\/p>\n<p style=\"padding-left: 30px\"><span style=\"color: #808000\"><strong>Temporada: <\/strong><\/span><span style=\"color: #000000\">Todo el a\u00f1o.<\/span><\/p>\n<p style=\"padding-left: 30px\"><span style=\"color: #808000\"><strong>Recetas:<\/strong><\/span><\/p>\n<p style=\"padding-left: 30px\"><a href=\"http:\/\/www.baztan.eus\/wp-content\/uploads\/2016\/03\/ogi-eta-gasna-bolak-behin-betikoa.pdf\" class=\"mtli_attachment mtli_pdf\">Alb\u00f3ndigas de pan y queso en salsa de tomate <\/a><a href=\"https:\/\/www.youtube.com\/watch?v=wxPKb9wE0ok\" target=\"_blank\" rel=\"noopener noreferrer\"><img loading=\"lazy\" decoding=\"async\" class=\"alignnone size-full wp-image-3559\" src=\"http:\/\/www.baztan.eus\/wp-content\/uploads\/2016\/03\/logo_1x-e1468319862478.png\" alt=\"logo_1x\" width=\"36\" height=\"15\" \/><\/a><\/p>\n<p style=\"padding-left: 30px\"><a href=\"http:\/\/www.baztan.eus\/wp-content\/uploads\/2016\/03\/ogi-eta-tomate-bonboiak-urdaiazpikoarekin-behin-betikoa.pdf\" class=\"mtli_attachment mtli_pdf\">Bombones de pan y tomate con jam\u00f3n<\/a><a href=\"https:\/\/www.youtube.com\/watch?v=Ji3WXgw-Lmw\" target=\"_blank\" rel=\"noopener noreferrer\"><img loading=\"lazy\" decoding=\"async\" class=\"alignnone size-full wp-image-3559\" src=\"http:\/\/www.baztan.eus\/wp-content\/uploads\/2016\/03\/logo_1x-e1468319862478.png\" alt=\"logo_1x\" width=\"36\" height=\"15\" \/><\/a><\/p>\n<p style=\"padding-left: 30px\"><a href=\"http:\/\/www.baztan.eus\/wp-content\/uploads\/2016\/03\/ogi-biribilkiak-sagar-konpotaz-beteak-behin-betikoa1.pdf\" class=\"mtli_attachment mtli_pdf\">Rollitos de pan rellenos de compota de manzana <\/a><a href=\"https:\/\/www.youtube.com\/watch?v=1lKGZ7PvLPA\" target=\"_blank\" rel=\"noopener noreferrer\"><img loading=\"lazy\" decoding=\"async\" class=\"alignnone size-full wp-image-3559\" src=\"http:\/\/www.baztan.eus\/wp-content\/uploads\/2016\/03\/logo_1x-e1468319862478.png\" alt=\"logo_1x\" width=\"36\" height=\"15\" \/><\/a><\/p>\n<p style=\"padding-left: 30px\"><a href=\"http:\/\/www.baztan.eus\/wp-content\/uploads\/2016\/03\/serviettenknodel-behin-betikoa.pdf\" class=\"mtli_attachment mtli_pdf\">Serviettenkn\u00f6del o embutido de pan <\/a><a href=\"https:\/\/www.youtube.com\/watch?v=JqdRTEDQwCM\" target=\"_blank\" rel=\"noopener noreferrer\"><img loading=\"lazy\" decoding=\"async\" class=\"alignnone size-full wp-image-3559\" src=\"http:\/\/www.baztan.eus\/wp-content\/uploads\/2016\/03\/logo_1x-e1468319862478.png\" alt=\"logo_1x\" width=\"36\" height=\"15\" \/><\/a><\/p>\n<p style=\"padding-left: 30px\"><a href=\"http:\/\/www.baztan.eus\/wp-content\/uploads\/2016\/03\/esnea.pdf\" class=\"mtli_attachment mtli_pdf\">Torrijas caramelizadas<\/a><\/p>\n<p><span style=\"color: #000080\"><strong>Patatas<\/strong><\/span><\/p>\n<p style=\"padding-left: 30px\"><span style=\"color: #808000\"><strong>Temporada: <\/strong><span style=\"color: #000000\">Todo el a\u00f1o (recogen en agosto).<\/span><\/span><\/p>\n<p style=\"padding-left: 30px\"><span style=\"color: #808000\"><strong>Recetas:<\/strong><\/span><\/p>\n<p style=\"padding-left: 30px\"><a href=\"http:\/\/www.baztan.eus\/wp-content\/uploads\/2019\/02\/porru.pdf\" class=\"mtli_attachment mtli_pdf\">Crema de puerros, patata y pera<\/a><a href=\"https:\/\/www.youtube.com\/watch?v=7Ubv91gJUEU\" target=\"_blank\" rel=\"noopener noreferrer\"><img loading=\"lazy\" decoding=\"async\" class=\"alignnone wp-image-3559 size-full\" src=\"http:\/\/www.baztan.eus\/wp-content\/uploads\/2016\/03\/logo_1x-e1468319862478.png\" alt=\"\" width=\"36\" height=\"15\" \/><\/a><\/p>\n<p style=\"padding-left: 30px\"><a href=\"http:\/\/www.baztan.eus\/wp-content\/uploads\/2019\/08\/patata.pdf\" class=\"mtli_attachment mtli_pdf\">Ensalada de patata<\/a><a href=\"https:\/\/www.youtube.com\/watch?v=Mp2mAtMDiZw\" target=\"_blank\" rel=\"noopener noreferrer\"><img loading=\"lazy\" decoding=\"async\" class=\"alignnone wp-image-3559 size-full\" src=\"http:\/\/www.baztan.eus\/wp-content\/uploads\/2016\/03\/logo_1x-e1468319862478.png\" alt=\"\" width=\"36\" height=\"15\" \/><\/a><\/p>\n<p style=\"padding-left: 30px\"><a href=\"http:\/\/www.baztan.eus\/wp-content\/uploads\/2019\/12\/ensaladilla.pdf\" class=\"mtli_attachment mtli_pdf\">Ensaladilla de trucha marinada\u00a0<\/a><a href=\"https:\/\/www.youtube.com\/watch?v=sossfwwQ7pE\" target=\"_blank\" rel=\"noopener noreferrer\"><img loading=\"lazy\" decoding=\"async\" class=\"alignnone wp-image-3559 size-full\" src=\"http:\/\/www.baztan.eus\/wp-content\/uploads\/2016\/03\/logo_1x-e1468319862478.png\" alt=\"\" width=\"36\" height=\"15\" \/><\/a><\/p>\n<p style=\"padding-left: 30px\"><a href=\"http:\/\/www.baztan.eus\/wp-content\/uploads\/2016\/03\/xerra_web.pdf\" class=\"mtli_attachment mtli_pdf\">Estofado de patatas con carne. <\/a><a href=\"https:\/\/www.youtube.com\/watch?v=4XVA4S-0GJQ\" target=\"_blank\" rel=\"noopener noreferrer\"><img loading=\"lazy\" decoding=\"async\" class=\"alignnone size-full wp-image-3559\" src=\"http:\/\/www.baztan.eus\/wp-content\/uploads\/2016\/03\/logo_1x-e1468319862478.png\" alt=\"logo_1x\" width=\"36\" height=\"15\" \/><\/a><\/p>\n<p style=\"padding-left: 30px\"><a href=\"http:\/\/www.baztan.eus\/wp-content\/uploads\/2016\/03\/porrua.pdf\" class=\"mtli_attachment mtli_pdf\">Pastel de puerro y patata <\/a><a href=\"https:\/\/www.youtube.com\/watch?v=E9a5EikcnEU\" target=\"_blank\" rel=\"noopener noreferrer\"><img loading=\"lazy\" decoding=\"async\" class=\"alignnone size-full wp-image-3559\" src=\"http:\/\/www.baztan.eus\/wp-content\/uploads\/2016\/03\/logo_1x-e1468319862478.png\" alt=\"logo_1x\" width=\"36\" height=\"15\" \/><\/a><\/p>\n<p style=\"padding-left: 30px\"><a href=\"http:\/\/www.baztan.eus\/wp-content\/uploads\/2016\/03\/piperra.pdf\" class=\"mtli_attachment mtli_pdf\">Patatas al vapor ali\u00f1adas con pimientos <\/a><a href=\"https:\/\/www.youtube.com\/watch?v=B_Viepfs6Vc\" target=\"_blank\" rel=\"noopener noreferrer\"><img loading=\"lazy\" decoding=\"async\" class=\"alignnone size-full wp-image-3559\" src=\"http:\/\/www.baztan.eus\/wp-content\/uploads\/2016\/03\/logo_1x-e1468319862478.png\" alt=\"logo_1x\" width=\"36\" height=\"15\" \/><\/a><\/p>\n<p style=\"padding-left: 30px\"><a href=\"http:\/\/www.baztan.eus\/wp-content\/uploads\/2016\/03\/haragi-xehatua.pdf\" class=\"mtli_attachment mtli_pdf\">Tarta crujiente de patata a la bolo\u00f1esa. <\/a><a href=\"https:\/\/www.youtube.com\/watch?v=BQyVpQ4xQrc\" target=\"_blank\" rel=\"noopener noreferrer\"><img loading=\"lazy\" decoding=\"async\" class=\"alignnone size-full wp-image-3559\" src=\"http:\/\/www.baztan.eus\/wp-content\/uploads\/2016\/03\/logo_1x-e1468319862478.png\" alt=\"logo_1x\" width=\"36\" height=\"15\" \/><\/a><\/p>\n<p style=\"padding-left: 30px\"><a href=\"http:\/\/www.baztan.eus\/wp-content\/uploads\/2016\/03\/patata.pdf\" class=\"mtli_attachment mtli_pdf\">Un pur\u00e9 diferente de patata y puerro <\/a><a href=\"https:\/\/www.youtube.com\/watch?v=KdcfsoQkcIA\" target=\"_blank\" rel=\"noopener noreferrer\"><img loading=\"lazy\" decoding=\"async\" class=\"alignnone size-full wp-image-3559\" src=\"http:\/\/www.baztan.eus\/wp-content\/uploads\/2016\/03\/logo_1x-e1468319862478.png\" alt=\"logo_1x\" width=\"36\" height=\"15\" \/><\/a><\/p>\n","protected":false},"excerpt":{"rendered":"<p>Nos proveen de una fuente importante de energ\u00eda y deben constituir la base de nuestra alimentaci\u00f3n. Frecuencia recomendada Peso de cada raci\u00f3n (en crudo y neto) Medidas caseras 4-6 raciones\/d\u00eda. Seg\u00fan grado de actividad f\u00edsica. 40-60 g pan 60-80 g pasta, arroz 150-200 g patata 3-4 rebanadas de pan o panecillo 1 plato normal 1 [&hellip;]<\/p>\n","protected":false},"author":19054,"featured_media":0,"parent":13544,"menu_order":2,"comment_status":"closed","ping_status":"closed","template":"","meta":{"_exactmetrics_skip_tracking":false,"_exactmetrics_sitenote_active":false,"_exactmetrics_sitenote_note":"","_exactmetrics_sitenote_category":0,"footnotes":""},"class_list":["post-13554","page","type-page","status-publish","hentry"],"_links":{"self":[{"href":"https:\/\/www.baztan.eus\/es\/wp-json\/wp\/v2\/pages\/13554","targetHints":{"allow":["GET"]}}],"collection":[{"href":"https:\/\/www.baztan.eus\/es\/wp-json\/wp\/v2\/pages"}],"about":[{"href":"https:\/\/www.baztan.eus\/es\/wp-json\/wp\/v2\/types\/page"}],"author":[{"embeddable":true,"href":"https:\/\/www.baztan.eus\/es\/wp-json\/wp\/v2\/users\/19054"}],"replies":[{"embeddable":true,"href":"https:\/\/www.baztan.eus\/es\/wp-json\/wp\/v2\/comments?post=13554"}],"version-history":[{"count":0,"href":"https:\/\/www.baztan.eus\/es\/wp-json\/wp\/v2\/pages\/13554\/revisions"}],"up":[{"embeddable":true,"href":"https:\/\/www.baztan.eus\/es\/wp-json\/wp\/v2\/pages\/13544"}],"wp:attachment":[{"href":"https:\/\/www.baztan.eus\/es\/wp-json\/wp\/v2\/media?parent=13554"}],"curies":[{"name":"wp","href":"https:\/\/api.w.org\/{rel}","templated":true}]}}