{"id":13566,"date":"2016-03-22T09:30:45","date_gmt":"2016-03-22T08:30:45","guid":{"rendered":"http:\/\/w2.baztan.eus\/pescado\/"},"modified":"2016-03-22T09:30:45","modified_gmt":"2016-03-22T08:30:45","slug":"pescado","status":"publish","type":"page","link":"https:\/\/www.baztan.eus\/es\/13352-2\/productos-de-baztan\/pescado\/","title":{"rendered":"Pescado"},"content":{"rendered":"<p style=\"text-align: justify\">Aporta prote\u00ednas, vitamina D, yodo y \u00e1cidos grasos omega-3.<\/p>\n<table>\n<tbody>\n<tr>\n<td><strong>Frecuencia recomendada<\/strong><\/td>\n<td><strong>Peso de cada raci\u00f3n (crudo y neto)<\/strong><\/td>\n<td><strong>Medidas caseras<\/strong><\/td>\n<\/tr>\n<tr>\n<td style=\"text-align: justify\">\n<p>1-3 raciones\/d\u00eda.<\/p>\n<p><a href=\"http:\/\/www.baztan.eus\/wp-content\/uploads\/2016\/03\/pescado1.jpg\"><img loading=\"lazy\" decoding=\"async\" class=\"alignleft wp-image-3595 size-full\" src=\"http:\/\/www.baztan.eus\/wp-content\/uploads\/2016\/03\/pescado1.jpg\" alt=\"pescado\" width=\"185\" height=\"95\" \/><\/a>Ese n\u00famero de raciones diarias corresponde al grupo de alimentos constituido por legumbres, pescado, huevos, carne blanca (pollo, conejo, &#8230;) y frutos secos. Por ello debe alternarse su consumo.<\/td>\n<td>125-150 g<\/td>\n<td>1 filete individual<\/td>\n<\/tr>\n<\/tbody>\n<\/table>\n<p>Fuente: SENC y semFYC<\/p>\n<p><span style=\"color: #000080\"><strong>Trucha<\/strong><\/span><\/p>\n<p style=\"padding-left: 30px\"><span style=\"color: #808000\"><strong>Temporada:<\/strong><\/span> Todo el a\u00f1o.<\/p>\n<p style=\"padding-left: 30px\"><strong><span style=\"color: #808000\">Recetas:<\/span><\/strong><\/p>\n<p style=\"padding-left: 30px\"><a href=\"http:\/\/www.baztan.eus\/wp-content\/uploads\/2019\/12\/ensaladilla.pdf\" class=\"mtli_attachment mtli_pdf\">Ensaladilla de trucha marinada<\/a><a href=\"https:\/\/www.youtube.com\/watch?v=sossfwwQ7pE\" target=\"_blank\" rel=\"noopener noreferrer\"><img loading=\"lazy\" decoding=\"async\" class=\"alignnone wp-image-3559 size-full\" src=\"http:\/\/www.baztan.eus\/wp-content\/uploads\/2016\/03\/logo_1x-e1468319862478.png\" alt=\"\" width=\"36\" height=\"15\" \/><\/a><\/p>\n<p style=\"padding-left: 30px\"><a href=\"http:\/\/www.baztan.eus\/wp-content\/uploads\/2016\/03\/amuarrain-marmitakoa.pdf\" class=\"mtli_attachment mtli_pdf\">Marmitako de trucha<\/a><a href=\"https:\/\/www.youtube.com\/watch?v=fNeWHHaRtq8\" target=\"_blank\" rel=\"noopener noreferrer\"><img loading=\"lazy\" decoding=\"async\" class=\"alignnone size-full wp-image-3559\" src=\"http:\/\/www.baztan.eus\/wp-content\/uploads\/2016\/03\/logo_1x-e1468319862478.png\" alt=\"logo_1x\" width=\"36\" height=\"15\" \/><\/a><\/p>\n<p style=\"padding-left: 30px\"><a href=\"http:\/\/www.baztan.eus\/wp-content\/uploads\/2016\/03\/amuarrain-tartarra-yogur-zoparekin-eta-ahuakate-mahonesarekin.pdf\" class=\"mtli_attachment mtli_pdf\">Tartar de trucha con sopa de yogur y mahonesa de aguacate<\/a><a href=\"https:\/\/www.youtube.com\/watch?v=xV5_LUNdPJI\" target=\"_blank\" rel=\"noopener noreferrer\"><img loading=\"lazy\" decoding=\"async\" class=\"alignnone size-full wp-image-3559\" src=\"http:\/\/www.baztan.eus\/wp-content\/uploads\/2016\/03\/logo_1x-e1468319862478.png\" alt=\"logo_1x\" width=\"36\" height=\"15\" \/><\/a><\/p>\n<p style=\"padding-left: 30px\"><a href=\"http:\/\/www.baztan.eus\/wp-content\/uploads\/2016\/03\/amauarraina-labean-eskabetxatua.pdf\" class=\"mtli_attachment mtli_pdf\">Trucha escabechada en el horno<\/a><a href=\"https:\/\/www.youtube.com\/watch?v=ANwvIMQ9jiA\" target=\"_blank\" rel=\"noopener noreferrer\"><img loading=\"lazy\" decoding=\"async\" class=\"alignnone size-full wp-image-3559\" src=\"http:\/\/www.baztan.eus\/wp-content\/uploads\/2016\/03\/logo_1x-e1468319862478.png\" alt=\"logo_1x\" width=\"36\" height=\"15\" \/><\/a><\/p>\n<p style=\"padding-left: 30px\"><a href=\"http:\/\/www.baztan.eus\/wp-content\/uploads\/2016\/03\/amuarraina_zitrikotan_marinatua.pdf\" class=\"mtli_attachment mtli_pdf\">Trucha marinada en c\u00edtricos<\/a><a href=\"https:\/\/www.youtube.com\/watch?v=AUL-moYaIzM\" target=\"_blank\" rel=\"noopener noreferrer\"><img loading=\"lazy\" decoding=\"async\" class=\"alignnone size-full wp-image-3559\" src=\"http:\/\/www.baztan.eus\/wp-content\/uploads\/2016\/03\/logo_1x-e1468319862478.png\" alt=\"logo_1x\" width=\"36\" height=\"15\" \/><\/a><\/p>\n","protected":false},"excerpt":{"rendered":"<p>Aporta prote\u00ednas, vitamina D, yodo y \u00e1cidos grasos omega-3. Frecuencia recomendada Peso de cada raci\u00f3n (crudo y neto) Medidas caseras 1-3 raciones\/d\u00eda. Ese n\u00famero de raciones diarias corresponde al grupo de alimentos constituido por legumbres, pescado, huevos, carne blanca (pollo, conejo, &#8230;) y frutos secos. Por ello debe alternarse su consumo. 125-150 g 1 filete [&hellip;]<\/p>\n","protected":false},"author":133,"featured_media":0,"parent":13544,"menu_order":13,"comment_status":"closed","ping_status":"closed","template":"","meta":{"_exactmetrics_skip_tracking":false,"_exactmetrics_sitenote_active":false,"_exactmetrics_sitenote_note":"","_exactmetrics_sitenote_category":0,"footnotes":""},"class_list":["post-13566","page","type-page","status-publish","hentry"],"_links":{"self":[{"href":"https:\/\/www.baztan.eus\/es\/wp-json\/wp\/v2\/pages\/13566","targetHints":{"allow":["GET"]}}],"collection":[{"href":"https:\/\/www.baztan.eus\/es\/wp-json\/wp\/v2\/pages"}],"about":[{"href":"https:\/\/www.baztan.eus\/es\/wp-json\/wp\/v2\/types\/page"}],"author":[{"embeddable":true,"href":"https:\/\/www.baztan.eus\/es\/wp-json\/wp\/v2\/users\/133"}],"replies":[{"embeddable":true,"href":"https:\/\/www.baztan.eus\/es\/wp-json\/wp\/v2\/comments?post=13566"}],"version-history":[{"count":0,"href":"https:\/\/www.baztan.eus\/es\/wp-json\/wp\/v2\/pages\/13566\/revisions"}],"up":[{"embeddable":true,"href":"https:\/\/www.baztan.eus\/es\/wp-json\/wp\/v2\/pages\/13544"}],"wp:attachment":[{"href":"https:\/\/www.baztan.eus\/es\/wp-json\/wp\/v2\/media?parent=13566"}],"curies":[{"name":"wp","href":"https:\/\/api.w.org\/{rel}","templated":true}]}}