{"id":13602,"date":"2018-06-05T11:52:28","date_gmt":"2018-06-05T09:52:28","guid":{"rendered":"http:\/\/w2.baztan.eus\/berdintasun-zerbitzua-servicio-de-igualdad\/"},"modified":"2018-06-05T11:52:28","modified_gmt":"2018-06-05T09:52:28","slug":"berdintasun-zerbitzua-servicio-de-igualdad","status":"publish","type":"page","link":"https:\/\/www.baztan.eus\/es\/servicios\/igualdad\/berdintasun-zerbitzua-servicio-de-igualdad\/","title":{"rendered":"Berdintasun Zerbitzua \/\/ Servicio de Igualdad"},"content":{"rendered":"<p>Baztango Udaleko Berdintasun Zerbitzua toki entitate honen berdintasunaren gaineko politiken diseinuaz, plangintza egiteaz, kudeatzeaz eta ebaluazio egiteaz arduratzen da \/\/ <em>El Servicio de Igualdad del Ayuntamiento de Baztan dise\u00f1a, planifica, gestiona y eval\u00faa las pol\u00edticas publicas municipales de Igualdad del valle<\/em>.<\/p>\n<p>Bertzalde, aukera berdintasunaren gaian jendartea sentiberatzen du, informazioa ematen du eta aholkularitza lanak egiten ditu, bai udal mailan (Udaleko langileendako) bai udalerri mailan (herritarrendako, elkarteendako edota taldeendako) \/\/ <em>Tambi\u00e9n, sensibiliza, informa y asesora tanto a nivel interno (el propio personal municipal), como externo (ciudadan\u00eda, asociaciones y colectivos), en materia de igualdad de oportunidades.<\/em><\/p>\n","protected":false},"excerpt":{"rendered":"<p>Baztango Udaleko Berdintasun Zerbitzua toki entitate honen berdintasunaren gaineko politiken diseinuaz, plangintza egiteaz, kudeatzeaz eta ebaluazio egiteaz arduratzen da \/\/ El Servicio de Igualdad del Ayuntamiento de Baztan dise\u00f1a, planifica, gestiona y eval\u00faa las pol\u00edticas publicas municipales de Igualdad del valle. Bertzalde, aukera berdintasunaren gaian jendartea sentiberatzen du, informazioa ematen du eta aholkularitza lanak egiten [&hellip;]<\/p>\n","protected":false},"author":135,"featured_media":0,"parent":13410,"menu_order":3,"comment_status":"closed","ping_status":"closed","template":"","meta":{"_exactmetrics_skip_tracking":false,"_exactmetrics_sitenote_active":false,"_exactmetrics_sitenote_note":"","_exactmetrics_sitenote_category":0,"footnotes":""},"class_list":["post-13602","page","type-page","status-publish","hentry"],"_links":{"self":[{"href":"https:\/\/www.baztan.eus\/es\/wp-json\/wp\/v2\/pages\/13602","targetHints":{"allow":["GET"]}}],"collection":[{"href":"https:\/\/www.baztan.eus\/es\/wp-json\/wp\/v2\/pages"}],"about":[{"href":"https:\/\/www.baztan.eus\/es\/wp-json\/wp\/v2\/types\/page"}],"author":[{"embeddable":true,"href":"https:\/\/www.baztan.eus\/es\/wp-json\/wp\/v2\/users\/135"}],"replies":[{"embeddable":true,"href":"https:\/\/www.baztan.eus\/es\/wp-json\/wp\/v2\/comments?post=13602"}],"version-history":[{"count":0,"href":"https:\/\/www.baztan.eus\/es\/wp-json\/wp\/v2\/pages\/13602\/revisions"}],"up":[{"embeddable":true,"href":"https:\/\/www.baztan.eus\/es\/wp-json\/wp\/v2\/pages\/13410"}],"wp:attachment":[{"href":"https:\/\/www.baztan.eus\/es\/wp-json\/wp\/v2\/media?parent=13602"}],"curies":[{"name":"wp","href":"https:\/\/api.w.org\/{rel}","templated":true}]}}