{"id":15650,"date":"2021-05-21T09:30:31","date_gmt":"2021-05-21T09:30:31","guid":{"rendered":"http:\/\/w2.baztan.eus\/?page_id=15650"},"modified":"2021-11-26T09:53:38","modified_gmt":"2021-11-26T09:53:38","slug":"ofertas-de-empleo","status":"publish","type":"page","link":"https:\/\/www.baztan.eus\/es\/ofertas-de-empleo\/","title":{"rendered":"Ofertas de empleo"},"content":{"rendered":"<article class=\"noticia mb-4\"> <div class=\"row\"> <div class=\"col-12 \"> <div class=\"fechal_noti mb-2\"> 23 de agosto de 2024 | Ofertas de empleo <\/div> <h3 class=\"titularl_noti mb-2\"> <a href=\"https:\/\/www.baztan.eus\/es\/noticias\/convocatoria-para-la-provision-mediante-concurso-oposicion-de-una-plaza-de-profesor-a-de-lenguaje-musical-con-conocimiento-de-euskera\/\"> Convocatoria para la provisi\u00f3n, mediante concurso oposici\u00f3n, de una plaza de profesor\/a de Lenguaje Musical con conocimiento de euskera <\/a> <\/h3> <p class=\"entradilla\"> Deialdia, oposizio-lehiaketa bidez betetzeko Musika Hizkuntzako irakasle lanpostu bat, euskarazko hizkuntza-eskakizunarekin &nbsp; Deialdiaren oinarriak: 2024ko 167. ... <\/p> <\/div> <\/div> <\/article><article class=\"noticia mb-4\"> <div class=\"row\"> <div class=\"col-12 col-md-5\"> <img loading=\"lazy\" decoding=\"async\" width=\"540\" height=\"253\" src=\"https:\/\/www.baztan.eus\/wp-content\/uploads\/2024\/03\/traktore-desbrozadora-540x253.jpg\" class=\"responsive-img wp-post-image\" alt=\"\" \/> <\/div> <div class=\"col-12 col-md-7\"> <div class=\"fechal_noti mb-2\"> 18 de marzo de 2024 | Actualidad <\/div> <h3 class=\"titularl_noti mb-2\"> <a href=\"https:\/\/www.baztan.eus\/es\/noticias\/desbrozatzeko-traktore-gidari-deialdia-convocatoria-para-conductor-a-tractor-desbrozador-2\/\"> DESBROZATZEKO TRAKTORE GIDARIAREN DEIALDIA \/\/ CONVOCATORIA PARA CONDUCTOR\/A TRACTOR DESBROZADOR <\/a> <\/h3> <p class=\"entradilla\"> Deialdiaren informazioa jasotzeko, sakatu hemen \/\/ Para m\u00e1s informaci\u00f3n, clicar aqu\u00ed <\/p> <\/div> <\/div> <\/article><article class=\"noticia mb-4\"> <div class=\"row\"> <div class=\"col-12 col-md-5\"> <img loading=\"lazy\" decoding=\"async\" width=\"302\" height=\"167\" src=\"https:\/\/www.baztan.eus\/wp-content\/uploads\/2022\/06\/Lixura-SL.jpg\" class=\"responsive-img wp-post-image\" alt=\"\" srcset=\"https:\/\/www.baztan.eus\/wp-content\/uploads\/2022\/06\/Lixura-SL.jpg 302w, https:\/\/www.baztan.eus\/wp-content\/uploads\/2022\/06\/Lixura-SL-300x166.jpg 300w, https:\/\/www.baztan.eus\/wp-content\/uploads\/2022\/06\/Lixura-SL-208x115.jpg 208w\" sizes=\"auto, (max-width: 302px) 100vw, 302px\" \/> <\/div> <div class=\"col-12 col-md-7\"> <div class=\"fechal_noti mb-2\"> 07 de febrero de 2024 | Ofertas de empleo <\/div> <h3 class=\"titularl_noti mb-2\"> <a href=\"https:\/\/www.baztan.eus\/es\/noticias\/lixura-sl-convocatoria-para-la-constitucion-a-traves-de-pruebas-selectivas-de-una-bolsa-de-trabajo-para-el-puesto-de-personal-de-limpieza\/\"> LIXURA SL . CONVOCATORIA PARA LA CONSTITUCI\u00d3N, A TRAV\u00c9S DE PRUEBAS SELECTIVAS, DE UNA BOLSA DE TRABAJO PARA EL PUESTO DE PERSONAL DE LIMPIEZA <\/a> <\/h3> <p class=\"entradilla\"> La sociedad mercantil municipal Lixura Baztan SL ha publicado una convocatoria para la constituci\u00f3n, a trav\u00e9s de pruebas selectivas,\u00a0 de una bolsa de trabajo para el puesto... <\/p> <\/div> <\/div> <\/article><article class=\"noticia mb-4\"> <div class=\"row\"> <div class=\"col-12 \"> <div class=\"fechal_noti mb-2\"> 23 de mayo de 2023 | Ofertas de empleo <\/div> <h3 class=\"titularl_noti mb-2\"> <a href=\"https:\/\/www.baztan.eus\/es\/noticias\/el-ayuntamiento-de-baztan-contratara-a-tres-personas-para-orientar-y-vigilar-la-afluencia-de-visitantes-en-los-espacios-de-interes-turistico-y-el-cuidado-de-estos\/\"> El Ayuntamiento de Baztan contratar\u00e1 a tres personas para orientar y vigilar la afluencia de visitantes en los espacios de inter\u00e9s tur\u00edstico y el cuidado de estos. <\/a> <\/h3> <p class=\"entradilla\"> Convocatoria <\/p> <\/div> <\/div> <\/article><article class=\"noticia mb-4\"> <div class=\"row\"> <div class=\"col-12 \"> <div class=\"fechal_noti mb-2\"> 23 de mayo de 2023 | Ofertas de empleo <\/div> <h3 class=\"titularl_noti mb-2\"> <a href=\"https:\/\/www.baztan.eus\/es\/noticias\/seleccion-de-un-tecnico-a-de-turismo-para-atender-el-punto-de-informacion-municipal\/\"> Selecci\u00f3n de un t\u00e9cnico\/a de turismo para atender el punto de informaci\u00f3n municipal. <\/a> <\/h3> <p class=\"entradilla\"> Convocatoria <\/p> <\/div> <\/div> <\/article><div class=\"row\"><div class=\"col-md-12\"><div class=\"page-nav fix\"><div class=\"suf-page-nav fix\"><span aria-current=\"page\" class=\"page-numbers current\">1<\/span>\n<a class=\"page-numbers\" href=\"\/es\/wp-json\/wp\/v2\/pages\/15650?paged=2\">2<\/a>\n<a class=\"page-numbers\" href=\"\/es\/wp-json\/wp\/v2\/pages\/15650?paged=3\">3<\/a>\n<a class=\"page-numbers\" href=\"\/es\/wp-json\/wp\/v2\/pages\/15650?paged=4\">4<\/a>\n<a class=\"next page-numbers\" href=\"\/es\/wp-json\/wp\/v2\/pages\/15650?paged=2\">| SIGUIENTE \u00bb<\/a><\/div><\/div><\/div><\/div>\n","protected":false},"excerpt":{"rendered":"","protected":false},"author":1,"featured_media":0,"parent":0,"menu_order":1,"comment_status":"closed","ping_status":"closed","template":"","meta":{"_exactmetrics_skip_tracking":false,"_exactmetrics_sitenote_active":false,"_exactmetrics_sitenote_note":"","_exactmetrics_sitenote_category":0,"footnotes":""},"class_list":["post-15650","page","type-page","status-publish","hentry"],"_links":{"self":[{"href":"https:\/\/www.baztan.eus\/es\/wp-json\/wp\/v2\/pages\/15650","targetHints":{"allow":["GET"]}}],"collection":[{"href":"https:\/\/www.baztan.eus\/es\/wp-json\/wp\/v2\/pages"}],"about":[{"href":"https:\/\/www.baztan.eus\/es\/wp-json\/wp\/v2\/types\/page"}],"author":[{"embeddable":true,"href":"https:\/\/www.baztan.eus\/es\/wp-json\/wp\/v2\/users\/1"}],"replies":[{"embeddable":true,"href":"https:\/\/www.baztan.eus\/es\/wp-json\/wp\/v2\/comments?post=15650"}],"version-history":[{"count":2,"href":"https:\/\/www.baztan.eus\/es\/wp-json\/wp\/v2\/pages\/15650\/revisions"}],"predecessor-version":[{"id":16304,"href":"https:\/\/www.baztan.eus\/es\/wp-json\/wp\/v2\/pages\/15650\/revisions\/16304"}],"wp:attachment":[{"href":"https:\/\/www.baztan.eus\/es\/wp-json\/wp\/v2\/media?parent=15650"}],"curies":[{"name":"wp","href":"https:\/\/api.w.org\/{rel}","templated":true}]}}