{"id":17517,"date":"2022-01-24T09:16:04","date_gmt":"2022-01-24T09:16:04","guid":{"rendered":"http:\/\/www.baztan.eus\/?page_id=17517"},"modified":"2023-01-12T07:07:52","modified_gmt":"2023-01-12T07:07:52","slug":"2022-2","status":"publish","type":"page","link":"https:\/\/www.baztan.eus\/es\/ayuntamiento\/actas-municipales\/2022-2\/","title":{"rendered":"2022"},"content":{"rendered":"<p>PLENO<\/p>\n<p><a href=\"http:\/\/www.baztan.eus\/wp-content\/uploads\/2023\/01\/2022-12-22-OHIKO-OSOKO-BILKURA.pdf\" class=\"mtli_attachment mtli_pdf\">Sesi\u00f3n plenaria ordinaria 22-12-2022<\/a><\/p>\n<p><a href=\"http:\/\/www.baztan.eus\/wp-content\/uploads\/2023\/01\/2022-11-24-Ohiko-Osoko-Bilkura.pdf\" class=\"mtli_attachment mtli_pdf\">Sesi\u00f3n plenaria ordinaria 24-11-2022<\/a><\/p>\n<p><a href=\"http:\/\/www.baztan.eus\/wp-content\/uploads\/2022\/12\/2022-10-27-OHIKO-OSOKO-BILKURA-ZUZENDUA_compressed_compressed.pdf\" class=\"mtli_attachment mtli_pdf\">Sesi\u00f3n plenaria extraordinaria 27-10-2022<\/a><\/p>\n<p><a href=\"http:\/\/www.baztan.eus\/wp-content\/uploads\/2022\/12\/2022-09-22-ohiko-osoko-bilkura.pdf\" class=\"mtli_attachment mtli_pdf\">Sesi\u00f3n plenaria ordinaria 22-09-2022<\/a><\/p>\n<p><a href=\"http:\/\/www.baztan.eus\/wp-content\/uploads\/2022\/12\/2022-09-15-EZOHIKO-BATZAR-NAGUSIA.pdf\" class=\"mtli_attachment mtli_pdf\">Sesi\u00f3n plenaria extraordinaria 15-09-2022<\/a><\/p>\n<p><a href=\"http:\/\/www.baztan.eus\/wp-content\/uploads\/2022\/12\/2022-09-01-EZOHIKO-OSOKO-BILKURA.pdf\" class=\"mtli_attachment mtli_pdf\">Sesi\u00f3n plenaria extraordinaria 01-09-2022<\/a><\/p>\n<p><a href=\"http:\/\/www.baztan.eus\/wp-content\/uploads\/2022\/12\/2022-07-21-EZ-OHIKO-OSOKO-BILKURA.pdf\" class=\"mtli_attachment mtli_pdf\">Sesi\u00f3n plenaria extraordinaria 21-07-2022<\/a><\/p>\n<p><a href=\"http:\/\/www.baztan.eus\/wp-content\/uploads\/2022\/12\/2022-06-23-OHIKO-OSOKO-BILKURA_compressed.pdf\" class=\"mtli_attachment mtli_pdf\">Sesi\u00f3n plenaria ordinaria 23-06-2022<\/a><\/p>\n<p><a href=\"http:\/\/www.baztan.eus\/wp-content\/uploads\/2022\/12\/2022-05-26-OHIKO-OSOKO-BILKURA.pdf\" class=\"mtli_attachment mtli_pdf\">Sesi\u00f3n plenaria ordinaria 26-05-2022<\/a><\/p>\n<p><a href=\"http:\/\/www.baztan.eus\/wp-content\/uploads\/2022\/12\/2022-04-28-OHIKO-OSOKO-BILKURA.pdf\" class=\"mtli_attachment mtli_pdf\">Sesi\u00f3n plenaria ordinaria 28-04-2022<\/a><\/p>\n<p><a href=\"http:\/\/www.baztan.eus\/wp-content\/uploads\/2022\/04\/2022-03-24-OHIKO-OSOKO-BILKURA.pdf\" class=\"mtli_attachment mtli_pdf\">Sesi\u00f3n plenaria ordinaria 24-03-2022<\/a><\/p>\n<p><a href=\"http:\/\/www.baztan.eus\/wp-content\/uploads\/2022\/03\/2022-02-24-OHIKO-OSOKO-BILKURA.pdf\" class=\"mtli_attachment mtli_pdf\">Sesi\u00f3n plenaria ordinaria 24-02-2022<\/a><\/p>\n<p><a href=\"http:\/\/www.baztan.eus\/wp-content\/uploads\/2022\/02\/2022-01-27-OHIKO-OSOKO-BILKURA.pdf\" class=\"mtli_attachment mtli_pdf\">Sesi\u00f3n plenaria ordinaria 27-01-2022 <\/a><\/p>\n<p>&nbsp;<\/p>\n<p>JUNTA GENERAL<\/p>\n<p><a href=\"http:\/\/www.baztan.eus\/wp-content\/uploads\/2022\/09\/2022-09-15-EZOHIKO-BATZAR-NAGUSIA.pdf\" class=\"mtli_attachment mtli_pdf\">Junta General extraordinaria 15-09-2022<\/a><\/p>\n<p><a href=\"http:\/\/www.baztan.eus\/wp-content\/uploads\/2022\/09\/2022-07-01-BatzNag.pdf\" class=\"mtli_attachment mtli_pdf\">Junta General 01-07-2022<\/a><\/p>\n<p><a href=\"http:\/\/www.baztan.eus\/wp-content\/uploads\/2022\/04\/2022-04-01-BATZAR-NAGUSIA.pdf\" class=\"mtli_attachment mtli_pdf\">Junta General 01-04-2022<\/a><\/p>\n<p><a href=\"http:\/\/www.baztan.eus\/wp-content\/uploads\/2022\/04\/2022-01-22-EZ-OHIKO-BATZAR-NAGUSIA-2.pdf\" class=\"mtli_attachment mtli_pdf\">Junta General extraordinaria 22-01-2022<\/a><\/p>\n<p><a href=\"http:\/\/www.baztan.eus\/wp-content\/uploads\/2022\/03\/2022-01-03-OHIKO-BATZAR-NAGUSIA.pdf\" class=\"mtli_attachment mtli_pdf\">Junta General 3-01-2022<\/a><\/p>\n<p>&nbsp;<\/p>\n","protected":false},"excerpt":{"rendered":"<p>PLENO Sesi\u00f3n plenaria ordinaria 22-12-2022 Sesi\u00f3n plenaria ordinaria 24-11-2022 Sesi\u00f3n plenaria extraordinaria 27-10-2022 Sesi\u00f3n plenaria ordinaria 22-09-2022 Sesi\u00f3n plenaria extraordinaria 15-09-2022 Sesi\u00f3n plenaria extraordinaria 01-09-2022 Sesi\u00f3n plenaria extraordinaria 21-07-2022 Sesi\u00f3n plenaria ordinaria 23-06-2022 Sesi\u00f3n plenaria ordinaria 26-05-2022 Sesi\u00f3n plenaria ordinaria 28-04-2022 Sesi\u00f3n plenaria ordinaria 24-03-2022 Sesi\u00f3n plenaria ordinaria 24-02-2022 Sesi\u00f3n plenaria ordinaria 27-01-2022 &nbsp; JUNTA [&hellip;]<\/p>\n","protected":false},"author":2,"featured_media":0,"parent":13250,"menu_order":0,"comment_status":"closed","ping_status":"closed","template":"","meta":{"_exactmetrics_skip_tracking":false,"_exactmetrics_sitenote_active":false,"_exactmetrics_sitenote_note":"","_exactmetrics_sitenote_category":0,"footnotes":""},"class_list":["post-17517","page","type-page","status-publish","hentry"],"_links":{"self":[{"href":"https:\/\/www.baztan.eus\/es\/wp-json\/wp\/v2\/pages\/17517","targetHints":{"allow":["GET"]}}],"collection":[{"href":"https:\/\/www.baztan.eus\/es\/wp-json\/wp\/v2\/pages"}],"about":[{"href":"https:\/\/www.baztan.eus\/es\/wp-json\/wp\/v2\/types\/page"}],"author":[{"embeddable":true,"href":"https:\/\/www.baztan.eus\/es\/wp-json\/wp\/v2\/users\/2"}],"replies":[{"embeddable":true,"href":"https:\/\/www.baztan.eus\/es\/wp-json\/wp\/v2\/comments?post=17517"}],"version-history":[{"count":21,"href":"https:\/\/www.baztan.eus\/es\/wp-json\/wp\/v2\/pages\/17517\/revisions"}],"predecessor-version":[{"id":19896,"href":"https:\/\/www.baztan.eus\/es\/wp-json\/wp\/v2\/pages\/17517\/revisions\/19896"}],"up":[{"embeddable":true,"href":"https:\/\/www.baztan.eus\/es\/wp-json\/wp\/v2\/pages\/13250"}],"wp:attachment":[{"href":"https:\/\/www.baztan.eus\/es\/wp-json\/wp\/v2\/media?parent=17517"}],"curies":[{"name":"wp","href":"https:\/\/api.w.org\/{rel}","templated":true}]}}