{"id":18503,"date":"2022-07-13T12:11:30","date_gmt":"2022-07-13T12:11:30","guid":{"rendered":"http:\/\/www.baztan.eus\/?page_id=18503"},"modified":"2022-07-20T13:10:56","modified_gmt":"2022-07-20T13:10:56","slug":"que-hacer-ante-agresion-2","status":"publish","type":"page","link":"https:\/\/www.baztan.eus\/es\/que-hacer-ante-agresion-2\/","title":{"rendered":"QU\u00c9 HACER ANTE UNA AGRESI\u00d3N"},"content":{"rendered":"<p><a href=\"http:\/\/www.baztan.eus\/wp-content\/uploads\/2022\/07\/Eraso_sexisten_aitz_JPG.jpg\" target=\"_blank\" rel=\"noopener\"><img loading=\"lazy\" decoding=\"async\" class=\"aligncenter wp-image-18494 size-full\" src=\"http:\/\/www.baztan.eus\/wp-content\/uploads\/2022\/07\/Eraso_sexisten_aitz_JPG.jpg\" alt=\"\" width=\"1754\" height=\"2481\" srcset=\"https:\/\/www.baztan.eus\/wp-content\/uploads\/2022\/07\/Eraso_sexisten_aitz_JPG.jpg 1754w, https:\/\/www.baztan.eus\/wp-content\/uploads\/2022\/07\/Eraso_sexisten_aitz_JPG-212x300.jpg 212w, https:\/\/www.baztan.eus\/wp-content\/uploads\/2022\/07\/Eraso_sexisten_aitz_JPG-724x1024.jpg 724w, https:\/\/www.baztan.eus\/wp-content\/uploads\/2022\/07\/Eraso_sexisten_aitz_JPG-768x1086.jpg 768w, https:\/\/www.baztan.eus\/wp-content\/uploads\/2022\/07\/Eraso_sexisten_aitz_JPG-1086x1536.jpg 1086w, https:\/\/www.baztan.eus\/wp-content\/uploads\/2022\/07\/Eraso_sexisten_aitz_JPG-1448x2048.jpg 1448w, https:\/\/www.baztan.eus\/wp-content\/uploads\/2022\/07\/Eraso_sexisten_aitz_JPG-300x424.jpg 300w, https:\/\/www.baztan.eus\/wp-content\/uploads\/2022\/07\/Eraso_sexisten_aitz_JPG-81x115.jpg 81w\" sizes=\"auto, (max-width: 1754px) 100vw, 1754px\" \/><\/a><\/p>\n<h2><strong><a href=\"http:\/\/www.baztan.eus\/wp-content\/uploads\/2022\/07\/Eraso_sexisten_aitz_A3.pdf\" class=\"mtli_attachment mtli_pdf\">Descarga aqu\u00ed el cartel<\/a><\/strong><\/h2>\n<p><span style=\"color: #800080;\"><strong>Criterios de actuaci\u00f3n<\/strong><\/span><\/p>\n<ul>\n<li>ATENCI\u00d3N PRIORITARIA:\n<ul>\n<li>La atenci\u00f3n se realizar\u00e1 lo antes posible, preferentemente presencialmente.<\/li>\n<li>Siempre que sea posible, se atender\u00e1 a las mujeres de forma individual en aquellos lugares que sean adecuados para facilitar la comunicaci\u00f3n, respetar la intimidad y crear relaciones de confianza.<\/li>\n<li>Si hay hijas\/os, hay que habilitar lugares adecuados para ellas\/os, separados de los lugares donde se atiende a las mujeres. Tampoco se utilizar\u00e1n las\/os hijas\/os para traducir.<\/li>\n<\/ul>\n<\/li>\n<li>Respuesta R\u00c1PIDA, COORDINADA Y EFICAZ: la respuesta ante una agresi\u00f3n machista ser\u00e1 r\u00e1pida, coordinada y eficaz con todas las instituciones y servicios implicados (movimiento feminista y ayuntamiento). No se improvisar\u00e1 y la respuesta ser\u00e1 planificada seg\u00fan las bases del protocolo.<\/li>\n<li>CONFIDENCIALIDAD DE LA INFORMACI\u00d3N: no se facilitar\u00e1n datos sobre los detalles de c\u00f3mo se ha producido la agresi\u00f3n o sobre la v\u00edctima ni sobre sus hijos e hijas. Los datos que se aporten ser\u00e1n generales, es decir, los m\u00ednimos para identificar el tipo de violencia causada y sufrida y justificar las medidas adoptadas.<\/li>\n<li>CONTRASTAR LA INFORMACI\u00d3N: hay que actuar con responsabilidad para evitar la alarma social y, por tanto, contrastar la informaci\u00f3n sobre los hechos. Una respuesta sin base s\u00f3lida no beneficia ni a la prevenci\u00f3n de la violencia ni a la v\u00edctima.<\/li>\n<li>PREVENIR LA REVICTIMIZACI\u00d3N: teniendo en cuenta que en los municipios peque\u00f1os la mayor\u00eda nos conocemos, se prestar\u00e1 especial atenci\u00f3n a la hora de garantizar la confidencialidad de la persona agredida. Los rumores pueden provocar una doble violencia y una revictimizaci\u00f3n.<\/li>\n<li>NO DISCRIMINACI\u00d3N Y VISI\u00d3N INTERSECCIONAL: se garantizar\u00e1 que las mujeres que han hecho frente a la agresi\u00f3n puedan comunicarse en su lengua habitual poniendo los medios adecuados para ello.<\/li>\n<li>REPARACI\u00d3N COLECTIVA Y PREVENCI\u00d3N DEL DA\u00d1O: realizar homenajes y actos p\u00fablicos que condenen la violencia machista y muestren respeto y apoyo a las v\u00edctimas.<\/li>\n<\/ul>\n<p><span style=\"color: #800080;\"><strong>Recursos y servicios\u00a0<\/strong><\/span><\/p>\n<p><span style=\"color: #800080;\">Si identificas o tienes conocimiento de una agresi\u00f3n, ofrece protecci\u00f3n y ayuda a la persona agredida, esc\u00fachale sin juzgarle e informale de los recursos existentes.<\/span><\/p>\n<ul>\n<li><u>Si tienes heridas graves o quieres presentar una denuncia judicial, <\/u>llama al <strong>112<\/strong> o al <strong>948 20 29 20<\/strong> o al <strong>948 58 18 64<\/strong> (Polic\u00eda Foral de Baztan). En este caso la Polic\u00eda Foral o el servicio sanitario pueden interponer una denuncia de oficio y poner en marcha recursos y servicios.<\/li>\n<li><u>Atenci\u00f3n, informaci\u00f3n y asesoramiento <\/u>en materia de violencia contra las mujeres. Gratuita y confidencial. La llamada no aparece en la factura. Atenci\u00f3n 24h: <strong>WhatsApp<\/strong> <strong>600 00 00 16<\/strong>; <strong>016<\/strong><\/li>\n<li><u>Equipo de Atenci\u00f3n Integral a V\u00edctimas de violencia de g\u00e9nero<\/u> para la persona agredida y\/o familiares. (BAIT\/EAIV): <strong>948 00 49 52, 948 00 49 53<\/strong><\/li>\n<li><u>Atenci\u00f3n jur\u00eddica y psicosocial ante las agresiones sexuales<\/u>: Oficinas de Asistencia a las V\u00edctimas de Delitos (OAVD) (Juzgados de Pamplona): <strong>848 42 33 76, 848 42 13 87 <\/strong>y<strong> 848 42 76 71<\/strong><\/li>\n<li><u>Servicio Municipal de Atenci\u00f3n Jur\u00eddica a Mujeres <\/u>(ELZ-SAM), atenci\u00f3n y asesoramiento gratuito por parte de profesionales del Colegio de Abogados de Pamplona: <strong>948 22 14 75<\/strong><\/li>\n<li><u>Observatorio contra la LGTBIfobia<\/u>: Harrotu (Pamplona) <strong>948 22 63 26,\u00a0699 38 49 65<\/strong><\/li>\n<li><u>Servicios sociales de base de Baztan<\/u>: <strong>948 58 00 06<\/strong>, <strong>689 03 50 78<\/strong><\/li>\n<li>\n<h3><u>Servicio de Igualdad de Baztan<\/u> para activar el protocolo de respuesta ciudadana: <strong>613 00 36 34<\/strong><\/h3>\n<\/li>\n<\/ul>\n","protected":false},"excerpt":{"rendered":"<p>Descarga aqu\u00ed el cartel Criterios de actuaci\u00f3n ATENCI\u00d3N PRIORITARIA: La atenci\u00f3n se realizar\u00e1 lo antes posible, preferentemente presencialmente. Siempre que sea posible, se atender\u00e1 a las mujeres de forma individual en aquellos lugares que sean adecuados para facilitar la comunicaci\u00f3n, respetar la intimidad y crear relaciones de confianza. Si hay hijas\/os, hay que habilitar lugares [&hellip;]<\/p>\n","protected":false},"author":3,"featured_media":0,"parent":0,"menu_order":3,"comment_status":"closed","ping_status":"closed","template":"","meta":{"_exactmetrics_skip_tracking":false,"_exactmetrics_sitenote_active":false,"_exactmetrics_sitenote_note":"","_exactmetrics_sitenote_category":0,"footnotes":""},"class_list":["post-18503","page","type-page","status-publish","hentry"],"_links":{"self":[{"href":"https:\/\/www.baztan.eus\/es\/wp-json\/wp\/v2\/pages\/18503","targetHints":{"allow":["GET"]}}],"collection":[{"href":"https:\/\/www.baztan.eus\/es\/wp-json\/wp\/v2\/pages"}],"about":[{"href":"https:\/\/www.baztan.eus\/es\/wp-json\/wp\/v2\/types\/page"}],"author":[{"embeddable":true,"href":"https:\/\/www.baztan.eus\/es\/wp-json\/wp\/v2\/users\/3"}],"replies":[{"embeddable":true,"href":"https:\/\/www.baztan.eus\/es\/wp-json\/wp\/v2\/comments?post=18503"}],"version-history":[{"count":9,"href":"https:\/\/www.baztan.eus\/es\/wp-json\/wp\/v2\/pages\/18503\/revisions"}],"predecessor-version":[{"id":18516,"href":"https:\/\/www.baztan.eus\/es\/wp-json\/wp\/v2\/pages\/18503\/revisions\/18516"}],"wp:attachment":[{"href":"https:\/\/www.baztan.eus\/es\/wp-json\/wp\/v2\/media?parent=18503"}],"curies":[{"name":"wp","href":"https:\/\/api.w.org\/{rel}","templated":true}]}}