{"id":20706,"date":"2022-07-05T08:38:30","date_gmt":"2022-07-05T08:38:30","guid":{"rendered":"http:\/\/www.baztan.eus\/servicios\/igualdad\/erasoen-aitzinean-zer-egin\/"},"modified":"2024-08-07T06:21:58","modified_gmt":"2024-08-07T06:21:58","slug":"erasoen-aitzinean-zer-egin","status":"publish","type":"page","link":"https:\/\/www.baztan.eus\/es\/servicios\/igualdad\/erasoen-aitzinean-zer-egin\/","title":{"rendered":"QU\u00c9 HACEMOS ANTE UNA AGRESI\u00d3N SEXISTA"},"content":{"rendered":"<h2><span style=\"color: #800080;\"><strong>Recursos y servicios\u00a0<\/strong><\/span><\/h2>\n<p><span style=\"color: #800080;\">Si identificamos una agresi\u00f3n, ofrecer protecci\u00f3n y ayuda a la persona agredida, escuchar sin juzgar e informar de los recursos existentes.<\/span><\/p>\n<h2><a href=\"https:\/\/www.baztan.eus\/wp-content\/uploads\/2024\/08\/AZKEN-BERTSIOA_CAS_protokoloa_2024_A5_2.Ed_.pdf\" class=\"mtli_attachment mtli_pdf\" target=\"_blank\" rel=\"noopener\"><strong>Descarga aqu\u00ed el folleto<\/strong><\/a><\/h2>\n<p><a href=\"https:\/\/www.baztan.eus\/wp-content\/uploads\/2024\/08\/ESKUORRIA_def-WEB-CAS-24.jpg\" target=\"_blank\" rel=\"noopener\"><img loading=\"lazy\" decoding=\"async\" class=\"alignnone wp-image-23231 size-large\" src=\"https:\/\/www.baztan.eus\/wp-content\/uploads\/2024\/08\/ESKUORRIA_def-WEB-CAS-24-722x1024.jpg\" alt=\"\" width=\"722\" height=\"1024\" srcset=\"https:\/\/www.baztan.eus\/wp-content\/uploads\/2024\/08\/ESKUORRIA_def-WEB-CAS-24-722x1024.jpg 722w, https:\/\/www.baztan.eus\/wp-content\/uploads\/2024\/08\/ESKUORRIA_def-WEB-CAS-24-212x300.jpg 212w, https:\/\/www.baztan.eus\/wp-content\/uploads\/2024\/08\/ESKUORRIA_def-WEB-CAS-24-768x1089.jpg 768w, https:\/\/www.baztan.eus\/wp-content\/uploads\/2024\/08\/ESKUORRIA_def-WEB-CAS-24-81x115.jpg 81w, https:\/\/www.baztan.eus\/wp-content\/uploads\/2024\/08\/ESKUORRIA_def-WEB-CAS-24.jpg 875w\" sizes=\"auto, (max-width: 722px) 100vw, 722px\" \/><\/a> <a href=\"https:\/\/www.baztan.eus\/wp-content\/uploads\/2024\/08\/ESKUORRIA_def-WEB-CAS-25.jpg\" target=\"_blank\" rel=\"noopener\"><img loading=\"lazy\" decoding=\"async\" class=\"alignnone wp-image-23232 size-large\" src=\"https:\/\/www.baztan.eus\/wp-content\/uploads\/2024\/08\/ESKUORRIA_def-WEB-CAS-25-722x1024.jpg\" alt=\"\" width=\"722\" height=\"1024\" srcset=\"https:\/\/www.baztan.eus\/wp-content\/uploads\/2024\/08\/ESKUORRIA_def-WEB-CAS-25-722x1024.jpg 722w, https:\/\/www.baztan.eus\/wp-content\/uploads\/2024\/08\/ESKUORRIA_def-WEB-CAS-25-212x300.jpg 212w, https:\/\/www.baztan.eus\/wp-content\/uploads\/2024\/08\/ESKUORRIA_def-WEB-CAS-25-768x1089.jpg 768w, https:\/\/www.baztan.eus\/wp-content\/uploads\/2024\/08\/ESKUORRIA_def-WEB-CAS-25-81x115.jpg 81w, https:\/\/www.baztan.eus\/wp-content\/uploads\/2024\/08\/ESKUORRIA_def-WEB-CAS-25.jpg 875w\" sizes=\"auto, (max-width: 722px) 100vw, 722px\" \/><\/a> <a href=\"https:\/\/www.baztan.eus\/wp-content\/uploads\/2024\/08\/ESKUORRIA_def-WEB-CAS-26.jpg\" target=\"_blank\" rel=\"noopener\"><img loading=\"lazy\" decoding=\"async\" class=\"alignnone wp-image-23233 size-large\" src=\"https:\/\/www.baztan.eus\/wp-content\/uploads\/2024\/08\/ESKUORRIA_def-WEB-CAS-26-722x1024.jpg\" alt=\"\" width=\"722\" height=\"1024\" srcset=\"https:\/\/www.baztan.eus\/wp-content\/uploads\/2024\/08\/ESKUORRIA_def-WEB-CAS-26-722x1024.jpg 722w, https:\/\/www.baztan.eus\/wp-content\/uploads\/2024\/08\/ESKUORRIA_def-WEB-CAS-26-212x300.jpg 212w, https:\/\/www.baztan.eus\/wp-content\/uploads\/2024\/08\/ESKUORRIA_def-WEB-CAS-26-768x1089.jpg 768w, https:\/\/www.baztan.eus\/wp-content\/uploads\/2024\/08\/ESKUORRIA_def-WEB-CAS-26-81x115.jpg 81w, https:\/\/www.baztan.eus\/wp-content\/uploads\/2024\/08\/ESKUORRIA_def-WEB-CAS-26.jpg 875w\" sizes=\"auto, (max-width: 722px) 100vw, 722px\" \/><\/a> <a href=\"https:\/\/www.baztan.eus\/wp-content\/uploads\/2024\/04\/ESKUORRIA_def-WEB-CAS-11.jpg\" target=\"_blank\" rel=\"noopener\"><img loading=\"lazy\" decoding=\"async\" class=\"alignnone wp-image-22736 size-large\" src=\"https:\/\/www.baztan.eus\/wp-content\/uploads\/2024\/04\/ESKUORRIA_def-WEB-CAS-11-722x1024.jpg\" alt=\"\" width=\"722\" height=\"1024\" srcset=\"https:\/\/www.baztan.eus\/wp-content\/uploads\/2024\/04\/ESKUORRIA_def-WEB-CAS-11-722x1024.jpg 722w, https:\/\/www.baztan.eus\/wp-content\/uploads\/2024\/04\/ESKUORRIA_def-WEB-CAS-11-212x300.jpg 212w, https:\/\/www.baztan.eus\/wp-content\/uploads\/2024\/04\/ESKUORRIA_def-WEB-CAS-11-768x1089.jpg 768w, https:\/\/www.baztan.eus\/wp-content\/uploads\/2024\/04\/ESKUORRIA_def-WEB-CAS-11-81x115.jpg 81w, https:\/\/www.baztan.eus\/wp-content\/uploads\/2024\/04\/ESKUORRIA_def-WEB-CAS-11.jpg 875w\" sizes=\"auto, (max-width: 722px) 100vw, 722px\" \/><\/a> <a href=\"https:\/\/www.baztan.eus\/wp-content\/uploads\/2024\/04\/ESKUORRIA_def-WEB-CAS-12.jpg\" target=\"_blank\" rel=\"noopener\"><img loading=\"lazy\" decoding=\"async\" class=\"alignnone wp-image-22737 size-large\" src=\"https:\/\/www.baztan.eus\/wp-content\/uploads\/2024\/04\/ESKUORRIA_def-WEB-CAS-12-721x1024.jpg\" alt=\"\" width=\"721\" height=\"1024\" srcset=\"https:\/\/www.baztan.eus\/wp-content\/uploads\/2024\/04\/ESKUORRIA_def-WEB-CAS-12-721x1024.jpg 721w, https:\/\/www.baztan.eus\/wp-content\/uploads\/2024\/04\/ESKUORRIA_def-WEB-CAS-12-211x300.jpg 211w, https:\/\/www.baztan.eus\/wp-content\/uploads\/2024\/04\/ESKUORRIA_def-WEB-CAS-12-768x1090.jpg 768w, https:\/\/www.baztan.eus\/wp-content\/uploads\/2024\/04\/ESKUORRIA_def-WEB-CAS-12-81x115.jpg 81w, https:\/\/www.baztan.eus\/wp-content\/uploads\/2024\/04\/ESKUORRIA_def-WEB-CAS-12.jpg 875w\" sizes=\"auto, (max-width: 721px) 100vw, 721px\" \/><\/a> <a href=\"https:\/\/www.baztan.eus\/wp-content\/uploads\/2024\/04\/ESKUORRIA_def-WEB-CAS-13.jpg\" target=\"_blank\" rel=\"noopener\"><img loading=\"lazy\" decoding=\"async\" class=\"alignnone wp-image-22738 size-large\" src=\"https:\/\/www.baztan.eus\/wp-content\/uploads\/2024\/04\/ESKUORRIA_def-WEB-CAS-13-721x1024.jpg\" alt=\"\" width=\"721\" height=\"1024\" srcset=\"https:\/\/www.baztan.eus\/wp-content\/uploads\/2024\/04\/ESKUORRIA_def-WEB-CAS-13-721x1024.jpg 721w, https:\/\/www.baztan.eus\/wp-content\/uploads\/2024\/04\/ESKUORRIA_def-WEB-CAS-13-211x300.jpg 211w, https:\/\/www.baztan.eus\/wp-content\/uploads\/2024\/04\/ESKUORRIA_def-WEB-CAS-13-768x1090.jpg 768w, https:\/\/www.baztan.eus\/wp-content\/uploads\/2024\/04\/ESKUORRIA_def-WEB-CAS-13-81x115.jpg 81w, https:\/\/www.baztan.eus\/wp-content\/uploads\/2024\/04\/ESKUORRIA_def-WEB-CAS-13.jpg 875w\" sizes=\"auto, (max-width: 721px) 100vw, 721px\" \/><\/a> <a href=\"https:\/\/www.baztan.eus\/wp-content\/uploads\/2024\/04\/ESKUORRIA_def-WEB-CAS-14.jpg\" target=\"_blank\" rel=\"noopener\"><img loading=\"lazy\" decoding=\"async\" class=\"alignnone wp-image-22739 size-large\" src=\"https:\/\/www.baztan.eus\/wp-content\/uploads\/2024\/04\/ESKUORRIA_def-WEB-CAS-14-721x1024.jpg\" alt=\"\" width=\"721\" height=\"1024\" srcset=\"https:\/\/www.baztan.eus\/wp-content\/uploads\/2024\/04\/ESKUORRIA_def-WEB-CAS-14-721x1024.jpg 721w, https:\/\/www.baztan.eus\/wp-content\/uploads\/2024\/04\/ESKUORRIA_def-WEB-CAS-14-211x300.jpg 211w, https:\/\/www.baztan.eus\/wp-content\/uploads\/2024\/04\/ESKUORRIA_def-WEB-CAS-14-768x1090.jpg 768w, https:\/\/www.baztan.eus\/wp-content\/uploads\/2024\/04\/ESKUORRIA_def-WEB-CAS-14-81x115.jpg 81w, https:\/\/www.baztan.eus\/wp-content\/uploads\/2024\/04\/ESKUORRIA_def-WEB-CAS-14.jpg 875w\" sizes=\"auto, (max-width: 721px) 100vw, 721px\" \/><\/a> <a href=\"https:\/\/www.baztan.eus\/wp-content\/uploads\/2024\/04\/ESKUORRIA_def-WEB-CAS-15.jpg\" target=\"_blank\" rel=\"noopener\"><img loading=\"lazy\" decoding=\"async\" class=\"alignnone wp-image-22740 size-large\" src=\"https:\/\/www.baztan.eus\/wp-content\/uploads\/2024\/04\/ESKUORRIA_def-WEB-CAS-15-721x1024.jpg\" alt=\"\" width=\"721\" height=\"1024\" srcset=\"https:\/\/www.baztan.eus\/wp-content\/uploads\/2024\/04\/ESKUORRIA_def-WEB-CAS-15-721x1024.jpg 721w, https:\/\/www.baztan.eus\/wp-content\/uploads\/2024\/04\/ESKUORRIA_def-WEB-CAS-15-211x300.jpg 211w, https:\/\/www.baztan.eus\/wp-content\/uploads\/2024\/04\/ESKUORRIA_def-WEB-CAS-15-768x1090.jpg 768w, https:\/\/www.baztan.eus\/wp-content\/uploads\/2024\/04\/ESKUORRIA_def-WEB-CAS-15-81x115.jpg 81w, https:\/\/www.baztan.eus\/wp-content\/uploads\/2024\/04\/ESKUORRIA_def-WEB-CAS-15.jpg 875w\" sizes=\"auto, (max-width: 721px) 100vw, 721px\" \/><\/a><\/p>\n<h3><\/h3>\n<p><!--more--><\/p>\n<h2><span style=\"color: #800080;\"><strong>Criterios de la atenci\u00f3n<\/strong><\/span><\/h2>\n<ul>\n<li>ATENCI\u00d3N PRIORITARIA:\n<ul>\n<li>La atenci\u00f3n se realizar\u00e1 a la mayor brevedad posible.<\/li>\n<li>En la medida de lo posible, se atender\u00e1 a las mujeres de forma individual en lugares adecuados para facilitar la comunicaci\u00f3n, respetar la intimidad y crear relaciones de confianza.<\/li>\n<li>Si hay hijas\/os, hay que habilitar lugares adecuados para ellas, separados de los lugares donde se atiende a las mujeres. Tampoco se utilizar\u00e1 a las\/os hijaos\/os como traductores.<\/li>\n<\/ul>\n<\/li>\n<li>RESPUESTA R\u00c1PIDA, COORDINADA Y EFICAZ: La respuesta al conocimiento de una agresi\u00f3n machista ser\u00e1 \u00e1gil, coordinada y eficaz con todas las instituciones y servicios implicados (movimiento feminista y ayuntamiento). No se improvisar\u00e1 y la respuesta ser\u00e1 planificada seg\u00fan las bases del protocolo.<\/li>\n<li>CONFIDENCIALIDAD DE LA INFORMACI\u00d3N: No se facilitar\u00e1n datos sobre detalles de c\u00f3mo se ha producido la agresi\u00f3n o sobre la v\u00edctima o sus hijas\/os. Los datos que se aportar\u00e1n ser\u00e1n de car\u00e1cter general, es decir, los m\u00ednimos necesarios para identificar el tipo de violencia ejercida y sufrida y justificar las medidas adoptadas.<\/li>\n<li>CONTRASTAR INFORMACI\u00d3N: Para evitar la alarma social hay que actuar con responsabilidad y, por tanto, contrastar la informaci\u00f3n de los hechos. Una respuesta sin base s\u00f3lida no beneficia ni a la prevenci\u00f3n de la violencia ni a la v\u00edctima.<\/li>\n<li>EVITAR LA REVICTIMIZACI\u00d3N: Teniendo en cuenta que la mayor\u00eda de los municipios peque\u00f1os se conocen, se prestar\u00e1 especial atenci\u00f3n a la hora de garantizar la confidencialidad de la mujer agredida. Los rumores pueden provocar una doble violencia y una revictimizaci\u00f3n.<\/li>\n<li>NO DISCRIMINACI\u00d3N Y ENFOQUE INTERSECCIONAL: Se garantizar\u00e1 que las mujeres que han hecho frente a la agresi\u00f3n puedan comunicarse en su idioma habitual a trav\u00e9s de los medios adecuados para ello.<\/li>\n<li>REPARACI\u00d3N COLECTIVA Y PREVENCI\u00d3N DEL DA\u00d1O: realizaci\u00f3n de homenajes y acciones p\u00fablicas que condenen la violencia machista y muestren respeto a las v\u00edctimas.<\/li>\n<\/ul>\n<p><!--more--><\/p>\n<p><strong>El movimiento feminista es un agente clave en la elaboraci\u00f3n y puesta en marcha de un protocolo de actuaci\u00f3n para la respuesta ante casos de violencia contra las mujeres y violencia sexual<\/strong> y para la respuesta social a dichas violencias. En cuanto al Baztan, estos son los principales agentes del Movimiento Feminista:<\/p>\n<h3><strong>Baztango Talde Feminista<\/strong>:\u00a0<a href=\"mailto:baztangohaizefeminista@gmail.com\">baztangohaizefeminista@gmail.com<\/a>; 638150510; INSTAGRAM @baztangotaldefem<\/h3>\n<h3><strong>I\u00f1arrosi Neska Gazteen Talde Feminista<\/strong>: 621297117;\u00a0<a href=\"mailto:baztaninarrosiz@gmail.com\">baztaninarrosiz@gmail.com<\/a>; INSTAGRAM @baztaninarrosiz<\/h3>\n<h3><strong>Harro Baztan LGTBI+ taldea<\/strong>: 643970975;\u00a0<a href=\"mailto:harrobaztan@gmail.com\">harrobaztan@gmail.com<\/a>; INSTAGRAM @harrobaztan<\/h3>\n<h3 style=\"text-align: center;\"><strong>Para denunciar cualquier conducta sexista o agresi\u00f3n sexual:<\/strong><\/h3>\n<h3 style=\"text-align: center;\"><a href=\"mailto:erasoakbaztan@gmail.com\">erasoakbaztan@gmail.com<\/a><\/h3>\n<ul>\n<li>\n<h3>Tel\u00e9fono del Servicio de Igualdad de Baztan para la activaci\u00f3n de cualquier ayuda o para la activaci\u00f3n de una respuesta social: <strong>613 00 36 34<\/strong><\/h3>\n<\/li>\n<\/ul>\n<p><!--more--><\/p>\n<h3><strong><a href=\"https:\/\/www.baztan.eus\/wp-content\/uploads\/2024\/03\/baztan-protokoloa-ESP-anexo-gabe.pdf\" class=\"mtli_attachment mtli_pdf\" target=\"_blank\" rel=\"noopener\"><img loading=\"lazy\" decoding=\"async\" class=\"alignleft wp-image-22049 size-medium\" src=\"https:\/\/www.baztan.eus\/wp-content\/uploads\/2023\/12\/PORTADA-cas-arreta-prot_jpg-300x212.jpg\" alt=\"\" width=\"300\" height=\"212\" srcset=\"https:\/\/www.baztan.eus\/wp-content\/uploads\/2023\/12\/PORTADA-cas-arreta-prot_jpg-300x212.jpg 300w, https:\/\/www.baztan.eus\/wp-content\/uploads\/2023\/12\/PORTADA-cas-arreta-prot_jpg-1024x725.jpg 1024w, https:\/\/www.baztan.eus\/wp-content\/uploads\/2023\/12\/PORTADA-cas-arreta-prot_jpg-768x543.jpg 768w, https:\/\/www.baztan.eus\/wp-content\/uploads\/2023\/12\/PORTADA-cas-arreta-prot_jpg-1536x1087.jpg 1536w, https:\/\/www.baztan.eus\/wp-content\/uploads\/2023\/12\/PORTADA-cas-arreta-prot_jpg-163x115.jpg 163w, https:\/\/www.baztan.eus\/wp-content\/uploads\/2023\/12\/PORTADA-cas-arreta-prot_jpg.jpg 1754w\" sizes=\"auto, (max-width: 300px) 100vw, 300px\" \/><\/a><\/strong><\/h3>\n<h3><\/h3>\n<h3><\/h3>\n<h3><strong>Descarga <a href=\"https:\/\/www.baztan.eus\/wp-content\/uploads\/2024\/03\/baztan-protokoloa-ESP-anexo-gabe.pdf\" class=\"mtli_attachment mtli_pdf\" target=\"_blank\" rel=\"noopener\">aqu\u00ed<\/a> el <em>I PROTOCOLO DE COORDINACI\u00d3N ANTE LA VIOLENCIA CONTRA LAS MUJERES\u00a0<\/em><\/strong><\/h3>\n<p>&nbsp;<\/p>\n<p>&nbsp;<\/p>\n<p>&nbsp;<\/p>\n<h3><a href=\"https:\/\/www.baztan.eus\/wp-content\/uploads\/2023\/12\/Erantzun-soziala.pdf\" class=\"mtli_attachment mtli_pdf\" target=\"_blank\" rel=\"noopener\"><img loading=\"lazy\" decoding=\"async\" class=\"wp-image-22051 size-medium alignleft\" src=\"https:\/\/www.baztan.eus\/wp-content\/uploads\/2023\/12\/Erantzun-soziala-PORTADA_JPG-212x300.jpg\" alt=\"\" width=\"212\" height=\"300\" srcset=\"https:\/\/www.baztan.eus\/wp-content\/uploads\/2023\/12\/Erantzun-soziala-PORTADA_JPG-212x300.jpg 212w, https:\/\/www.baztan.eus\/wp-content\/uploads\/2023\/12\/Erantzun-soziala-PORTADA_JPG-725x1024.jpg 725w, https:\/\/www.baztan.eus\/wp-content\/uploads\/2023\/12\/Erantzun-soziala-PORTADA_JPG-768x1085.jpg 768w, https:\/\/www.baztan.eus\/wp-content\/uploads\/2023\/12\/Erantzun-soziala-PORTADA_JPG-1087x1536.jpg 1087w, https:\/\/www.baztan.eus\/wp-content\/uploads\/2023\/12\/Erantzun-soziala-PORTADA_JPG-81x115.jpg 81w, https:\/\/www.baztan.eus\/wp-content\/uploads\/2023\/12\/Erantzun-soziala-PORTADA_JPG.jpg 1241w\" sizes=\"auto, (max-width: 212px) 100vw, 212px\" \/><\/a><\/h3>\n<h3><\/h3>\n<h3><\/h3>\n<h3><\/h3>\n<h3>Descarga <a href=\"https:\/\/www.baztan.eus\/wp-content\/uploads\/2023\/12\/Erantzun-soziala.pdf\" class=\"mtli_attachment mtli_pdf\" target=\"_blank\" rel=\"noopener\">aqu\u00ed<\/a> el <em>PROTOCOLO DE RESPUESTA SOCIAL A LAS AGRESIONES MACHISTAS<\/em><\/h3>\n<p>&nbsp;<\/p>\n<p>&nbsp;<\/p>\n<p>&nbsp;<\/p>\n<p>&nbsp;<\/p>\n<p><!--more--><\/p>\n<p><a href=\"http:\/\/www.baztan.eus\/wp-content\/uploads\/2022\/07\/Eraso_sexisten_aitz_JPG.jpg\" target=\"_blank\" rel=\"noopener\"><img loading=\"lazy\" decoding=\"async\" class=\"aligncenter wp-image-18494 size-full\" src=\"http:\/\/www.baztan.eus\/wp-content\/uploads\/2022\/07\/Eraso_sexisten_aitz_JPG.jpg\" alt=\"\" width=\"1754\" height=\"2481\" srcset=\"https:\/\/www.baztan.eus\/wp-content\/uploads\/2022\/07\/Eraso_sexisten_aitz_JPG.jpg 1754w, https:\/\/www.baztan.eus\/wp-content\/uploads\/2022\/07\/Eraso_sexisten_aitz_JPG-212x300.jpg 212w, https:\/\/www.baztan.eus\/wp-content\/uploads\/2022\/07\/Eraso_sexisten_aitz_JPG-724x1024.jpg 724w, https:\/\/www.baztan.eus\/wp-content\/uploads\/2022\/07\/Eraso_sexisten_aitz_JPG-768x1086.jpg 768w, https:\/\/www.baztan.eus\/wp-content\/uploads\/2022\/07\/Eraso_sexisten_aitz_JPG-1086x1536.jpg 1086w, https:\/\/www.baztan.eus\/wp-content\/uploads\/2022\/07\/Eraso_sexisten_aitz_JPG-1448x2048.jpg 1448w, https:\/\/www.baztan.eus\/wp-content\/uploads\/2022\/07\/Eraso_sexisten_aitz_JPG-300x424.jpg 300w, https:\/\/www.baztan.eus\/wp-content\/uploads\/2022\/07\/Eraso_sexisten_aitz_JPG-81x115.jpg 81w\" sizes=\"auto, (max-width: 1754px) 100vw, 1754px\" \/><\/a><!--more--><\/p>\n<h2><strong><a href=\"http:\/\/www.baztan.eus\/wp-content\/uploads\/2022\/07\/Eraso_sexisten_aitz_A3.pdf\" class=\"mtli_attachment mtli_pdf\">Descarga aqu\u00ed el cartel<\/a><\/strong><\/h2>\n<p>&nbsp;<\/p>\n<p>&nbsp;<\/p>\n<p>&nbsp;<\/p>\n<p>&nbsp;<\/p>\n<p>&nbsp;<\/p>\n<h3><\/h3>\n<p>&nbsp;<\/p>\n","protected":false},"excerpt":{"rendered":"<p>Recursos y servicios\u00a0 Si identificamos una agresi\u00f3n, ofrecer protecci\u00f3n y ayuda a la persona agredida, escuchar sin juzgar e informar de los recursos existentes. Descarga aqu\u00ed el folleto<\/p>\n","protected":false},"author":3,"featured_media":0,"parent":13410,"menu_order":3,"comment_status":"closed","ping_status":"closed","template":"","meta":{"_exactmetrics_skip_tracking":false,"_exactmetrics_sitenote_active":false,"_exactmetrics_sitenote_note":"","_exactmetrics_sitenote_category":0,"footnotes":""},"class_list":["post-20706","page","type-page","status-publish","hentry"],"_links":{"self":[{"href":"https:\/\/www.baztan.eus\/es\/wp-json\/wp\/v2\/pages\/20706","targetHints":{"allow":["GET"]}}],"collection":[{"href":"https:\/\/www.baztan.eus\/es\/wp-json\/wp\/v2\/pages"}],"about":[{"href":"https:\/\/www.baztan.eus\/es\/wp-json\/wp\/v2\/types\/page"}],"author":[{"embeddable":true,"href":"https:\/\/www.baztan.eus\/es\/wp-json\/wp\/v2\/users\/3"}],"replies":[{"embeddable":true,"href":"https:\/\/www.baztan.eus\/es\/wp-json\/wp\/v2\/comments?post=20706"}],"version-history":[{"count":15,"href":"https:\/\/www.baztan.eus\/es\/wp-json\/wp\/v2\/pages\/20706\/revisions"}],"predecessor-version":[{"id":23238,"href":"https:\/\/www.baztan.eus\/es\/wp-json\/wp\/v2\/pages\/20706\/revisions\/23238"}],"up":[{"embeddable":true,"href":"https:\/\/www.baztan.eus\/es\/wp-json\/wp\/v2\/pages\/13410"}],"wp:attachment":[{"href":"https:\/\/www.baztan.eus\/es\/wp-json\/wp\/v2\/media?parent=20706"}],"curies":[{"name":"wp","href":"https:\/\/api.w.org\/{rel}","templated":true}]}}