{"id":21385,"date":"2023-08-31T11:32:57","date_gmt":"2023-08-31T11:32:57","guid":{"rendered":"https:\/\/www.baztan.eus\/?page_id=21385"},"modified":"2026-03-06T13:17:59","modified_gmt":"2026-03-06T13:17:59","slug":"financiacion-fondos-europeos","status":"publish","type":"page","link":"https:\/\/www.baztan.eus\/es\/financiacion-fondos-europeos\/","title":{"rendered":"FINANCIACI\u00d3N FONDOS EUROPEOS"},"content":{"rendered":"<h3>FONDOS NEXT GENERATION EU EN EL MARCO DEL PLAN DE RECUPERACI\u00d3N, TRANSFORMACI\u00d3N\u00a0 Y RESILIENCIA (PRTR)<\/h3>\n<p><img loading=\"lazy\" decoding=\"async\" class=\"alignnone wp-image-21381\" src=\"https:\/\/www.baztan.eus\/wp-content\/uploads\/2023\/08\/logotipo_plan-recuperacion-e1693476464524-300x200.jpg\" alt=\"\" width=\"247\" height=\"165\" \/> <img loading=\"lazy\" decoding=\"async\" class=\"alignnone wp-image-21382\" src=\"https:\/\/www.baztan.eus\/wp-content\/uploads\/2023\/08\/ES-Financiado-por-la-Union-Europea-POS-scaled-e1693476512324-300x63.jpg\" alt=\"\" width=\"286\" height=\"60\" \/><img loading=\"lazy\" decoding=\"async\" class=\"alignnone wp-image-21383\" src=\"https:\/\/www.baztan.eus\/wp-content\/uploads\/2023\/08\/Baztan_v2_CMYK-300x115.jpg\" alt=\"\" width=\"266\" height=\"102\" \/><\/p>\n<hr \/>\n<h4 style=\"text-align: center;\"><strong>POL\u00cdTICA ANTIFRAUDE<\/strong><\/h4>\n<hr \/>\n<ul>\n<li><a href=\"https:\/\/www.baztan.eus\/wp-content\/uploads\/2023\/10\/Iruzurraren-kontrako-PLANA-1.pdf\" class=\"mtli_attachment mtli_pdf\">Plan antifraude<\/a><\/li>\n<li><a href=\"https:\/\/www.baztan.eus\/wp-content\/uploads\/2023\/10\/Akordioa-1.pdf\" class=\"mtli_attachment mtli_pdf\">Acuerdo aprobaci\u00f3n Plan Antifraude<\/a><\/li>\n<li><a href=\"https:\/\/www.igae.pap.hacienda.gob.es\/sitios\/igae\/es-ES\/snca\/Paginas\/ComunicacionSNCA.aspx\">Comunicaci\u00f3n de informaci\u00f3n sobre fraudes o irregularidades que afecten a fondos europeos<\/a><\/li>\n<li><a href=\"https:\/\/www.baztan.eus\/wp-content\/uploads\/2024\/07\/DECLARACION-INSTITUCIONAL-DE-LUCHA-CONTRA-EL-FRAUDE.pdf\" class=\"mtli_attachment mtli_pdf\">Declaraci\u00f3n institucional de lucha contra el fraude<\/a><\/li>\n<li><a href=\"https:\/\/www.baztan.eus\/wp-content\/uploads\/2024\/07\/CODIGO-DE-CONDUCTA-1.pdf\" class=\"mtli_attachment mtli_pdf\">C\u00f3digo de conducta de los empleados y empleadas p\u00fablicos<\/a><\/li>\n<li><a href=\"https:\/\/www.baztan.eus\/wp-content\/uploads\/2024\/07\/CODIGO-DE-BUEN-GOBIERNO.pdf\" class=\"mtli_attachment mtli_pdf\">C\u00f3digo de buen gobierno de las autoridades y cargos del sector p\u00fablico local<\/a><\/li>\n<\/ul>\n<p>&nbsp;<\/p>\n<hr \/>\n<h4 style=\"text-align: center;\"><strong>PROYECTOS<\/strong><\/h4>\n<hr \/>\n<hr \/>\n<p style=\"text-align: center;\">\u2714 ACTIVOS<\/p>\n<hr \/>\n<div class=\"bloque class-col-xs-12\"><a href=\"#1\" class=\"bloque-tab\"><span id=\"translation_box\" class=\"form-control-text textarea\" role=\"textbox\">PSTD BAZTAN BIDASOA, SL-NA 12 Obras de homologaci\u00f3n, acondicionamiento y se\u00f1alizaci\u00f3n del itinerario Xorroxin y zona de acogida de Erratzu<\/span><\/a><div class=\"contenido-bloque\" id=\"1\" style=\"display: none;\"><\/p>\n<p><a href=\"http:\/\/www.baztan.eus\/wp-content\/uploads\/Hitzarmena_Baztan_OFIZIALA.pdf\" class=\"mtli_attachment mtli_pdf\">CONVENIO de Baztan Xorroxin y Erratzu<\/a><\/p>\n<p><a href=\"https:\/\/www.baztan.eus\/wp-content\/uploads\/2025\/06\/Cartel-Recorrido-Xorroxin.pdf\" class=\"mtli_attachment mtli_pdf\">Cartel Recorrido Xorroxin<\/a><\/p>\n<p><a href=\"https:\/\/www.baztan.eus\/wp-content\/uploads\/2025\/06\/Harrera-eremua-Erratzu.pdf\" class=\"mtli_attachment mtli_pdf\">\u00c1rea de acogida de Erratzu<\/a><\/p>\n<p><\/div><\/div>\n<p>&nbsp;<\/p>\n<div class=\"bloque class-col-xs-12\"><a href=\"#2\" class=\"bloque-tab\">Inversiones en iluminaci\u00f3n eficiente de monumentos y mejoras en eficiencia energ\u00e9tica de infraestructuras tur\u00edsticas - Next Generation EU- Sustituci\u00f3n de luminarias poco eficientes por otros de tecnolog\u00eda led<\/a><div class=\"contenido-bloque\" id=\"2\" style=\"display: none;\"><\/p>\n<p><a href=\"https:\/\/www.baztan.eus\/wp-content\/uploads\/2025\/05\/11238714_12713795_Resolucion-concesion-Ayto.-Baztan_40E-2025.pdf\" class=\"mtli_attachment mtli_pdf\">RESOLUCION 40E-2025. Concesi\u00f3n de ayudas al Ayuntamiento de Baztan<\/a><\/p>\n<p><a href=\"https:\/\/www.baztan.eus\/wp-content\/uploads\/2025\/06\/Publizitate-kartela_Cartel-Publicidad.pdf\" class=\"mtli_attachment mtli_pdf\">Cartel Publicidad<\/a><\/p>\n<p><\/div><\/div>\n<p>&nbsp;<\/p>\n<div class=\"bloque class-col-xs-12\"><a href=\"#3\" class=\"bloque-tab\">Rutas del Camino de Santiago para movilidad sostenible, \u00e1reas de reposo y conservaci\u00f3n paisaj\u00edstica y alojamientos circulares. Mejora del Camino de Santiago baztan\u00e9s en Arizkun-Ordoki \u2013 Next Generation EU<\/a><div class=\"contenido-bloque\" id=\"3\" style=\"display: none;\"><\/p>\n<p><a href=\"https:\/\/www.baztan.eus\/wp-content\/uploads\/2025\/05\/73E-2025.pdf\" class=\"mtli_attachment mtli_pdf\">RESOLUCION 73E-2025. Concesi\u00f3n de ayudas al Ayuntamiento de Baztan<\/a><\/p>\n<p><a href=\"https:\/\/www.baztan.eus\/wp-content\/uploads\/2025\/06\/Cartel-publicidad-Movilidad-Sostenible-Camino-Santiago.pdf\" class=\"mtli_attachment mtli_pdf\">Cartel publicidad Movilidad Sostenible Camino Santiago<\/a><\/p>\n<p><\/div><\/div>\n<p>&nbsp;<\/p>\n<div class=\"bloque class-col-xs-12\"><a href=\"#4\" class=\"bloque-tab\">Inversiones en materia de bioseguridad en el matadero de Baztan<\/a><div class=\"contenido-bloque\" id=\"4\" style=\"display: none;\"><\/p>\n<p><a href=\"https:\/\/www.baztan.eus\/wp-content\/uploads\/2024\/06\/INVERSIONES-BIOSEGURIDAD.-RESOLUCION.pdf\" class=\"mtli_attachment mtli_pdf\">RESOLUCION 414-2024. Concesi\u00f3n de ayudas al Ayuntamiento de Baztan<\/a><\/p>\n<p><a href=\"https:\/\/www.baztan.eus\/wp-content\/uploads\/2026\/03\/Cartel.pdf\" class=\"mtli_attachment mtli_pdf\">Cartel<\/a><\/p>\n<p><\/div><\/div>\n<h3><\/h3>\n<p>&nbsp;<\/p>\n<div class=\"bloque class-col-xs-12\"><a href=\"#5\" class=\"bloque-tab\">Actualizaci\u00f3n del plan de actuaci\u00f3n municipal frente al riesgo de inundaci\u00f3n (2025)<\/a><div class=\"contenido-bloque\" id=\"5\" style=\"display: none;\"><\/p>\n<p><a href=\"https:\/\/www.baztan.eus\/wp-content\/uploads\/2025\/01\/PLAN-INUNDACIONES-Resolucion-Concesion_01_1142E-2024.pdf\" class=\"mtli_attachment mtli_pdf\">PLAN INUNDACIONES Resolucion Concesion_01_1142E-2024<\/a><\/p>\n<p><a href=\"https:\/\/www.baztan.eus\/wp-content\/uploads\/2025\/01\/CARTEL_PAMRI.pdf\" class=\"mtli_attachment mtli_pdf\">CARTEL_PAMRI<\/a><\/p>\n<p><\/div><\/div>\n<p>&nbsp;<\/p>\n<div class=\"bloque class-col-xs-12\"><a href=\"#6\" class=\"bloque-tab\">Alumbrado p\u00fablico (2023)<\/a><div class=\"contenido-bloque\" id=\"6\" style=\"display: none;\"><\/p>\n<p><a href=\"https:\/\/www.baztan.eus\/wp-content\/uploads\/2024\/03\/RESOLUCION-DEFINITIVA-DUS-5000.pdf\" class=\"mtli_attachment mtli_pdf\">ALUMBRADO P\u00daBLICO BAZTAN. RESOLUCI\u00d3N DEFINITIVA DUS 5000<\/a><\/p>\n<p><a href=\"https:\/\/www.baztan.eus\/wp-content\/uploads\/2023\/09\/PROP_RESOL_definitiva_FIRMADO_ALUMBRADO-PUBLICO.pdf\" class=\"mtli_attachment mtli_pdf\">ALUMBRADO P\u00daBLICO BAZTAN _PROGRAMA DUSS 5000<\/a><\/p>\n<p><a href=\"https:\/\/www.baztan.eus\/wp-content\/uploads\/2024\/05\/KARTELA-CARTEL.pdf\" class=\"mtli_attachment mtli_pdf\">CARTEL\u00a0 DUSS 5000<\/a><\/p>\n<p><a href=\"https:\/\/www.baztan.eus\/wp-content\/uploads\/2025\/08\/Comunicacion_DUS5000_web_justificacion-final.pdf\" class=\"mtli_attachment mtli_pdf\">COMUNICACION AHORRO ENERGETICO_DUS5000<\/a><\/p>\n<p><\/div><\/div>\n<p>&nbsp;<\/p>\n<div class=\"bloque class-col-xs-12\"><a href=\"#7\" class=\"bloque-tab\">Punto limpio (2023)<\/a><div class=\"contenido-bloque\" id=\"7\" style=\"display: none;\"><\/p>\n<p><a href=\"https:\/\/www.baztan.eus\/wp-content\/uploads\/2023\/09\/RESOLUCION-MRRBAZTAN-2022-GARBIGUNEA.pdf\" class=\"mtli_attachment mtli_pdf\">PUNT LIMPIO BAZTAN _FONDOS MRR 2022 (PRTR_NEXT GENERATION)<\/a><\/p>\n<p><a href=\"https:\/\/www.baztan.eus\/wp-content\/uploads\/2024\/08\/Resolucion_1065E-2023_CSV.pdf\" class=\"mtli_attachment mtli_pdf\">PUNT LIMPIO BAZTAN _FONDOS MRR 2023 (PRTR_NEXT GENERATION)<\/a><\/p>\n<p><a href=\"https:\/\/www.baztan.eus\/wp-content\/uploads\/2024\/09\/CARTEL-INICIO-OBRA-GARBIGUNEA-BAZTAN-C12.I03_modificado-final.pdf\" class=\"mtli_attachment mtli_pdf\">CARTEL PUNTO LIMPIO BAZTAN<\/a><\/p>\n<p><\/div><\/div>\n<p>&nbsp;<\/p>\n<div class=\"bloque class-col-xs-12\"><a href=\"#8\" class=\"bloque-tab\">Adaptaci\u00f3n del destino de Amaiur y sus infraestructuras para la puesta en valor de patrimonio. Centro de acogida de visitantes y centro de interpretaci\u00f3n e investigaci\u00f3n. Acondicionamiento de parcelas para \u00e1rea de acogida y sistema de control de acceso y entrada al castillo de Amaiur.<\/a><div class=\"contenido-bloque\" id=\"8\" style=\"display: none;\"><\/p>\n<p><a href=\"https:\/\/www.baztan.eus\/wp-content\/uploads\/2025\/07\/HITZARMENA-AB.26_signed_signd.pdf\" class=\"mtli_attachment mtli_pdf\">CONVENIO AB.26_<\/a><\/p>\n<p><a href=\"https:\/\/www.baztan.eus\/wp-content\/uploads\/2026\/01\/TORNO_KARTELA_CARTEL.pdf\" class=\"mtli_attachment mtli_pdf\">TORNO_KARTELA_CARTEL<\/a><\/p>\n<p><a href=\"https:\/\/www.baztan.eus\/wp-content\/uploads\/2026\/01\/AGERREA_KARTELA_CARTEL.pdf\" class=\"mtli_attachment mtli_pdf\">AGERREA_KARTELA_CARTEL<\/a><\/p>\n<p><\/div><\/div>\n<p>&nbsp;<\/p>\n<div class=\"bloque class-col-xs-12\"><a href=\"#9\" class=\"bloque-tab\">Proyecto de implantaci\u00f3n de la telegesti\u00f3n, instalaci\u00f3n de contadores de agua inteligentes y sectorizaci\u00f3n en el municipio de Baztan<\/a><div class=\"contenido-bloque\" id=\"9\" style=\"display: none;\"><\/p>\n<p><a href=\"https:\/\/www.baztan.eus\/wp-content\/uploads\/2026\/01\/Kartela_Cartel.pdf\" class=\"mtli_attachment mtli_pdf\">Kartela_Cartel<\/a><\/p>\n<p><a href=\"https:\/\/www.baztan.eus\/wp-content\/uploads\/2026\/01\/275E_2025-Ebazpena_resolucion_concesion.pdf\" class=\"mtli_attachment mtli_pdf\">275E_2025 Ebazpena_resolucion_concesion<\/a><\/p>\n<p><\/div><\/div>\n<p>&nbsp;<\/p>\n<p>&nbsp;<\/p>\n<p>&nbsp;<\/p>\n<p>&nbsp;<\/p>\n<p>&nbsp;<\/p>\n<hr \/>\n<p style=\"text-align: center;\">\u2716 FINALIZADOS<\/p>\n<hr \/>\n<p style=\"text-align: center;\"><a href=\"https:\/\/www.baztan.eus\/es\/financiacion-fondos-europeos\/procesos-finalizados\/\">ENTRAR<\/a><\/p>\n<p>&nbsp;<\/p>\n","protected":false},"excerpt":{"rendered":"<p>FONDOS NEXT GENERATION EU EN EL MARCO DEL PLAN DE RECUPERACI\u00d3N, TRANSFORMACI\u00d3N\u00a0 Y RESILIENCIA (PRTR) POL\u00cdTICA ANTIFRAUDE Plan antifraude Acuerdo aprobaci\u00f3n Plan Antifraude Comunicaci\u00f3n de informaci\u00f3n sobre fraudes o irregularidades que afecten a fondos europeos Declaraci\u00f3n institucional de lucha contra el fraude C\u00f3digo de conducta de los empleados y empleadas p\u00fablicos C\u00f3digo de buen gobierno [&hellip;]<\/p>\n","protected":false},"author":7,"featured_media":0,"parent":0,"menu_order":0,"comment_status":"closed","ping_status":"closed","template":"","meta":{"_exactmetrics_skip_tracking":false,"_exactmetrics_sitenote_active":false,"_exactmetrics_sitenote_note":"","_exactmetrics_sitenote_category":0,"footnotes":""},"class_list":["post-21385","page","type-page","status-publish","hentry"],"_links":{"self":[{"href":"https:\/\/www.baztan.eus\/es\/wp-json\/wp\/v2\/pages\/21385","targetHints":{"allow":["GET"]}}],"collection":[{"href":"https:\/\/www.baztan.eus\/es\/wp-json\/wp\/v2\/pages"}],"about":[{"href":"https:\/\/www.baztan.eus\/es\/wp-json\/wp\/v2\/types\/page"}],"author":[{"embeddable":true,"href":"https:\/\/www.baztan.eus\/es\/wp-json\/wp\/v2\/users\/7"}],"replies":[{"embeddable":true,"href":"https:\/\/www.baztan.eus\/es\/wp-json\/wp\/v2\/comments?post=21385"}],"version-history":[{"count":63,"href":"https:\/\/www.baztan.eus\/es\/wp-json\/wp\/v2\/pages\/21385\/revisions"}],"predecessor-version":[{"id":26617,"href":"https:\/\/www.baztan.eus\/es\/wp-json\/wp\/v2\/pages\/21385\/revisions\/26617"}],"wp:attachment":[{"href":"https:\/\/www.baztan.eus\/es\/wp-json\/wp\/v2\/media?parent=21385"}],"curies":[{"name":"wp","href":"https:\/\/api.w.org\/{rel}","templated":true}]}}