{"id":21743,"date":"2023-10-26T11:00:40","date_gmt":"2023-10-26T11:00:40","guid":{"rendered":"https:\/\/www.baztan.eus\/?page_id=21743"},"modified":"2023-11-06T10:58:58","modified_gmt":"2023-11-06T10:58:58","slug":"2023-azaroak-25-emakumeen-kontrako-indarkeriaren-aurkako-nazioarteko-eguna","status":"publish","type":"page","link":"https:\/\/www.baztan.eus\/es\/2023-azaroak-25-emakumeen-kontrako-indarkeriaren-aurkako-nazioarteko-eguna\/","title":{"rendered":"25 de noviembre \u2013 D\u00eda Internacional para la eliminaci\u00f3n de la violencia contra las mujeres"},"content":{"rendered":"<h2><strong>JARDUERAK \/\/ <em>ACTIVIDADES<\/em><\/strong><\/h2>\n<p><a href=\"https:\/\/www.baztan.eus\/wp-content\/uploads\/2023\/11\/A25-ekintzen-kartela-3-scaled.jpg\" target=\"_blank\" rel=\"noopener\"><img loading=\"lazy\" decoding=\"async\" class=\"aligncenter wp-image-21789 size-large\" src=\"https:\/\/www.baztan.eus\/wp-content\/uploads\/2023\/11\/A25-ekintzen-kartela-3-768x1024.jpg\" alt=\"\" width=\"768\" height=\"1024\" srcset=\"https:\/\/www.baztan.eus\/wp-content\/uploads\/2023\/11\/A25-ekintzen-kartela-3-768x1024.jpg 768w, https:\/\/www.baztan.eus\/wp-content\/uploads\/2023\/11\/A25-ekintzen-kartela-3-225x300.jpg 225w, https:\/\/www.baztan.eus\/wp-content\/uploads\/2023\/11\/A25-ekintzen-kartela-3-1152x1536.jpg 1152w, https:\/\/www.baztan.eus\/wp-content\/uploads\/2023\/11\/A25-ekintzen-kartela-3-1536x2048.jpg 1536w, https:\/\/www.baztan.eus\/wp-content\/uploads\/2023\/11\/A25-ekintzen-kartela-3-300x400.jpg 300w, https:\/\/www.baztan.eus\/wp-content\/uploads\/2023\/11\/A25-ekintzen-kartela-3-86x115.jpg 86w, https:\/\/www.baztan.eus\/wp-content\/uploads\/2023\/11\/A25-ekintzen-kartela-3-scaled.jpg 1920w\" sizes=\"auto, (max-width: 768px) 100vw, 768px\" \/><\/a><\/p>\n<p>EMAKUMEEN KONTRAKO INDARKERIAREN AURKAKO NAZIOARTEKO EGUNA \/\/\u00a0<strong><em>D\u00cdA INTERNACIONAL PARA LA ELIMINACI\u00d3N DE LA VIOLENCIA HACIA LAS MUJERES<\/em><\/strong><\/p>\n<p>MUGIMENDU FEMINISTAK ANTOLATUTAKO INDARKERIA MATXISTAREN KONTRAKO MOBILIZAZIOA \/\/<em><strong> MOVILIZACI\u00d3N ORGANIZADA POR EL MOVIMIENTO FEMINISTA EN CONTRA DE LAS VIOLENCIA MACHISTAS<\/strong><\/em><\/p>\n<p><img loading=\"lazy\" decoding=\"async\" class=\"size-full wp-image-18638 alignleft\" src=\"http:\/\/www.baztan.eus\/wp-content\/uploads\/2022\/08\/imagen-RECHAZO-VIOLENCIA.jpeg\" alt=\"\" width=\"180\" height=\"180\" srcset=\"https:\/\/www.baztan.eus\/wp-content\/uploads\/2022\/08\/imagen-RECHAZO-VIOLENCIA.jpeg 180w, https:\/\/www.baztan.eus\/wp-content\/uploads\/2022\/08\/imagen-RECHAZO-VIOLENCIA-150x150.jpeg 150w, https:\/\/www.baztan.eus\/wp-content\/uploads\/2022\/08\/imagen-RECHAZO-VIOLENCIA-115x115.jpeg 115w\" sizes=\"auto, (max-width: 180px) 100vw, 180px\" \/>Indarkeria matxisten aurkako mobilizazioa. Indarkeria matxistak desagerrarazteko gizarte osoaren konpromisoa eskatzen jarraituko dugu karriketan, eta emakume guztiei gure laguntza eskainiko diegu. Hurbildu zaitez eta erakutsi zure konpromisoa! \/\/ <strong><em>Movilizaci\u00f3n contra las violencias machistas. Seguiremos reclamando en las calles el compromiso de toda la sociedad para erradicar las violencias machistas y ofreceremos nuestra ayuda a todas las mujeres. \u00a1Ac\u00e9rcate y muestra tu compromiso!<\/em><\/strong><\/p>\n<p>&#x1f4c5;\u00a0 Azaroak 25, larunbata, 19:00etan \/\/ <strong><em>25 de noviembre, s\u00e1bado, a las 19:00\u00a0<\/em><\/strong><\/p>\n<p>&#x1f4cd; Elizondoko plazan \/\/ <strong><em>En la plaza de Elizondo<\/em><\/strong><\/p>\n<p>Antolatzailea\/<strong><em>Organiza<\/em><\/strong><em>: <\/em>I\u00f1arrosi Neska* Gazteen Taldea y Baztango Talde Feminista<\/p>\n<p style=\"text-align: center;\">&#8212;&#8212;<\/p>\n<p>HELDUENDAKO ANTZERKIA \/\/ <strong><em>TEATRO PARA PERSONAS ADULTAS<\/em><\/strong><br \/>\nLORE-MORE\u00a0 ANTZERKI TALDEA \/\/<em><strong> GRUPO DE TEATRO LORE MORE\u00a0<\/strong><\/em><\/p>\n<p><strong>TRAPU ZIKINAK\u00a0\u00a0\u00a0\u00a0\u00a0\u00a0\u00a0\u00a0\u00a0\u00a0\u00a0\u00a0\u00a0\u00a0\u00a0\u00a0\u00a0\u00a0\u00a0\u00a0\u00a0\u00a0\u00a0\u00a0\u00a0\u00a0\u00a0\u00a0\u00a0\u00a0\u00a0\u00a0\u00a0\u00a0\u00a0\u00a0\u00a0\u00a0\u00a0\u00a0\u00a0\u00a0\u00a0\u00a0\u00a0\u00a0\u00a0\u00a0\u00a0\u00a0\u00a0\u00a0\u00a0\u00a0\u00a0\u00a0\u00a0\u00a0\u00a0\u00a0\u00a0\u00a0\u00a0\u00a0\u00a0\u00a0\u00a0\u00a0\u00a0\u00a0\u00a0\u00a0\u00a0\u00a0\u00a0\u00a0\u00a0\u00a0\u00a0\u00a0\u00a0\u00a0\u00a0\u00a0\u00a0\u00a0\u00a0\u00a0\u00a0\u00a0\u00a0\u00a0\u00a0\u00a0\u00a0\u00a0\u00a0\u00a0\u00a0\u00a0\u00a0\u00a0\u00a0\u00a0\u00a0\u00a0\u00a0\u00a0\u00a0\u00a0\u00a0\u00a0\u00a0\u00a0\u00a0\u00a0\u00a0\u00a0\u00a0\u00a0\u00a0\u00a0\u00a0\u00a0\u00a0\u00a0\u00a0\u00a0\u00a0\u00a0\u00a0\u00a0\u00a0\u00a0\u00a0\u00a0\u00a0\u00a0\u00a0\u00a0\u00a0 <\/strong><img loading=\"lazy\" decoding=\"async\" class=\"size-medium wp-image-21746 alignleft\" src=\"https:\/\/www.baztan.eus\/wp-content\/uploads\/2023\/10\/trapu-zikinak_irudia-300x200.jpeg\" alt=\"\" width=\"300\" height=\"200\" srcset=\"https:\/\/www.baztan.eus\/wp-content\/uploads\/2023\/10\/trapu-zikinak_irudia-300x200.jpeg 300w, https:\/\/www.baztan.eus\/wp-content\/uploads\/2023\/10\/trapu-zikinak_irudia-172x115.jpeg 172w, https:\/\/www.baztan.eus\/wp-content\/uploads\/2023\/10\/trapu-zikinak_irudia.jpeg 640w\" sizes=\"auto, (max-width: 300px) 100vw, 300px\" \/>\u201cTrapu zikinak etxean garbitzen dira\u201d esaten bada ere, herri garbilekuek, egun mutu dauden harritzarrek, beste errealitate posible bat agerian uzten dute: trapuok kalean garbitzen zirela, alegia, bizilagun, senide eta lagunekin batera; intimitatearen ideia begi berriz aztertu dezakegu iraganeko ur horietan murgiltzen baditugu eskuak. Nola garbitzen dira lotsak utzitako orbanak?\u00a0 Eta indarkeriarenak? Zeri esaten diogu \u00abzikin\u00bb? Zertaz hitz egin daiteke? Zer hitzekin? \/\/<\/p>\n<div class=\"row\">\n<div class=\"col-md-12 col-xs-12\"><strong><em>Aunque se dice \u00ablos trapos sucios se lavan en casa\u00bb, los lavaderos de los pueblos, los pedruscos que hoy permanecen mudos, evidencian otra realidad posible: que estos trapos se lavaban en la calle, es decir, junto a vecinas\/os, familiares y amistades; la idea de intimidad podemos reconsiderarla si sumergimos las manos en esas aguas del pasado. \u00bfC\u00f3mo se limpian las manchas dejadas por la verg\u00fcenza? \u00bfY las de la violencia? \u00bfA qu\u00e9 llamamos \u00absucio\u00bb? \u00bfDe qu\u00e9 se puede hablar? \u00bfCon qu\u00e9 palabras?<\/em><\/strong><\/div>\n<\/div>\n<p>&#x1f4c5;\u00a0 Azaroak 26, igandea, 19:00etan \/\/ <strong><em>25 de noviembre, domingo, a las 19:00\u00a0<\/em><\/strong><\/p>\n<p>&#x1f4cd; Iruritako Gizarte Bilgunean \/\/ <strong><em>En el Centro Social de Irurita<\/em><\/strong><\/p>\n<p>Antolatzailea\/<strong><em>Organiza<\/em><\/strong><em>:<\/em> Baztango Udaleko Kultura Zerbitzua \/\/ <strong><em>Servicio de Cultura del Ayuntamiento de Baztan<\/em><\/strong><\/p>\n<p>Babeslea\/<strong><em>Patrocina<\/em><\/strong>: Nafarroako Gobernuaren 2024ko Artea eta Kultura programa \/\/ <strong><em>Programa \u00abArte y Cultura 2024\u00bb del Gobierno de Navarra<\/em><\/strong><\/p>\n<p>&nbsp;<\/p>\n<p><!--more--><\/p>\n<h2><strong>2023ko azaroaren 25eko ADIERAZPEN INSTITUZIONALA<\/strong><\/h2>\n<p><a href=\"https:\/\/www.baztan.eus\/wp-content\/uploads\/2023\/10\/25-N-ARTE-FINAL-EUS-CAST_jpg-scaled.jpg\" target=\"_blank\" rel=\"noopener\"><img loading=\"lazy\" decoding=\"async\" class=\"aligncenter wp-image-21737 size-medium\" src=\"https:\/\/www.baztan.eus\/wp-content\/uploads\/2023\/10\/25-N-ARTE-FINAL-EUS-CAST_jpg-215x300.jpg\" alt=\"\" width=\"215\" height=\"300\" \/><\/a><\/p>\n<p>Descarga la declaraci\u00f3n institucional completa en dos idiomas <a href=\"https:\/\/www.baztan.eus\/wp-content\/uploads\/2023\/11\/AZAROAREN-25eko-ADIERAZPEN-INSTITUZIONALA_elebi.pdf\" class=\"mtli_attachment mtli_pdf\" target=\"_blank\" rel=\"noopener\">aqu\u00ed<\/a>.<\/p>\n<p><strong><em>Ilustrada y dise\u00f1adora: Li\u00e9bana Go\u00f1i Y\u00e1rnoz <a href=\"http:\/\/www.liebanaillustration.com\">www.liebanaillustration.com<\/a>\u00a0<\/em><\/strong><\/p>\n<p>Declaraci\u00f3n institucional <strong>aprobada por EH Bildu, Zurekin Baztan, Geroa Bai y UPN<\/strong> del Ayuntamiento de Baztan, <strong>con la abstenci\u00f3n de Baztango Independienteak,<\/strong> y elaborada en la Red de T\u00e9cnicas de Igualdad de Navarra:<\/p>\n<p style=\"text-align: center;\"><strong>DECLARACI\u00d3N INSTITUCIONAL 25 DE NOVIEMBRE<\/strong><\/p>\n<p style=\"text-align: center;\"><strong><em>\u00bfLo ves?, \u00a1P\u00e1ralo!<\/em><\/strong><\/p>\n<p>Hace 24 a\u00f1os que la Asamblea de Naciones Unidas declar\u00f3 el 25 de noviembre como el D\u00eda Internacional para la erradicaci\u00f3n de cualquier forma de violencia contra las mujeres y hoy, una vez m\u00e1s, es necesario poner el foco en el car\u00e1cter estructural de esta violencia. La violencia f\u00edsica, ps\u00edquica, econ\u00f3mica, sexual, el feminicidio, la trata, la explotaci\u00f3n sexual, la mutilaci\u00f3n genital, los matrimonios forzados o a edad temprana, son solo algunas de las manifestaciones de las violencias que sufren las mujeres y las ni\u00f1as. Una clara vulneraci\u00f3n de los derechos humanos que fundamenta sus causas en el sistema patriarcal, que perpet\u00faa las desigualdades y se asienta en una estructura de poder que se reproduce a trav\u00e9s de mecanismos y pr\u00e1cticas sociales y culturales posibilitando y normalizando la violencia contra las mujeres.<\/p>\n<p>Desde 2003, a\u00f1o en el que existen registros oficiales en Espa\u00f1a, 1.236 mujeres han sido asesinadas por su pareja o expareja, 2,8 millones de ni\u00f1as y mujeres han sufrido violencia sexual en alg\u00fan momento de su vida, el 84% de las v\u00edctimas de delitos contra la libertad sexual son mujeres y el 96% de los responsables de estos delitos de violencia sexual son hombres. De acuerdo a\u00a0 los datos de la Fiscal\u00eda General del Estado, en Navarra en el 2022 se produjeron un 25% m\u00e1s de asuntos contra la libertad sexual, y un 94% m\u00e1s de agresiones sexuales. As\u00ed mismo se dio un crecimiento del 166% en agresiones sexuales a menores de 16 a\u00f1os con respecto al a\u00f1o anterior.<\/p>\n<p>Estos son solo algunas cifras que ilustran c\u00f3mo la violencia contra las mujeres, y de manera espec\u00edfica la violencia sexual, est\u00e1 presente en todas las esferas de nuestra sociedad y sabemos que en muchas ocasiones estas agresiones no son denunciadas. Esta violencia se manifiesta en las relaciones de pareja, en los hogares, en los espacios digitales, en el deporte, la pol\u00edtica, los medios de comunicaci\u00f3n, en el entorno laboral, las asociaciones, los espacios de ocio, las calles\u2026 y se cimienta en la normalizaci\u00f3n de las actitudes machistas, los discursos negacionistas y la complicidad o indiferencia de los hombres, entre otras. Todas ellas son resistencias a los avances logrados por el feminismo para alcanzar la igualdad entre mujeres y hombres.<\/p>\n<p>La violencia contra las mujeres se perpet\u00faa a trav\u00e9s de la normalizaci\u00f3n de muchos comportamientos.\u00a0 Lo vemos y escuchamos a diario en comentarios como \u201cahora para ligar hay que firmar un contrato\u201d, \u201ces solo fue un beso, \u00a1no es para tanto!\u201d, \u201cno se os puede decir nada, \u00a1todo os ofende!\u201d, etc. Estos son solo algunos ejemplos de los discursos negacionistas y c\u00f3mplices con la violencia\u00a0 y que nos interpelan a seguir trabajando para alcanzar una igualdad real y efectiva haciendo un llamamiento expreso y directo a la implicaci\u00f3n de los hombres en esta tarea. Es necesario que todas y todos nos comprometamos activamente, identificando y erradicando aquellos comportamientos normalizados, propios y ajenos, que perpet\u00faan el machismo. Es especialmente ineludible que los hombres den un paso adelante y acaben con la complicidad que perpet\u00faa estas situaciones.<\/p>\n<p>Por todo ello, las Entidades Locales que impulsamos esta declaraci\u00f3n manifestamos lo siguiente:<\/p>\n<ul>\n<li>Nuestro rechazo hacia todas las formas de violencia contra las mujeres, en cualquier \u00e1mbito y contexto.<\/li>\n<li>Nuestro compromiso como Administraciones P\u00fablicas a seguir trabajando en la erradicaci\u00f3n de las desigualdades entre mujeres y hombres, as\u00ed como en la incorporaci\u00f3n en la agenda pol\u00edtica de las entidades locales medidas que garanticen el derecho de las mujeres y ni\u00f1as a una vida libre de violencias, en colaboraci\u00f3n con los colectivos de mujeres y feministas y la ciudadan\u00eda en su conjunto.<\/li>\n<li>Nuestra responsabilidad para garantizar los protocolos locales para la coordinaci\u00f3n de la actuaci\u00f3n ante la violencia contra las mujeres, con el trabajo continuo en los \u00e1mbitos de sensibilizaci\u00f3n, prevenci\u00f3n, atenci\u00f3n, intervenci\u00f3n y reparaci\u00f3n.<\/li>\n<li>Nuestro compromiso con las mujeres y ni\u00f1as agredidas o asesinadas, as\u00ed como con sus hijas e hijos que enfrentan o han enfrentado violencia sexista.<\/li>\n<li>Nuestra interpelaci\u00f3n directa a los hombres, de todas las edades, para que asuman compromisos y se posicionen activamente contra todo tipo de violencia hacia las mujeres.<\/li>\n<li>Nuestro llamamiento y reconocimiento a toda la ciudadan\u00eda para que sigan mostrando su rechazo y compromiso con la erradicaci\u00f3n de la violencia contra las mujeres, denunciando todas las manifestaciones de \u00e9sta, se\u00f1alando aquellas actitudes que la cimientan y condicionan la vida y libertad de las mujeres y ni\u00f1as, as\u00ed como nuestra invitaci\u00f3n a participar en todas las actividades que se organicen en torno al 25 de noviembre.<\/li>\n<\/ul>\n<p>&nbsp;<\/p>\n","protected":false},"excerpt":{"rendered":"<p>JARDUERAK \/\/ ACTIVIDADES EMAKUMEEN KONTRAKO INDARKERIAREN AURKAKO NAZIOARTEKO EGUNA \/\/\u00a0D\u00cdA INTERNACIONAL PARA LA ELIMINACI\u00d3N DE LA VIOLENCIA HACIA LAS MUJERES MUGIMENDU FEMINISTAK ANTOLATUTAKO INDARKERIA MATXISTAREN KONTRAKO MOBILIZAZIOA \/\/ MOVILIZACI\u00d3N ORGANIZADA POR EL MOVIMIENTO FEMINISTA EN CONTRA DE LAS VIOLENCIA MACHISTAS Indarkeria matxisten aurkako mobilizazioa. Indarkeria matxistak desagerrarazteko gizarte osoaren konpromisoa eskatzen jarraituko dugu karriketan, eta [&hellip;]<\/p>\n","protected":false},"author":3,"featured_media":21737,"parent":0,"menu_order":0,"comment_status":"closed","ping_status":"closed","template":"","meta":{"_exactmetrics_skip_tracking":false,"_exactmetrics_sitenote_active":false,"_exactmetrics_sitenote_note":"","_exactmetrics_sitenote_category":0,"footnotes":""},"class_list":["post-21743","page","type-page","status-publish","has-post-thumbnail","hentry"],"_links":{"self":[{"href":"https:\/\/www.baztan.eus\/es\/wp-json\/wp\/v2\/pages\/21743","targetHints":{"allow":["GET"]}}],"collection":[{"href":"https:\/\/www.baztan.eus\/es\/wp-json\/wp\/v2\/pages"}],"about":[{"href":"https:\/\/www.baztan.eus\/es\/wp-json\/wp\/v2\/types\/page"}],"author":[{"embeddable":true,"href":"https:\/\/www.baztan.eus\/es\/wp-json\/wp\/v2\/users\/3"}],"replies":[{"embeddable":true,"href":"https:\/\/www.baztan.eus\/es\/wp-json\/wp\/v2\/comments?post=21743"}],"version-history":[{"count":9,"href":"https:\/\/www.baztan.eus\/es\/wp-json\/wp\/v2\/pages\/21743\/revisions"}],"predecessor-version":[{"id":21815,"href":"https:\/\/www.baztan.eus\/es\/wp-json\/wp\/v2\/pages\/21743\/revisions\/21815"}],"wp:featuredmedia":[{"embeddable":true,"href":"https:\/\/www.baztan.eus\/es\/wp-json\/wp\/v2\/media\/21737"}],"wp:attachment":[{"href":"https:\/\/www.baztan.eus\/es\/wp-json\/wp\/v2\/media?parent=21743"}],"curies":[{"name":"wp","href":"https:\/\/api.w.org\/{rel}","templated":true}]}}