{"id":21972,"date":"2023-12-12T10:36:14","date_gmt":"2023-12-12T10:36:14","guid":{"rendered":"https:\/\/www.baztan.eus\/transparencia\/"},"modified":"2023-12-12T10:36:14","modified_gmt":"2023-12-12T10:36:14","slug":"transparencia","status":"publish","type":"page","link":"https:\/\/www.baztan.eus\/es\/transparencia\/","title":{"rendered":"Transparencia"},"content":{"rendered":"<div class='t-container t-container--no-margin justify-content-around'><a class=\"t-item t-item--button mtli_attachment mtli_pdf\" href=\"https:\/\/www.boe.es\/buscar\/pdf\/2018\/BOE-A-2018-7642-consolidado.pdf\" target=\"_blank\">Ley Foral 5\/2018, de 17 de mayo, de Transparencia<\/a><a class=\"t-item t-item--button\" href=\"https:\/\/www.baztan.eus\/es\/transparencia\/solicitud-de-informacion\/\">Solicitud de informaci\u00f3n<\/a><\/div><h3 class='text-center titulo-transparencia'>Indicadores de transparencia<\/h3><div class='t-container d-block'><div class='t-item'><a href='https:\/\/www.baztan.eus\/es\/transparencia\/derecho-de-acceso-a-informacion-publica\/'><span class='icon-info-circle-solid transparencia'><\/span><h4>1.- Derecho de acceso a informaci\u00f3n p\u00fablica<\/h4><\/a><\/div><div class='t-item'><a href='https:\/\/www.baztan.eus\/es\/transparencia\/informacion-institucional-organizativa-y-de-planificacion\/'><span class='icon-sitemap-solid transparencia'><\/span><h4>2.- Informaci\u00f3n institucional, organizativa y de planificaci\u00f3n<\/h4><\/a><\/div><div class='t-item'><a href='https:\/\/www.baztan.eus\/es\/transparencia\/informacion-sobre-altos-cargos-y-personal-directivo\/'><span class='icon-users-solid transparencia'><\/span><h4>3.- Informaci\u00f3n sobre altos cargos y personal directivo<\/h4><\/a><\/div><div class='t-item'><a href='https:\/\/www.baztan.eus\/es\/transparencia\/informacion-de-relevancia-juridica\/'><span class='icon-balance-scale-solid transparencia'><\/span><h4>4.- Informaci\u00f3n de relevancia jur\u00eddica<\/h4><\/a><\/div><div class='t-item'><a href='https:\/\/www.baztan.eus\/es\/transparencia\/informacion-economica-presupuestaria-y-financiera\/'><span class='icon-euro-sign-solid transparencia'><\/span><h4>5.- Informaci\u00f3n econ\u00f3mica, presupuestaria y financiera<\/h4><\/a><\/div><div class='t-item'><a href='https:\/\/www.baztan.eus\/es\/transparencia\/informacion-sobre-contratacion-publica-y-concesion-de-servicios\/'><span class='icon-file-signature-solid transparencia'><\/span><h4>6.- Informaci\u00f3n sobre contrataci\u00f3n p\u00fablica y concesi\u00f3n de servicios<\/h4><\/a><\/div><div class='t-item'><a href='https:\/\/www.baztan.eus\/es\/transparencia\/informacion-sobre-convenios-de-colaboracion-contratos-programas-encomiendas-y-encargos-a-medios-propios\/'><span class='icon-handshake-solid transparencia'><\/span><h4>7.- Informaci\u00f3n sobre convenios de colaboraci\u00f3n, contratos-programas, encomiendas y encargos a medios propios<\/h4><\/a><\/div><div class='t-item'><a href='https:\/\/www.baztan.eus\/es\/transparencia\/informacion-sobre-la-actividad-subvencional\/'><span class='icon-hand-holding-usd-solid transparencia'><\/span><h4>8.- Informaci\u00f3n sobre la actividad subvencional<\/h4><\/a><\/div><div class='t-item'><a href='https:\/\/www.baztan.eus\/es\/transparencia\/informacion-patrimonial-y-estadistica\/'><span class='icon-chart-pie-solid transparencia'><\/span><h4>9.- Informaci\u00f3n patrimonial y estad\u00edstica<\/h4><\/a><\/div><div class='t-item'><a href='https:\/\/www.baztan.eus\/es\/transparencia\/informacion-sobre-ordenacion-territorial-urbanismo-medio-ambiente-y-vivienda\/'><span class='icon-building-solid transparencia'><\/span><h4>10.- Informaci\u00f3n sobre ordenaci\u00f3n territorial, urbanismo, medio ambiente y vivienda<\/h4><\/a><\/div><div class='t-item'><a href='https:\/\/www.baztan.eus\/es\/transparencia\/otros-contenidos-objeto-de-publicidad\/'><span class='icon-bullhorn-solid transparencia'><\/span><h4>11.- Otros contenidos objeto de publicidad<\/h4><\/a><\/div><\/div>\n","protected":false},"excerpt":{"rendered":"","protected":false},"author":42,"featured_media":0,"parent":0,"menu_order":0,"comment_status":"closed","ping_status":"closed","template":"","meta":{"_exactmetrics_skip_tracking":false,"_exactmetrics_sitenote_active":false,"_exactmetrics_sitenote_note":"","_exactmetrics_sitenote_category":0,"footnotes":""},"class_list":["post-21972","page","type-page","status-publish","hentry"],"_links":{"self":[{"href":"https:\/\/www.baztan.eus\/es\/wp-json\/wp\/v2\/pages\/21972","targetHints":{"allow":["GET"]}}],"collection":[{"href":"https:\/\/www.baztan.eus\/es\/wp-json\/wp\/v2\/pages"}],"about":[{"href":"https:\/\/www.baztan.eus\/es\/wp-json\/wp\/v2\/types\/page"}],"author":[{"embeddable":true,"href":"https:\/\/www.baztan.eus\/es\/wp-json\/wp\/v2\/users\/42"}],"replies":[{"embeddable":true,"href":"https:\/\/www.baztan.eus\/es\/wp-json\/wp\/v2\/comments?post=21972"}],"version-history":[{"count":0,"href":"https:\/\/www.baztan.eus\/es\/wp-json\/wp\/v2\/pages\/21972\/revisions"}],"wp:attachment":[{"href":"https:\/\/www.baztan.eus\/es\/wp-json\/wp\/v2\/media?parent=21972"}],"curies":[{"name":"wp","href":"https:\/\/api.w.org\/{rel}","templated":true}]}}