{"id":21978,"date":"2023-12-12T10:36:16","date_gmt":"2023-12-12T10:36:16","guid":{"rendered":"https:\/\/www.baztan.eus\/transparencia\/informacion-sobre-altos-cargos-y-personal-directivo\/"},"modified":"2025-10-10T10:22:31","modified_gmt":"2025-10-10T10:22:31","slug":"informacion-sobre-altos-cargos-y-personal-directivo","status":"publish","type":"page","link":"https:\/\/www.baztan.eus\/es\/transparencia\/informacion-sobre-altos-cargos-y-personal-directivo\/","title":{"rendered":"Informaci\u00f3n sobre altos cargos y personal directivo"},"content":{"rendered":"<div class=\"bloque class-col-xs-12\"><a href=\"#informacion-sobre-altos-cargos-y-personal-directivo\" class=\"bloque-tab\">Informaci\u00f3n sobre altos cargos y personal directivo<\/a><div class=\"contenido-bloque\" id=\"informacion-sobre-altos-cargos-y-personal-directivo\" style=\"display: none;\"><\/p>\n<p>Informaci\u00f3n relativa a cumplimentar sobre altos cargos y del resto de personal con funciones directivas:<\/p>\n<ul>\n<li>Identificaci\u00f3n y nombramiento.<\/li>\n<li>Datos biogr\u00e1ficos profesionales.<\/li>\n<li>Tel\u00e9fono y direcciones electr\u00f3nicas para su interacci\u00f3n.<\/li>\n<li>Funciones.<\/li>\n<li>\u00d3rganos colegiados y consejos de direcci\u00f3n y administraci\u00f3n de organismos p\u00fablicos y sociedades mercantiles en los que participe o haya participado en los \u00faltimos cuatro a\u00f1os, as\u00ed como asociaciones, fundaciones y entidades privadas de cuyos \u00f3rganos directivos forme parte o haya formado parte en los \u00faltimos cuatro a\u00f1os.<\/li>\n<li>Actividades p\u00fablicas y privadas para las que se haya autorizado o reconocido la compatibilidad.<\/li>\n<\/ul>\n<p>Datos biogr\u00e1ficos del alcalde\/sa y concejales\/as incluyendo la direcci\u00f3n de email<\/p>\n<p>Registro de intereses de actividades y de bienes de los altos cargos.<\/p>\n<p>Indemnizaciones percibidas por altos cargos con ocasi\u00f3n del abandono de los cargos.<\/p>\n<p>&nbsp;<\/p>\n<p><a href=\"http:\/\/www.baztan.eus\/wp-content\/uploads\/2019\/09\/2019-06-27-EzOhiOsoBilk.pdf\" class=\"mtli_attachment mtli_pdf\">Retribuciones de altos cargos y m\u00e1ximos responsables de entidades participadas 2019<\/a><\/p>\n<p><a href=\"https:\/\/www.baztan.eus\/wp-content\/uploads\/2021\/11\/ALDAKETA-OIANKO.pdf\" class=\"mtli_attachment mtli_pdf\" target=\"_blank\" rel=\"noopener\">Modificaci\u00f3n retribuciones y r\u00e9gimen de dedicaci\u00f3n corporaci\u00f3n &#8211; a\u00f1o 2021<\/a><\/p>\n<p><a href=\"https:\/\/bon.navarra.es\/es\/anuncio\/-\/texto\/2023\/157\/23\">Retribuciones y r\u00e9gimen de dedicaci\u00f3n de los miembros de la corporaci\u00f3n municipal 2023<\/a><\/p>\n<p><a href=\"https:\/\/www.baztan.eus\/wp-content\/uploads\/2025\/08\/Modificacion-2024.-Retribuciones-y-regimen-dedicacion-corporacion.pdf\" class=\"mtli_attachment mtli_pdf\" target=\"_blank\" rel=\"noopener\">Modificaci\u00f3n retribuciones y r\u00e9gimen dedicaci\u00f3n corporaci\u00f3n. A\u00f1o 2024<\/a><\/p>\n<p><a href=\"https:\/\/www.baztan.eus\/wp-content\/uploads\/2025\/08\/Modificacion-agosto-2025-Retribuciones-y-regimen-dedicacion-corporacion-municipal.pdf\" class=\"mtli_attachment mtli_pdf\" target=\"_blank\" rel=\"noopener\">Modificaci\u00f3n retribuciones y r\u00e9gimen dedicaci\u00f3n corporaci\u00f3n municipal. Agosto 2025<\/a><\/p>\n<p><a href=\"https:\/\/www.baztan.eus\/wp-content\/uploads\/2025\/10\/Kargu_hautetsien_arduraldi_eta_ordainsarien_aldaketa__Modif_retribucion_y_dedicacion_corporacion_-_S.pdf\" class=\"mtli_attachment mtli_pdf\" target=\"_blank\" rel=\"noopener\">Modificaci\u00f3n retribuciones y r\u00e9gimen dedicaci\u00f3n corporaci\u00f3n municipal. Octubre 2025<\/a><\/p>\n<p>&nbsp;<\/p>\n<p>Agenda institucional de los miembros del Ayuntamiento: alcalde y altos cargos.<\/p>\n<p>Respecto a los representantes locales, las retribuciones, las declaraciones anuales de bienes y actividades se publicar\u00e1n en los t\u00e9rminos previstos en la <a href=\"https:\/\/www.boe.es\/buscar\/doc.php?id=BOE-A-1985-5392\" target=\"_blank\" rel=\"noopener\">Ley 7\/1975, de 2 de abril, Reguladora de las Bases del R\u00e9gimen Local<\/a>. En todo caso, se omitir\u00e1n los datos relativos a la localizaci\u00f3n concreta de los bienes inmuebles y se garantizar\u00e1 la privacidad y seguridad de sus titulares.<\/p>\n<p><\/div><\/div>\n","protected":false},"excerpt":{"rendered":"","protected":false},"author":42,"featured_media":0,"parent":21972,"menu_order":0,"comment_status":"closed","ping_status":"closed","template":"","meta":{"_exactmetrics_skip_tracking":false,"_exactmetrics_sitenote_active":false,"_exactmetrics_sitenote_note":"","_exactmetrics_sitenote_category":0,"footnotes":""},"class_list":["post-21978","page","type-page","status-publish","hentry"],"_links":{"self":[{"href":"https:\/\/www.baztan.eus\/es\/wp-json\/wp\/v2\/pages\/21978","targetHints":{"allow":["GET"]}}],"collection":[{"href":"https:\/\/www.baztan.eus\/es\/wp-json\/wp\/v2\/pages"}],"about":[{"href":"https:\/\/www.baztan.eus\/es\/wp-json\/wp\/v2\/types\/page"}],"author":[{"embeddable":true,"href":"https:\/\/www.baztan.eus\/es\/wp-json\/wp\/v2\/users\/42"}],"replies":[{"embeddable":true,"href":"https:\/\/www.baztan.eus\/es\/wp-json\/wp\/v2\/comments?post=21978"}],"version-history":[{"count":5,"href":"https:\/\/www.baztan.eus\/es\/wp-json\/wp\/v2\/pages\/21978\/revisions"}],"predecessor-version":[{"id":25850,"href":"https:\/\/www.baztan.eus\/es\/wp-json\/wp\/v2\/pages\/21978\/revisions\/25850"}],"up":[{"embeddable":true,"href":"https:\/\/www.baztan.eus\/es\/wp-json\/wp\/v2\/pages\/21972"}],"wp:attachment":[{"href":"https:\/\/www.baztan.eus\/es\/wp-json\/wp\/v2\/media?parent=21978"}],"curies":[{"name":"wp","href":"https:\/\/api.w.org\/{rel}","templated":true}]}}