{"id":21986,"date":"2023-12-12T10:36:20","date_gmt":"2023-12-12T10:36:20","guid":{"rendered":"https:\/\/www.baztan.eus\/transparencia\/informacion-sobre-convenios-de-colaboracion-contratos-programas-encomiendas-y-encargos-a-medios-propios\/"},"modified":"2025-09-05T11:09:12","modified_gmt":"2025-09-05T11:09:12","slug":"informacion-sobre-convenios-de-colaboracion-contratos-programas-encomiendas-y-encargos-a-medios-propios","status":"publish","type":"page","link":"https:\/\/www.baztan.eus\/es\/transparencia\/informacion-sobre-convenios-de-colaboracion-contratos-programas-encomiendas-y-encargos-a-medios-propios\/","title":{"rendered":"Informaci\u00f3n sobre convenios de colaboraci\u00f3n, contratos-programas, encomiendas y encargos a medios propios"},"content":{"rendered":"<p><strong>En la presente secci\u00f3n se pone a disposici\u00f3n p\u00fablica la informaci\u00f3n sobre convenios de colaboraci\u00f3n suscritos por esta entidad y los contratos entre sociedades p\u00fablicas.<\/strong><\/p>\n<ul>\n<li>Convenios suscritos, firmantes, objeto y obligaciones econ\u00f3micas convenidas.\n<ul>\n<li><a href=\"https:\/\/www.baztan.eus\/wp-content\/uploads\/2025\/09\/NAFARROAKO-RURAL-KUTXAREKIN-SINATUTAKO-HITZARMENAK.pdf\" class=\"mtli_attachment mtli_pdf\" target=\"_blank\" rel=\"noopener\">Convenios firmados con Caja Rural de Navarra, para la financiaci\u00f3n de proyectos de actuaciones forestales en Baztan<\/a><\/li>\n<li><a href=\"https:\/\/www.baztan.eus\/wp-content\/uploads\/2021\/06\/62-HITZ-IRATXE.pdf\" class=\"mtli_attachment mtli_pdf\">Asociaci\u00f3n de consumidores Irache \/ Irache kontsumitzaileen elkartea<\/a><\/li>\n<li><a href=\"https:\/\/www.baztan.eus\/wp-content\/uploads\/2021\/06\/63-HITZ-DORREA.pdf\" class=\"mtli_attachment mtli_pdf\">Gobierno de Navarra. Restauraci\u00f3n Dorrea de Irurita \/ Nafarroako Gobernua.\u00a0 Iruritako Dorrea berritzea<\/a><\/li>\n<li><a href=\"https:\/\/www.baztan.eus\/wp-content\/uploads\/2021\/06\/65-HITZ-HIRIGUNE-HISTORIKO.pdf\" class=\"mtli_attachment mtli_pdf\">Gobierno de Navarra. <\/a><a href=\"https:\/\/www.baztan.eus\/wp-content\/uploads\/2021\/06\/65-HITZ-HIRIGUNE-HISTORIKO.pdf\" class=\"mtli_attachment mtli_pdf\">Plan de actuaci\u00f3n urbana de los cascos hist\u00f3ricos de Baztan \/ Nafarroako Gobernua. Baztango hirigune historikoen hirigune historikoen hiri-jarduketarako plana<\/a><\/li>\n<li><a href=\"https:\/\/www.baztan.eus\/wp-content\/uploads\/2021\/06\/66-HITZ-SINADURA-ELEK.pdf\" class=\"mtli_attachment mtli_pdf\">Real Casa de la Moneda. Adhesi\u00f3n y tramitaci\u00f3n de registros de certificados \/ Ziurtagirien erregistroak atxikitzea eta izapidatzea<\/a><\/li>\n<li><a href=\"https:\/\/www.baztan.eus\/wp-content\/uploads\/2021\/06\/67HITZ-HAUR-ESKOLA-SORTZEA.pdf\" class=\"mtli_attachment mtli_pdf\">Gobierno de Navarra. Creaci\u00f3n de la Escuela Municipal Infantil de Baztan \/ Nafarroako Gobernua. Baztango Udal Haur eskola sortzea<\/a><\/li>\n<li><a href=\"https:\/\/www.baztan.eus\/wp-content\/uploads\/2021\/06\/67HITZ-HAUR-ESKOLA-SORTZEA.pdf\" class=\"mtli_attachment mtli_pdf\">Gobierno de Navarra. Financiaci\u00f3n de la gesti\u00f3n del centro de primer ciclo de educaci\u00f3n infantil municipal \/ Nafarroako Gobernua. <span id=\"translation_box\" class=\"form-control-text textarea\" role=\"textbox\">Udal haur-hezkuntzako lehen zikloko zentroaren kudeaketa finantzatzea<\/span><\/a><\/li>\n<li><a href=\"https:\/\/www.baztan.eus\/wp-content\/uploads\/2021\/06\/69-HITZ-LEKAROZ-KANPUS-HORNID.pdf\" class=\"mtli_attachment mtli_pdf\">Gobierno de Navarra. Adecuaci\u00f3n del suministro al Campus Empresaria de Lekaroz \/ Nafarroako Gobernua. Hornidura Lekarozko Enpresa-Campusari egokitzea<\/a><\/li>\n<li><a href=\"https:\/\/www.baztan.eus\/wp-content\/uploads\/2021\/06\/70-HITZ-AMAIURKO-ATERPEA.pdf\" class=\"mtli_attachment mtli_pdf\">Lugar de Amaiur. Cesi\u00f3n y gesti\u00f3n del albergue de Amaiur \/ Amaiurko Herria. Amaiurko aterpetxea lagatzea eta kudeatzea<\/a><\/li>\n<li><a href=\"https:\/\/www.baztan.eus\/wp-content\/uploads\/2021\/06\/71-HITZ-GILTXAURDI.pdf\" class=\"mtli_attachment mtli_pdf\">Giltxaurdi S.L. Concretar las relaciones con el Ayuntamiento de Baztan \/ Giltxaurdi SL. Baztango Udalarekin harremanak zehaztea<\/a><\/li>\n<li><a href=\"https:\/\/www.baztan.eus\/wp-content\/uploads\/2021\/06\/72-HITZ-GAZTELU.pdf\" class=\"mtli_attachment mtli_pdf\">Sociedad Recreativo-Cultural Gaztelu. Desarrollo del proyecto de centro de arquolog\u00eda del Castillo de Amaiur \/ Gaztelu Aisia eta Kultur Elkartea. Amaiurko Gazteluaren arkeologia zentroa egiteko proiektuaren garapena<\/a><\/li>\n<li><a href=\"https:\/\/www.baztan.eus\/wp-content\/uploads\/2021\/06\/73-HITZ-EUSKALFONDOA.pdf\" class=\"mtli_attachment mtli_pdf\">Euskal Fondoa<\/a><\/li>\n<li><a href=\"https:\/\/www.baztan.eus\/wp-content\/uploads\/2021\/06\/76-HITZ-PAVIMENTACION-ARIZKUN.pdf\" class=\"mtli_attachment mtli_pdf\">Gobierno de Navarra. Pavimentaci\u00f3n de camino en Arizkun \/ Nafarroako Gobernua. Arizkunen bidea zolatzea<\/a><\/li>\n<li><a href=\"https:\/\/www.baztan.eus\/wp-content\/uploads\/2021\/06\/77-HITZ-HACIENDA.pdf\" class=\"mtli_attachment mtli_pdf\">Gobierno de Navarra. Intercambio de informaci\u00f3n y colaboraci\u00f3n en la gesti\u00f3n e inspecci\u00f3n tributaria \/ <span id=\"translation_box\" class=\"form-control-text textarea\" role=\"textbox\"><\/span><\/a><a href=\"https:\/\/www.baztan.eus\/wp-content\/uploads\/2021\/06\/77-HITZ-HACIENDA.pdf\" class=\"mtli_attachment mtli_pdf\">Nafarroako Gobernua. Informazioa trukatzea eta zergak kudeatzeko eta ikuskatzeko lankidetza<\/a><\/li>\n<li><a href=\"https:\/\/www.baztan.eus\/wp-content\/uploads\/2021\/06\/CONVENIO-ACOM.-ORGANICA.pdf\" class=\"mtli_attachment mtli_pdf\">Consorcio de Residuos de Navarra. Apoyo a los gastos de acompa\u00f1amiento en la recogida selectiva de materia org\u00e1nica \/ Nafarroako Hondakinen Partzuergoa. Gai organikoen gaikako biketan laguntzeko gastuetarako laguntza<\/a><\/li>\n<li><a href=\"https:\/\/www.baztan.eus\/wp-content\/uploads\/2021\/06\/CONVENIO-GESTION-PUNTOS-LIMPIOS-FIRMADO.pdf\" class=\"mtli_attachment mtli_pdf\">Consorcio de Residuos de Navarra. Servicio de gesti\u00f3pn de puntos limpios \/ Nafarroako Hondakinen Partzuergoa. <span id=\"translation_box\" class=\"form-control-text textarea\" role=\"textbox\">Garbiguneak kudeatzeko zerbitzua<\/span><\/a><\/li>\n<li><a href=\"https:\/\/www.baztan.eus\/wp-content\/uploads\/2021\/07\/70-AMAIURKO-ATERPEA-DATU-GABE-1.pdf\" class=\"mtli_attachment mtli_pdf\">Albergue de Amaiur. Cesi\u00f3n y gesti\u00f3n \/ Amaiurko aterpetxea lagatzea eta kudeatzea<\/a><\/li>\n<li><a href=\"https:\/\/www.baztan.eus\/wp-content\/uploads\/2021\/07\/72-HITZ-GAZTELU-DATU-GABE.pdf\" class=\"mtli_attachment mtli_pdf\">Sociedad Recreativo-Cultural Gaztelu. Centro de Arqueolog\u00eda del Castillo de Amaiur \/ Gaztelu Aisia eta Kultur Ekartea. Amaiurko Gazteluaren Arkeologia Zentroa<\/a><\/li>\n<li><a href=\"https:\/\/www.baztan.eus\/wp-content\/uploads\/2021\/07\/75-HITZ-SAHARA-DATU-GABE.pdf\" class=\"mtli_attachment mtli_pdf\">Saharaztan. Cooperaci\u00f3n y desarrollo \/ Saharaztan. Lankidetza eta garapena<\/a><\/li>\n<li><a href=\"https:\/\/www.baztan.eus\/wp-content\/uploads\/2021\/11\/Hitzarmena-Universidad-Complutense-de-Madrid.pdf\" class=\"mtli_attachment mtli_pdf\">Universidad Complutense de Madrid. Estudio<\/a><\/li>\n<\/ul>\n<\/li>\n<li>Contratos-programas<\/li>\n<li>Encomiendas<\/li>\n<li>Encargos\n<ul>\n<li><a href=\"https:\/\/www.baztan.eus\/wp-content\/uploads\/2021\/06\/ANIMSA.pdf\" class=\"mtli_attachment mtli_pdf\">Declaraci\u00f3n de la sociedad Animsa como ente instrumental \/ Animsa sozietatea erakunde instrumentala deklaratzea<\/a><\/li>\n<\/ul>\n<\/li>\n<\/ul>\n<p>&nbsp;<\/p>\n","protected":false},"excerpt":{"rendered":"<p>En la presente secci\u00f3n se pone a disposici\u00f3n p\u00fablica la informaci\u00f3n sobre convenios de colaboraci\u00f3n suscritos por esta entidad y los contratos entre sociedades p\u00fablicas. Convenios suscritos, firmantes, objeto y obligaciones econ\u00f3micas convenidas. Convenios firmados con Caja Rural de Navarra, para la financiaci\u00f3n de proyectos de actuaciones forestales en Baztan Asociaci\u00f3n de consumidores Irache \/ [&hellip;]<\/p>\n","protected":false},"author":42,"featured_media":0,"parent":21972,"menu_order":0,"comment_status":"closed","ping_status":"closed","template":"","meta":{"_exactmetrics_skip_tracking":false,"_exactmetrics_sitenote_active":false,"_exactmetrics_sitenote_note":"","_exactmetrics_sitenote_category":0,"footnotes":""},"class_list":["post-21986","page","type-page","status-publish","hentry"],"_links":{"self":[{"href":"https:\/\/www.baztan.eus\/es\/wp-json\/wp\/v2\/pages\/21986","targetHints":{"allow":["GET"]}}],"collection":[{"href":"https:\/\/www.baztan.eus\/es\/wp-json\/wp\/v2\/pages"}],"about":[{"href":"https:\/\/www.baztan.eus\/es\/wp-json\/wp\/v2\/types\/page"}],"author":[{"embeddable":true,"href":"https:\/\/www.baztan.eus\/es\/wp-json\/wp\/v2\/users\/42"}],"replies":[{"embeddable":true,"href":"https:\/\/www.baztan.eus\/es\/wp-json\/wp\/v2\/comments?post=21986"}],"version-history":[{"count":4,"href":"https:\/\/www.baztan.eus\/es\/wp-json\/wp\/v2\/pages\/21986\/revisions"}],"predecessor-version":[{"id":25492,"href":"https:\/\/www.baztan.eus\/es\/wp-json\/wp\/v2\/pages\/21986\/revisions\/25492"}],"up":[{"embeddable":true,"href":"https:\/\/www.baztan.eus\/es\/wp-json\/wp\/v2\/pages\/21972"}],"wp:attachment":[{"href":"https:\/\/www.baztan.eus\/es\/wp-json\/wp\/v2\/media?parent=21986"}],"curies":[{"name":"wp","href":"https:\/\/api.w.org\/{rel}","templated":true}]}}