{"id":21990,"date":"2023-12-12T10:36:21","date_gmt":"2023-12-12T10:36:21","guid":{"rendered":"https:\/\/www.baztan.eus\/transparencia\/informacion-patrimonial-y-estadistica\/"},"modified":"2023-12-12T10:53:48","modified_gmt":"2023-12-12T10:53:48","slug":"informacion-patrimonial-y-estadistica","status":"publish","type":"page","link":"https:\/\/www.baztan.eus\/es\/transparencia\/informacion-patrimonial-y-estadistica\/","title":{"rendered":"Informaci\u00f3n patrimonial y estad\u00edstica"},"content":{"rendered":"<p><strong>Relaci\u00f3n de bienes inmuebles propiedad de esta entidad o sobre los que ostenta alg\u00fan derecho real.<\/strong><\/p>\n<p>Veh\u00edculos oficiales adscritos al ayuntamiento.<\/p>\n<p>Inventario de inmuebles, bienes y derechos municipales.<\/p>\n","protected":false},"excerpt":{"rendered":"<p>Relaci\u00f3n de bienes inmuebles propiedad de esta entidad o sobre los que ostenta alg\u00fan derecho real. Veh\u00edculos oficiales adscritos al ayuntamiento. Inventario de inmuebles, bienes y derechos municipales.<\/p>\n","protected":false},"author":42,"featured_media":0,"parent":21972,"menu_order":0,"comment_status":"closed","ping_status":"closed","template":"","meta":{"_exactmetrics_skip_tracking":false,"_exactmetrics_sitenote_active":false,"_exactmetrics_sitenote_note":"","_exactmetrics_sitenote_category":0,"footnotes":""},"class_list":["post-21990","page","type-page","status-publish","hentry"],"_links":{"self":[{"href":"https:\/\/www.baztan.eus\/es\/wp-json\/wp\/v2\/pages\/21990","targetHints":{"allow":["GET"]}}],"collection":[{"href":"https:\/\/www.baztan.eus\/es\/wp-json\/wp\/v2\/pages"}],"about":[{"href":"https:\/\/www.baztan.eus\/es\/wp-json\/wp\/v2\/types\/page"}],"author":[{"embeddable":true,"href":"https:\/\/www.baztan.eus\/es\/wp-json\/wp\/v2\/users\/42"}],"replies":[{"embeddable":true,"href":"https:\/\/www.baztan.eus\/es\/wp-json\/wp\/v2\/comments?post=21990"}],"version-history":[{"count":1,"href":"https:\/\/www.baztan.eus\/es\/wp-json\/wp\/v2\/pages\/21990\/revisions"}],"predecessor-version":[{"id":22013,"href":"https:\/\/www.baztan.eus\/es\/wp-json\/wp\/v2\/pages\/21990\/revisions\/22013"}],"up":[{"embeddable":true,"href":"https:\/\/www.baztan.eus\/es\/wp-json\/wp\/v2\/pages\/21972"}],"wp:attachment":[{"href":"https:\/\/www.baztan.eus\/es\/wp-json\/wp\/v2\/media?parent=21990"}],"curies":[{"name":"wp","href":"https:\/\/api.w.org\/{rel}","templated":true}]}}