{"id":21992,"date":"2023-12-12T10:36:22","date_gmt":"2023-12-12T10:36:22","guid":{"rendered":"https:\/\/www.baztan.eus\/transparencia\/informacion-sobre-ordenacion-territorial-urbanismo-medio-ambiente-y-vivienda\/"},"modified":"2023-12-12T11:46:24","modified_gmt":"2023-12-12T11:46:24","slug":"informacion-sobre-ordenacion-territorial-urbanismo-medio-ambiente-y-vivienda","status":"publish","type":"page","link":"https:\/\/www.baztan.eus\/es\/transparencia\/informacion-sobre-ordenacion-territorial-urbanismo-medio-ambiente-y-vivienda\/","title":{"rendered":"Informaci\u00f3n sobre ordenaci\u00f3n territorial, urbanismo, medio ambiente y vivienda"},"content":{"rendered":"<p><strong>Seg\u00fan recoge la ley, los instrumentos de ordenaci\u00f3n territorial y de planeamiento urban\u00edstico municipal, ser\u00e1n objeto de publicaci\u00f3n, proporcionando la siguiente informaci\u00f3n:<\/strong><\/p>\n<p>Estructura general de cada municipio<\/p>\n<p>Clasificaci\u00f3n y calificaci\u00f3n del suelo (Usos y destinos del suelo).<\/p>\n<p>Ordenaci\u00f3n prevista para el suelo, con el grado de detalle adecuado (Plan General de Ordenaci\u00f3n Urbana (PGOU), mapas y planos en detalle. Modificaciones al Plan General de Ordenaci\u00f3n Urbana y planes parciales aprobados.).<\/p>\n<ul>\n<li><a href=\"https:\/\/www.baztan.eus\/wp-content\/uploads\/2021\/07\/OT-y-PUM.-Listado-y-enlaces.-PORTAL-TRANSPARENCIA-1.pdf\" class=\"mtli_attachment mtli_pdf\">Planeamiento urban\u00edstico. Listado y enlaces a documentaci\u00f3n general \/<span id=\"translation_box\" class=\"form-control-text textarea\" role=\"textbox\">Hirigintza-plangintza. Zerrenda eta dokumentazio orokorrerako estekak<\/span> <\/a><\/li>\n<\/ul>\n<p>Infraestructuras planteadas en cada localidad<\/p>\n<ul>\n<li>Proyectos, pliegos y criterios de licitaci\u00f3n de obras p\u00fablicas.<\/li>\n<li>Modificaciones, reformados y complementarios de los proyectos de obra.<\/li>\n<li>Listado de empresas que han concurrido a la licitaci\u00f3n de obras p\u00fablicas.<\/li>\n<li>Nombre de las empresas que han realizado obras p\u00fablicas.<\/li>\n<li>Pol\u00edtica y programa municipales relativos al medioambiente, informes y seguimiento de los mismos.<\/li>\n<li>Situaci\u00f3n medioambiental del municipio (Relaci\u00f3n del ayuntamiento con los ciudadanos y la sociedad \/ Cat\u00e1logo de servicios y atenci\u00f3n ciudadana).<\/li>\n<li>Estudios de impacto ambiental, paisaj\u00edstico y evaluaciones del riesgo relativo a elementos medioambientales.<\/li>\n<li>Informaci\u00f3n sobre obras en ejecuci\u00f3n: objetivo, responsable municipal, contratista, importe, periodo de ejecuci\u00f3n).<\/li>\n<li>Informaci\u00f3n semestral sobre las obras de infraestructuras realizadas, aprobadas y pendientes de ejecuci\u00f3n.<\/li>\n<li>Inversi\u00f3n en infraestructuras por habitante.<\/li>\n<li>Proporci\u00f3n de ingresos del Urbanismo: Ingresos derivados del urbanismo\/Ingresos totales.<\/li>\n<li>Convenios urban\u00edsticos municipales, actuaciones urban\u00edsticas en ejecuci\u00f3n.<\/li>\n<\/ul>\n<p>Normativa urban\u00edstica (Normativa vigente en materia de gesti\u00f3n urban\u00edstica).<\/p>\n","protected":false},"excerpt":{"rendered":"<p>Seg\u00fan recoge la ley, los instrumentos de ordenaci\u00f3n territorial y de planeamiento urban\u00edstico municipal, ser\u00e1n objeto de publicaci\u00f3n, proporcionando la siguiente informaci\u00f3n: Estructura general de cada municipio Clasificaci\u00f3n y calificaci\u00f3n del suelo (Usos y destinos del suelo). Ordenaci\u00f3n prevista para el suelo, con el grado de detalle adecuado (Plan General de Ordenaci\u00f3n Urbana (PGOU), mapas [&hellip;]<\/p>\n","protected":false},"author":42,"featured_media":0,"parent":21972,"menu_order":0,"comment_status":"closed","ping_status":"closed","template":"","meta":{"_exactmetrics_skip_tracking":false,"_exactmetrics_sitenote_active":false,"_exactmetrics_sitenote_note":"","_exactmetrics_sitenote_category":0,"footnotes":""},"class_list":["post-21992","page","type-page","status-publish","hentry"],"_links":{"self":[{"href":"https:\/\/www.baztan.eus\/es\/wp-json\/wp\/v2\/pages\/21992","targetHints":{"allow":["GET"]}}],"collection":[{"href":"https:\/\/www.baztan.eus\/es\/wp-json\/wp\/v2\/pages"}],"about":[{"href":"https:\/\/www.baztan.eus\/es\/wp-json\/wp\/v2\/types\/page"}],"author":[{"embeddable":true,"href":"https:\/\/www.baztan.eus\/es\/wp-json\/wp\/v2\/users\/42"}],"replies":[{"embeddable":true,"href":"https:\/\/www.baztan.eus\/es\/wp-json\/wp\/v2\/comments?post=21992"}],"version-history":[{"count":2,"href":"https:\/\/www.baztan.eus\/es\/wp-json\/wp\/v2\/pages\/21992\/revisions"}],"predecessor-version":[{"id":22034,"href":"https:\/\/www.baztan.eus\/es\/wp-json\/wp\/v2\/pages\/21992\/revisions\/22034"}],"up":[{"embeddable":true,"href":"https:\/\/www.baztan.eus\/es\/wp-json\/wp\/v2\/pages\/21972"}],"wp:attachment":[{"href":"https:\/\/www.baztan.eus\/es\/wp-json\/wp\/v2\/media?parent=21992"}],"curies":[{"name":"wp","href":"https:\/\/api.w.org\/{rel}","templated":true}]}}