{"id":21994,"date":"2023-12-12T10:36:23","date_gmt":"2023-12-12T10:36:23","guid":{"rendered":"https:\/\/www.baztan.eus\/transparencia\/otros-contenidos-objeto-de-publicidad\/"},"modified":"2026-01-27T10:11:03","modified_gmt":"2026-01-27T10:11:03","slug":"otros-contenidos-objeto-de-publicidad","status":"publish","type":"page","link":"https:\/\/www.baztan.eus\/es\/transparencia\/otros-contenidos-objeto-de-publicidad\/","title":{"rendered":"Otros contenidos objeto de publicidad"},"content":{"rendered":"<p>&nbsp;<\/p>\n<p><strong>En esta secci\u00f3n encontrar\u00e1s informaci\u00f3n sobre la inversi\u00f3n publicitaria anual y las solicitudes de informaci\u00f3n p\u00fablica que m\u00e1s se repiten.<br \/>\n<\/strong><\/p>\n<ul>\n<li>Inversi\u00f3n Publicitaria.<\/li>\n<li>Anuncios Oficiales.<\/li>\n<li>Participaci\u00f3n Ciudadana.<\/li>\n<\/ul>\n<p><a href=\"https:\/\/gobiernoabierto.navarra.es\/es\/transparencia\/solicitud-informacion-publica\/que-es\/como-acceder\/formulario\" target=\"_blank\" rel=\"noopener\">Solicitud de informaci\u00f3n p\u00fablica.<\/a><\/p>\n<p>&nbsp;<\/p>\n<hr \/>\n<p style=\"text-align: center;\"><strong>SUBVENCIONES RECIBIDAS<\/strong><\/p>\n<hr \/>\n<p>&nbsp;<\/p>\n<hr \/>\n<p style=\"text-align: center;\">\u2714 ACTIVAS<\/p>\n<hr \/>\n<ul>\n<li>Convocatoria de la \u00ab<strong>Subvenci\u00f3n del Fondo de Residuos 2025. Flujo de dom\u00e9stico anual<\/strong>\u00ab. Mediante Resoluci\u00f3n 1588E_2025 del 19 de diciembre, de la Directora General de Medio Ambiente, se resuelve la convocatoria de la subvenci\u00f3n por la cual se aprueba la concesi\u00f3n de 30.818,98\u20ac al Ayuntamiento de Baztan. <a href=\"https:\/\/www.baztan.eus\/wp-content\/uploads\/2026\/01\/Resolucion-de-concesion_1588E-2025.pdf\" class=\"mtli_attachment mtli_pdf\">Resoluci\u00f3n de concesi\u00f3n_1588E-2025<\/a><\/li>\n<\/ul>\n<p>&nbsp;<\/p>\n<ul>\n<li><strong>Ayudas a entidades locales para la transici\u00f3n energ\u00e9tica<\/strong>. Redacci\u00f3n de borradores de estudios y pliegos de suministro el\u00e9ctrico del Ayuntamiento de Baztan. <a href=\"https:\/\/www.baztan.eus\/wp-content\/uploads\/2025\/10\/Resolucion-Concesion_45E-2025_CSV.pdf\" class=\"mtli_attachment mtli_pdf\">Resolucion Concesion<\/a><\/li>\n<\/ul>\n<p>&nbsp;<\/p>\n<ul>\n<li><strong>Subvenciones para la remodelaci\u00f3n de espacios para aulas Ikasnovas para el a\u00f1o 2025<\/strong> \u00a0<a href=\"https:\/\/www.baztan.eus\/wp-content\/uploads\/2025\/09\/02-_Resolucion_concesion_convocatoria_Ikasnovas_2024_-_Res_146E-2025-1.pdf\" class=\"mtli_attachment mtli_pdf\"> Resoluci\u00f3n concesi\u00f3n convocatoria Ikasnovas 2025<\/a><\/li>\n<\/ul>\n<p>&nbsp;<\/p>\n<ul>\n<li><strong>\u00abObras en la cubierta de la escuela infantil Baztan\u00bb.<\/strong> <a href=\"https:\/\/www.baztan.eus\/wp-content\/uploads\/2025\/08\/00_Texto_Convenio_-_Ayto_Baztan_2025_firmado.pdf\" class=\"mtli_attachment mtli_pdf\" target=\"_blank\" rel=\"noopener\">Subvenci\u00f3n concedida. Convenio<\/a><\/li>\n<\/ul>\n<p>&nbsp;<\/p>\n<ul>\n<li>Subvenci\u00f3n para la <strong>\u00abModernizaci\u00f3n de la Central hidroel\u00e9ctrica de Agozpe\u00bb<\/strong>.\u00a0 <a href=\"https:\/\/www.baztan.eus\/wp-content\/uploads\/2025\/08\/P2025-35_Resolucion_Concesion_y_Abono_Anticipado_246E-2.pdf\" class=\"mtli_attachment mtli_pdf\" target=\"_blank\" rel=\"noopener\">Resoluci\u00f3n 246E\/2025, de concesi\u00f3n y abono de la subvenci\u00f3n<\/a>\u00a0 \u00a0 <a href=\"https:\/\/www.baztan.eus\/wp-content\/uploads\/2025\/08\/P2025-35_Ayto_Baztan_Resolucion_aprobacion_BBRR_y_Autorizacion_del_gasto_201E-2025.pdf\" class=\"mtli_attachment mtli_pdf\" target=\"_blank\" rel=\"noopener\">Resoluci\u00f3n 201E\/2025. Aprobaci\u00f3n bases reguladoras<\/a><\/li>\n<\/ul>\n<p>&nbsp;<\/p>\n<ul>\n<li>RESOLUCI\u00d3N 229\/2024, 09 de diciembre de 2024, de la Directora General de Medio Ambiente. \u00a0<strong>Convocatoria para la campa\u00f1a forestal 2024-2025 de las<\/strong> <strong>ayudas a trabajos forestales promovidos por entidades locales<\/strong> y agentes privados, publicada en el BON N\u00ba 154 de 30 de julio de 2024. <a href=\"https:\/\/www.baztan.eus\/wp-content\/uploads\/2025\/05\/Resol.229.24-autoriz.amb_.y-concesion-Mendi-lanak-24-25.pdf\" class=\"mtli_attachment mtli_pdf\">Subvenci\u00f3n concedida.<\/a><\/li>\n<\/ul>\n<p>&nbsp;<\/p>\n<ul>\n<li>Plan de Infraestructuras Locales 2023-2025. Obras de <strong>\u00abPavimentaci\u00f3n y renovaci\u00f3n de redes en la traves\u00eda Karrika Nagusia de Almandoz, T.M.de Baztan\u201d. <\/strong><a href=\"https:\/\/www.baztan.eus\/wp-content\/uploads\/2025\/05\/Almandoz-travesia.pdf\" class=\"mtli_attachment mtli_pdf\">Subvenci\u00f3n concedida. <\/a><a href=\"https:\/\/www.baztan.eus\/wp-content\/uploads\/2025\/05\/Almandoz.-Hitzarmena.pdf\" class=\"mtli_attachment mtli_pdf\">Convenio.<\/a><\/li>\n<\/ul>\n<p>&nbsp;<\/p>\n<ul>\n<li><a href=\"https:\/\/www.baztan.eus\/wp-content\/uploads\/2023\/09\/Subv.Nominativa-obras-Residencia-1.F.MDS-Ag2030.pdf\" class=\"mtli_attachment mtli_pdf\">Ministerio de Derechos Sociales y Agenda 2030. Reforma, mejora y adecuaci\u00f3n de la residencia de ancianos Fco. Joaquin Iriarte de Elizondo<\/a><\/li>\n<\/ul>\n<p>&nbsp;<\/p>\n<ul>\n<li><span id=\"translation_box\" class=\"form-control-text textarea\" role=\"textbox\"><strong>Resoluci\u00f3n de 11 de julio de 2024, de la Secretar\u00eda de Estado para la Igualdad y contra la Violencia de G\u00e9nero, sobre transferencias a entidades locales para el desarrollo de nuevas o ampliadas competencias reservadas para el ejercicio 2024 en el Pacto de Estado contra la Violencia de G\u00e9nero.<\/strong> Los programas financiados con cargo a estos fondos abarcar\u00e1n el periodo de ejecuci\u00f3n comprendido entre el 1 de julio de 2024 y el 30 de junio de 2025. Se concede al Ayuntamiento de Baztan la cantidad de 4.594,15 \u20ac. <\/span><\/li>\n<\/ul>\n<p>&nbsp;<\/p>\n<ul>\n<li>Convocatoria de la \u00ab<strong>Subvenci\u00f3n del Fondo de Residuos 2024. Flujo de dom\u00e9stico plurianual<\/strong>\u00ab. Mediante Resoluci\u00f3n 1279E_2024 del 11 de diciembre, del Director General de Medio Ambiente, se resuelve la convocatoria de la subvenci\u00f3n por la cual se aprueba la concesi\u00f3n de 200.000\u20ac al Ayuntamiento de Baztan. <a href=\"https:\/\/www.baztan.eus\/wp-content\/uploads\/2025\/01\/Resolucion_01_1279E-2024.pdf\" class=\"mtli_attachment mtli_pdf\">Resoluci\u00f3n_01_1279E-2024<\/a><\/li>\n<\/ul>\n<p>&nbsp;<\/p>\n<ul>\n<li>RESOLUCI\u00d3N 239E\/2024, de 23 de octubre, del Director General de Agricultura y Ganader\u00eda, por la que se resuelve la convocatoria de la subvenci\u00f3n <strong>\u00abAyudas a la creaci\u00f3n y mejora de infraestructuras locales ganaderas 2024\u00bb<\/strong> <a href=\"https:\/\/www.baztan.eus\/wp-content\/uploads\/2025\/03\/CONCESION-SUBVENCION.pdf\" class=\"mtli_attachment mtli_pdf\">CONCESI\u00d3N SUBVENCI\u00d3N<\/a><\/li>\n<\/ul>\n<p>&nbsp;<\/p>\n<ul>\n<li>Convocatoria de la \u00ab<strong>Subvenci\u00f3n del Fondo de Residuos 2024. Flujo de dom\u00e9stico anual<\/strong>\u00ab. Mediante Resoluci\u00f3n 1090E_2024 del 14 de octubre, del Director General de Medio Ambiente, se resuelve la convocatoria de la subvenci\u00f3n por la cual se aprueba la concesi\u00f3n de 31.435,11\u20ac al Ayuntamiento de Baztan. <a href=\"https:\/\/www.baztan.eus\/wp-content\/uploads\/2025\/01\/Resolucion_concesion_1090E-2024.pdf\" class=\"mtli_attachment mtli_pdf\">Resolucion_concesion_1090E-2024<\/a><\/li>\n<\/ul>\n<p>&nbsp;<\/p>\n<ul>\n<li>Convocatoria de la \u00ab<strong>Subvenci\u00f3n del Fondo de Residuos 2023. Flujo de dom\u00e9stico plurianual<\/strong>\u00ab. Mediante Resoluci\u00f3n 934E_2023 del 26 de octubre, del Director General de Medio Ambiente, se resuelve la convocatoria de la subvenci\u00f3n por la cual se aprueba la concesi\u00f3n de 74.828,30\u20ac al Ayuntamiento de Baztan. <a href=\"https:\/\/www.baztan.eus\/wp-content\/uploads\/2025\/01\/Resolucion_01_934E-2023_CSV_sello.pdf\" class=\"mtli_attachment mtli_pdf\">Resoluci\u00f3n_01_934E-2023_CSV_sello<\/a><\/li>\n<\/ul>\n<p>&nbsp;<\/p>\n<ul>\n<li>Plan especial de actuaci\u00f3n urbana de los cascos hist\u00f3ricos de Baztan. <a href=\"https:\/\/www.baztan.eus\/wp-content\/uploads\/2021\/10\/PEAU-CASCOS-HISTORICOS_.pdf\" class=\"mtli_attachment mtli_pdf\">PEAU<\/a><\/li>\n<\/ul>\n<p>&nbsp;<\/p>\n<hr \/>\n<p style=\"text-align: center;\">ANTERIORES<\/p>\n<hr \/>\n<p style=\"text-align: center;\"><a href=\"https:\/\/www.baztan.eus\/es\/transparencia\/otros-contenidos-objeto-de-publicidad\/subvenciones-antiguas\/\">ENTRAR<\/a><\/p>\n","protected":false},"excerpt":{"rendered":"<p>&nbsp; En esta secci\u00f3n encontrar\u00e1s informaci\u00f3n sobre la inversi\u00f3n publicitaria anual y las solicitudes de informaci\u00f3n p\u00fablica que m\u00e1s se repiten. Inversi\u00f3n Publicitaria. Anuncios Oficiales. Participaci\u00f3n Ciudadana. Solicitud de informaci\u00f3n p\u00fablica. &nbsp; SUBVENCIONES RECIBIDAS &nbsp; \u2714 ACTIVAS Convocatoria de la \u00abSubvenci\u00f3n del Fondo de Residuos 2025. Flujo de dom\u00e9stico anual\u00ab. Mediante Resoluci\u00f3n 1588E_2025 del 19 [&hellip;]<\/p>\n","protected":false},"author":42,"featured_media":0,"parent":21972,"menu_order":0,"comment_status":"closed","ping_status":"closed","template":"","meta":{"_exactmetrics_skip_tracking":false,"_exactmetrics_sitenote_active":false,"_exactmetrics_sitenote_note":"","_exactmetrics_sitenote_category":0,"footnotes":""},"class_list":["post-21994","page","type-page","status-publish","hentry"],"_links":{"self":[{"href":"https:\/\/www.baztan.eus\/es\/wp-json\/wp\/v2\/pages\/21994","targetHints":{"allow":["GET"]}}],"collection":[{"href":"https:\/\/www.baztan.eus\/es\/wp-json\/wp\/v2\/pages"}],"about":[{"href":"https:\/\/www.baztan.eus\/es\/wp-json\/wp\/v2\/types\/page"}],"author":[{"embeddable":true,"href":"https:\/\/www.baztan.eus\/es\/wp-json\/wp\/v2\/users\/42"}],"replies":[{"embeddable":true,"href":"https:\/\/www.baztan.eus\/es\/wp-json\/wp\/v2\/comments?post=21994"}],"version-history":[{"count":52,"href":"https:\/\/www.baztan.eus\/es\/wp-json\/wp\/v2\/pages\/21994\/revisions"}],"predecessor-version":[{"id":26245,"href":"https:\/\/www.baztan.eus\/es\/wp-json\/wp\/v2\/pages\/21994\/revisions\/26245"}],"up":[{"embeddable":true,"href":"https:\/\/www.baztan.eus\/es\/wp-json\/wp\/v2\/pages\/21972"}],"wp:attachment":[{"href":"https:\/\/www.baztan.eus\/es\/wp-json\/wp\/v2\/media?parent=21994"}],"curies":[{"name":"wp","href":"https:\/\/api.w.org\/{rel}","templated":true}]}}