{"id":23833,"date":"2025-01-29T08:44:09","date_gmt":"2025-01-29T08:44:09","guid":{"rendered":"https:\/\/www.baztan.eus\/?page_id=23833"},"modified":"2026-01-26T12:54:40","modified_gmt":"2026-01-26T12:54:40","slug":"2025-2","status":"publish","type":"page","link":"https:\/\/www.baztan.eus\/es\/ayuntamiento\/actas-municipales\/2025-2\/","title":{"rendered":"2025"},"content":{"rendered":"<p>PLENO<\/p>\n<ul>\n<li style=\"list-style-type: none;\">\n<ul>\n<li><a href=\"https:\/\/www.baztan.eus\/wp-content\/uploads\/2025\/02\/Osoko-Bilkura-2025-01-23.pdf\" class=\"mtli_attachment mtli_pdf\">Sesi\u00f3n plenaria ordinaria 23-01-2025<\/a><\/li>\n<li><a href=\"https:\/\/www.baztan.eus\/wp-content\/uploads\/2025\/03\/Ohiko-Osoko-Bilkura-2025-02-27.pdf\" class=\"mtli_attachment mtli_pdf\">Sesi\u00f3n plenaria ordinaria 27-02-2025<\/a><\/li>\n<li><a href=\"https:\/\/www.baztan.eus\/wp-content\/uploads\/2025\/04\/2025-03-27ko_Osoko_Bilkurako_akta_-_SEFYCU_166827.pdf\" class=\"mtli_attachment mtli_pdf\">Sesi\u00f3n plenaria ordinaria 27-03-2025<\/a><\/li>\n<li><a href=\"https:\/\/www.baztan.eus\/wp-content\/uploads\/2025\/05\/2025-04-24ko_Osoko_Bilkurako_akta_-_SEFYCU_176250.pdf\" class=\"mtli_attachment mtli_pdf\">Sesi\u00f3n plenaria ordinaria 24-04-2025<\/a><\/li>\n<li><a href=\"https:\/\/www.baztan.eus\/wp-content\/uploads\/2025\/06\/2025-05-22ko_Osoko_Bilkurako_akta_-_SEFYCU_189310.pdf\" class=\"mtli_attachment mtli_pdf\">Sesi\u00f3n plenaria ordinaria 22-05-2025<\/a><\/li>\n<li><a href=\"https:\/\/www.baztan.eus\/wp-content\/uploads\/2025\/09\/2025-06-26ko_Osoko_Bilkurako_akta_-_SEFYCU_213599.pdf\" class=\"mtli_attachment mtli_pdf\">Sesi\u00f3n plenaria ordinaria 26-06-2025<\/a><\/li>\n<li><a href=\"https:\/\/www.baztan.eus\/wp-content\/uploads\/2025\/09\/2025-07-22ko_ezohiko_Osoko_Bilkurako_akta_-_SEFYCU_213650-1.pdf\" class=\"mtli_attachment mtli_pdf\">Sesi\u00f3n plenaria extraordinaria 22-07-2025<\/a><\/li>\n<li><a href=\"https:\/\/www.baztan.eus\/wp-content\/uploads\/2025\/09\/EZOHIKO-OSOKO-BILKURA.pdf\" class=\"mtli_attachment mtli_pdf\">Sesi\u00f3n plenaria extraordinaria 01-09-2025<\/a><\/li>\n<li><a href=\"https:\/\/www.baztan.eus\/wp-content\/uploads\/2025\/10\/2025-09-25eko_Osoko_Bilkurako_akta_-_SEFYCU_231503.pdf\" class=\"mtli_attachment mtli_pdf\">Sesi\u00f3n plenaria ordinaria 25-09-2025<\/a><\/li>\n<li><a href=\"https:\/\/www.baztan.eus\/wp-content\/uploads\/2025\/11\/2025-10-23ko_Osoko_Bilkurako_akta_-_SEFYCU_238465.pdf\" class=\"mtli_attachment mtli_pdf\">Sesi\u00f3n plenaria ordinaria 23-10-2025<\/a><\/li>\n<li><a href=\"https:\/\/www.baztan.eus\/wp-content\/uploads\/2025\/12\/2025_11_27ko-Osoko-Bilkurako-akta-SEFYCU-254767.pdf\" class=\"mtli_attachment mtli_pdf\">Sesi\u00f3n plenaria ordinaria 27-11-2025<\/a><\/li>\n<li><a href=\"https:\/\/www.baztan.eus\/wp-content\/uploads\/2026\/01\/2025_12_18ko-Osoko-Bilkurako-akta-SEFYCU-257895.pdf\" class=\"mtli_attachment mtli_pdf\">Sesi\u00f3n plenaria extraordinaria 18-12-2025<\/a><\/li>\n<\/ul>\n<\/li>\n<\/ul>\n<p>JUNTA GENERAL<\/p>\n<ul>\n<li><a href=\"https:\/\/www.baztan.eus\/wp-content\/uploads\/2025\/01\/2025-01-02ko_Batzar_Nagusiko_akta_-_SEFYCU_136363.pdf\" class=\"mtli_attachment mtli_pdf\">Junta General 02-01-2025<\/a><\/li>\n<li><a href=\"https:\/\/www.baztan.eus\/wp-content\/uploads\/2025\/05\/2025-04-01eko_Batzar_Nagusiko_akta_-_SEFYCU_172634.pdf\" class=\"mtli_attachment mtli_pdf\">Junta General 01-04-2025<\/a><\/li>\n<li><a href=\"https:\/\/www.baztan.eus\/wp-content\/uploads\/2025\/10\/2025-07-01eko_Batzar_Nagusiko_akta_-_SEFYCU_222668.pdf\" class=\"mtli_attachment mtli_pdf\">Junta General 01-07-2025<\/a><\/li>\n<li><a href=\"https:\/\/www.baztan.eus\/wp-content\/uploads\/2025\/10\/2025-10-01eko-Batzar-Nagusiko-akta-SEFYCU_236287.pdf\" class=\"mtli_attachment mtli_pdf\">Junta General 01-10-2025<\/a><\/li>\n<\/ul>\n","protected":false},"excerpt":{"rendered":"<p>PLENO Sesi\u00f3n plenaria ordinaria 23-01-2025 Sesi\u00f3n plenaria ordinaria 27-02-2025 Sesi\u00f3n plenaria ordinaria 27-03-2025 Sesi\u00f3n plenaria ordinaria 24-04-2025 Sesi\u00f3n plenaria ordinaria 22-05-2025 Sesi\u00f3n plenaria ordinaria 26-06-2025 Sesi\u00f3n plenaria extraordinaria 22-07-2025 Sesi\u00f3n plenaria extraordinaria 01-09-2025 Sesi\u00f3n plenaria ordinaria 25-09-2025 Sesi\u00f3n plenaria ordinaria 23-10-2025 Sesi\u00f3n plenaria ordinaria 27-11-2025 Sesi\u00f3n plenaria extraordinaria 18-12-2025 JUNTA GENERAL Junta General 02-01-2025 Junta [&hellip;]<\/p>\n","protected":false},"author":53,"featured_media":0,"parent":13250,"menu_order":0,"comment_status":"closed","ping_status":"closed","template":"","meta":{"_exactmetrics_skip_tracking":false,"_exactmetrics_sitenote_active":false,"_exactmetrics_sitenote_note":"","_exactmetrics_sitenote_category":0,"footnotes":""},"class_list":["post-23833","page","type-page","status-publish","hentry"],"_links":{"self":[{"href":"https:\/\/www.baztan.eus\/es\/wp-json\/wp\/v2\/pages\/23833","targetHints":{"allow":["GET"]}}],"collection":[{"href":"https:\/\/www.baztan.eus\/es\/wp-json\/wp\/v2\/pages"}],"about":[{"href":"https:\/\/www.baztan.eus\/es\/wp-json\/wp\/v2\/types\/page"}],"author":[{"embeddable":true,"href":"https:\/\/www.baztan.eus\/es\/wp-json\/wp\/v2\/users\/53"}],"replies":[{"embeddable":true,"href":"https:\/\/www.baztan.eus\/es\/wp-json\/wp\/v2\/comments?post=23833"}],"version-history":[{"count":29,"href":"https:\/\/www.baztan.eus\/es\/wp-json\/wp\/v2\/pages\/23833\/revisions"}],"predecessor-version":[{"id":26230,"href":"https:\/\/www.baztan.eus\/es\/wp-json\/wp\/v2\/pages\/23833\/revisions\/26230"}],"up":[{"embeddable":true,"href":"https:\/\/www.baztan.eus\/es\/wp-json\/wp\/v2\/pages\/13250"}],"wp:attachment":[{"href":"https:\/\/www.baztan.eus\/es\/wp-json\/wp\/v2\/media?parent=23833"}],"curies":[{"name":"wp","href":"https:\/\/api.w.org\/{rel}","templated":true}]}}